{"id":919,"date":"2017-03-21T16:09:59","date_gmt":"2017-03-21T15:09:59","guid":{"rendered":"http:\/\/arcidiocesicampobasso.it\/?page_id=919"},"modified":"2024-12-04T10:37:40","modified_gmt":"2024-12-04T09:37:40","slug":"biografia","status":"publish","type":"page","link":"https:\/\/arcidiocesicampobasso.it\/index.php\/biografia\/","title":{"rendered":"Arcivescovo Metropolita"},"content":{"rendered":"\t\t<div data-elementor-type=\"wp-page\" data-elementor-id=\"919\" class=\"elementor elementor-919\" data-elementor-post-type=\"page\">\n\t\t\t\t<div class=\"elementor-element elementor-element-714267d e-flex e-con-boxed e-con e-parent\" data-id=\"714267d\" data-element_type=\"container\" data-e-type=\"container\" data-settings=\"{&quot;background_background&quot;:&quot;classic&quot;}\">\n\t\t\t\t\t<div class=\"e-con-inner\">\n\t\t<div class=\"elementor-element elementor-element-f527d7d e-con-full e-flex e-con e-child\" data-id=\"f527d7d\" data-element_type=\"container\" data-e-type=\"container\">\n\t\t\t\t<div class=\"elementor-element elementor-element-b80a907 elementor-widget elementor-widget-heading\" data-id=\"b80a907\" data-element_type=\"widget\" data-e-type=\"widget\" data-widget_type=\"heading.default\">\n\t\t\t\t<div class=\"elementor-widget-container\">\n\t\t\t\t\t<h1 class=\"elementor-heading-title elementor-size-default\">ARCIVESCOVO METROPOLITA<\/h1>\t\t\t\t<\/div>\n\t\t\t\t<\/div>\n\t\t\t\t<\/div>\n\t\t<div class=\"elementor-element elementor-element-861b999 e-con-full e-flex e-con e-child\" data-id=\"861b999\" data-element_type=\"container\" data-e-type=\"container\">\n\t\t\t\t<\/div>\n\t\t\t\t\t<\/div>\n\t\t\t\t<\/div>\n\t\t\t\t<section class=\"elementor-section elementor-top-section elementor-element elementor-element-b2ebe19 elementor-section-boxed elementor-section-height-default elementor-section-height-default\" data-id=\"b2ebe19\" data-element_type=\"section\" data-e-type=\"section\">\n\t\t\t\t\t\t<div class=\"elementor-container elementor-column-gap-default\">\n\t\t\t\t\t<div class=\"elementor-column elementor-col-50 elementor-top-column elementor-element elementor-element-e8e465b\" data-id=\"e8e465b\" data-element_type=\"column\" data-e-type=\"column\">\n\t\t\t<div class=\"elementor-widget-wrap elementor-element-populated\">\n\t\t\t\t\t\t<div class=\"elementor-element elementor-element-2cc07dc elementor-widget elementor-widget-image\" data-id=\"2cc07dc\" data-element_type=\"widget\" data-e-type=\"widget\" data-widget_type=\"image.default\">\n\t\t\t\t<div class=\"elementor-widget-container\">\n\t\t\t\t\t\t\t\t\t\t\t\t\t\t\t<img fetchpriority=\"high\" decoding=\"async\" width=\"569\" height=\"1012\" src=\"https:\/\/arcidiocesicampobasso.it\/wp-content\/uploads\/2024\/11\/FOTO-COLAIANNI-569x1012.jpg\" class=\"attachment-large size-large wp-image-10790\" alt=\"\" srcset=\"https:\/\/arcidiocesicampobasso.it\/wp-content\/uploads\/2024\/11\/FOTO-COLAIANNI-569x1012.jpg 569w, https:\/\/arcidiocesicampobasso.it\/wp-content\/uploads\/2024\/11\/FOTO-COLAIANNI-169x300.jpg 169w, https:\/\/arcidiocesicampobasso.it\/wp-content\/uploads\/2024\/11\/FOTO-COLAIANNI.jpg 720w\" sizes=\"(max-width: 569px) 100vw, 569px\" \/>\t\t\t\t\t\t\t\t\t\t\t\t\t\t\t<\/div>\n\t\t\t\t<\/div>\n\t\t\t\t\t<\/div>\n\t\t<\/div>\n\t\t\t\t<div class=\"elementor-column elementor-col-50 elementor-top-column elementor-element elementor-element-e8aaec4\" data-id=\"e8aaec4\" data-element_type=\"column\" data-e-type=\"column\">\n\t\t\t<div class=\"elementor-widget-wrap elementor-element-populated\">\n\t\t\t\t\t\t<div class=\"elementor-element elementor-element-811c583 elementor-widget elementor-widget-image\" data-id=\"811c583\" data-element_type=\"widget\" data-e-type=\"widget\" data-widget_type=\"image.default\">\n\t\t\t\t<div class=\"elementor-widget-container\">\n\t\t\t\t\t\t\t\t\t\t\t\t\t\t\t<img decoding=\"async\" width=\"500\" height=\"550\" src=\"https:\/\/arcidiocesicampobasso.it\/wp-content\/uploads\/2024\/05\/Stemma-episcopale-di-Mons-Biagio-Colaianni_240508_092151.png\" class=\"attachment-large size-large wp-image-9827\" alt=\"\" srcset=\"https:\/\/arcidiocesicampobasso.it\/wp-content\/uploads\/2024\/05\/Stemma-episcopale-di-Mons-Biagio-Colaianni_240508_092151.png 500w, https:\/\/arcidiocesicampobasso.it\/wp-content\/uploads\/2024\/05\/Stemma-episcopale-di-Mons-Biagio-Colaianni_240508_092151-273x300.png 273w, https:\/\/arcidiocesicampobasso.it\/wp-content\/uploads\/2024\/05\/Stemma-episcopale-di-Mons-Biagio-Colaianni_240508_092151-105x116.png 105w\" sizes=\"(max-width: 500px) 100vw, 500px\" \/>\t\t\t\t\t\t\t\t\t\t\t\t\t\t\t<\/div>\n\t\t\t\t<\/div>\n\t\t\t\t\t<\/div>\n\t\t<\/div>\n\t\t\t\t\t<\/div>\n\t\t<\/section>\n\t\t\t\t<section class=\"elementor-section elementor-top-section elementor-element elementor-element-55d8545b elementor-section-boxed elementor-section-height-default elementor-section-height-default\" data-id=\"55d8545b\" data-element_type=\"section\" data-e-type=\"section\">\n\t\t\t\t\t\t<div class=\"elementor-container elementor-column-gap-default\">\n\t\t\t\t\t<div class=\"elementor-column elementor-col-100 elementor-top-column elementor-element elementor-element-1ffdefd3\" data-id=\"1ffdefd3\" data-element_type=\"column\" data-e-type=\"column\">\n\t\t\t<div class=\"elementor-widget-wrap elementor-element-populated\">\n\t\t\t\t\t\t<div class=\"elementor-element elementor-element-5a067350 elementor-widget elementor-widget-text-editor\" data-id=\"5a067350\" data-element_type=\"widget\" data-e-type=\"widget\" data-widget_type=\"text-editor.default\">\n\t\t\t\t<div class=\"elementor-widget-container\">\n\t\t\t\t\t\t\t\t\t<div><h3><strong>Stemma e motto dell\u2019Arcivescovo di Campobasso-Bojano<\/strong><\/h3><p>\u00c8 tratta da una lettera dell\u2019apostolo Paolo, la frase scelta da <strong>Mons. Biagio Colaianni<\/strong>, Arcivescovo metropolita della Diocesi di Campobasso Bojano, sintesi del suo ministero pastorale.<\/p><h3><strong><em>\u201cGrazia Dei in me vacua non fuit\u201d<\/em><\/strong><\/h3><p>\u00ab<em>Per grazia di Dio, per\u00f2, sono quello che sono, e <strong>la sua grazia in me non \u00e8 stata vana<\/strong>. Anzi, ho faticato pi\u00f9 di tutti loro, non io per\u00f2, ma la grazia di Dio che \u00e8 in me<\/em>\u00bb<\/p><p>Lo stemma araldico, che sintetizza la storia, i valori spirituali ed il programma dell\u2019Arcivescovo, presenta al centro uno\u00a0<strong>scudo di tipo sannitico<\/strong> diviso in tre porzioni. In quella superiore, di colore azzurro, le <strong>tre stelle di argento<\/strong> richiamano la devozione mariana: dalla Madonna della Bruna di Matera, alla Madonna della Libera di Campobasso, alla Madonna di Lourdes cui don Biagio \u00e8 legato da profonda devozione. Di qui la scelta del giorno della sua consacrazione episcopale, il 10 febbraio, vigilia della festa mariana di Nostra Signora di Lourdes.<\/p><p>La seconda porzione, di colore rosso, presenta due simboli: un <strong>pettine da cardatore di lana<\/strong>, strumento del martirio di San Biagio, ed una <strong>conchiglia d\u2019oro<\/strong>, attributo iconografico per Giovanni Battista ma anche dei pellegrini alla tomba dell\u2019apostolo Giacomo. I riferimenti sono al nome di Mons. Colaianni e a quelli delle parrocchie lucane dove ha svolto il suo ministero sacerdotale.<\/p><p>Nella terza porzione, di colore verde, compaiono altri due simboli: &#8211; <strong>tre spighe d\u2019oro<\/strong>, richiamo alle spighe di grano dello stemma di Matera e al suo Patrono Sant\u2019Eustachio che nella etimologia greca \u00e8 \u201ccolui che produce buone spighe\u201d; &#8211; una <strong>torre dorata<\/strong>, elemento caratterizzante lo stemma araldico della citt\u00e0 di Campobasso.<\/p><\/div>\t\t\t\t\t\t\t\t<\/div>\n\t\t\t\t<\/div>\n\t\t\t\t\t<\/div>\n\t\t<\/div>\n\t\t\t\t\t<\/div>\n\t\t<\/section>\n\t\t\t\t<\/div>\n\t\t","protected":false},"excerpt":{"rendered":"<p>ARCIVESCOVO METROPOLITA Stemma e motto dell\u2019Arcivescovo di Campobasso-Bojano \u00c8 tratta da una lettera dell\u2019apostolo Paolo, la frase scelta da Mons. Biagio Colaianni, Arcivescovo metropolita della Diocesi di Campobasso Bojano, sintesi [&hellip;]<\/p>\n","protected":false},"author":1,"featured_media":0,"parent":0,"menu_order":0,"comment_status":"closed","ping_status":"closed","template":"elementor_header_footer","meta":{"ngg_post_thumbnail":0,"footnotes":""},"class_list":["post-919","page","type-page","status-publish","hentry"],"_links":{"self":[{"href":"https:\/\/arcidiocesicampobasso.it\/index.php\/wp-json\/wp\/v2\/pages\/919","targetHints":{"allow":["GET"]}}],"collection":[{"href":"https:\/\/arcidiocesicampobasso.it\/index.php\/wp-json\/wp\/v2\/pages"}],"about":[{"href":"https:\/\/arcidiocesicampobasso.it\/index.php\/wp-json\/wp\/v2\/types\/page"}],"author":[{"embeddable":true,"href":"https:\/\/arcidiocesicampobasso.it\/index.php\/wp-json\/wp\/v2\/users\/1"}],"replies":[{"embeddable":true,"href":"https:\/\/arcidiocesicampobasso.it\/index.php\/wp-json\/wp\/v2\/comments?post=919"}],"version-history":[{"count":37,"href":"https:\/\/arcidiocesicampobasso.it\/index.php\/wp-json\/wp\/v2\/pages\/919\/revisions"}],"predecessor-version":[{"id":12645,"href":"https:\/\/arcidiocesicampobasso.it\/index.php\/wp-json\/wp\/v2\/pages\/919\/revisions\/12645"}],"wp:attachment":[{"href":"https:\/\/arcidiocesicampobasso.it\/index.php\/wp-json\/wp\/v2\/media?parent=919"}],"curies":[{"name":"wp","href":"https:\/\/api.w.org\/{rel}","templated":true}]}}