{"id":13955,"date":"2024-12-20T15:20:32","date_gmt":"2024-12-20T14:20:32","guid":{"rendered":"https:\/\/arcidiocesicampobasso.it\/?page_id=13955"},"modified":"2025-01-02T16:42:55","modified_gmt":"2025-01-02T15:42:55","slug":"economato-2","status":"publish","type":"page","link":"https:\/\/arcidiocesicampobasso.it\/index.php\/economato-2\/","title":{"rendered":"ECONOMATO"},"content":{"rendered":"\t\t<div data-elementor-type=\"wp-page\" data-elementor-id=\"13955\" class=\"elementor elementor-13955\" data-elementor-post-type=\"page\">\n\t\t\t\t<div class=\"elementor-element elementor-element-29d5b18 e-flex e-con-boxed e-con e-parent\" data-id=\"29d5b18\" data-element_type=\"container\" data-e-type=\"container\" data-settings=\"{&quot;background_background&quot;:&quot;classic&quot;}\">\n\t\t\t\t\t<div class=\"e-con-inner\">\n\t\t<div class=\"elementor-element elementor-element-f651c2c e-con-full e-flex e-con e-child\" data-id=\"f651c2c\" data-element_type=\"container\" data-e-type=\"container\">\n\t\t\t\t<div class=\"elementor-element elementor-element-baa868c elementor-widget elementor-widget-heading\" data-id=\"baa868c\" data-element_type=\"widget\" data-e-type=\"widget\" data-widget_type=\"heading.default\">\n\t\t\t\t<div class=\"elementor-widget-container\">\n\t\t\t\t\t<h1 class=\"elementor-heading-title elementor-size-default\">ECONOMATO<\/h1>\t\t\t\t<\/div>\n\t\t\t\t<\/div>\n\t\t\t\t<\/div>\n\t\t<div class=\"elementor-element elementor-element-01c3a09 e-con-full e-flex e-con e-child\" data-id=\"01c3a09\" data-element_type=\"container\" data-e-type=\"container\">\n\t\t\t\t<\/div>\n\t\t\t\t\t<\/div>\n\t\t\t\t<\/div>\n\t\t<div class=\"elementor-element elementor-element-4e3a86e e-flex e-con-boxed e-con e-parent\" data-id=\"4e3a86e\" data-element_type=\"container\" data-e-type=\"container\">\n\t\t\t\t\t<div class=\"e-con-inner\">\n\t\t<div class=\"elementor-element elementor-element-d0fded1 e-con-full e-flex e-con e-child\" data-id=\"d0fded1\" data-element_type=\"container\" data-e-type=\"container\">\n\t\t\t\t<div class=\"elementor-element elementor-element-a4155a1 elementor-widget elementor-widget-text-editor\" data-id=\"a4155a1\" data-element_type=\"widget\" data-e-type=\"widget\" data-widget_type=\"text-editor.default\">\n\t\t\t\t<div class=\"elementor-widget-container\">\n\t\t\t\t\t\t\t\t\t<h5><strong>L&#8217;Ufficio Economato dell&#8217;Arcidiocesi di Campobasso &#8211; Bojano. G<\/strong><strong>estione e trasparenza delle Risorse Ecclesiali.<\/strong><\/h5><h5>L&#8217;Ufficio Economato dell&#8217;Arcidiocesi di Campobasso &#8211; Bojano \u00e8 un organo fondamentale per la gestione delle risorse economiche dell&#8217;Arcidiocesi. Il suo compito principale \u00e8 quello di amministrare e controllare i beni, le risorse e le entrate che provengono dalle diverse attivit\u00e0 pastorali e dalle parrocchie che fanno parte dell&#8217;Arcidiocesi. Si occupa quindi di gestire le finanze in modo trasparente e responsabile, per garantire che tutte le risorse siano utilizzate in modo efficiente e in linea con gli obiettivi ecclesiali.<\/h5><h5>Le principali attivit\u00e0 dell&#8217;Ufficio Economato includono la pianificazione e il monitoraggio del bilancio, la gestione delle donazioni, la cura della contabilit\u00e0 e la supervisione degli acquisti e delle spese. Inoltre, l&#8217;Ufficio Economato fornisce consulenza economica alle parrocchie e agli altri enti ecclesiali, aiutandoli a gestire le loro finanze in modo sano e sostenibile.<\/h5><h5>Un aspetto importante del lavoro dell&#8217;Ufficio Economato \u00e8 anche quello della rendicontazione e della trasparenza. L&#8217;Arcidiocesi si impegna, infatti, a fare in modo che i fedeli e la comunit\u00e0 possano avere accesso alle informazioni relative all&#8217;uso delle risorse economiche, promuovendo cos\u00ec la fiducia e la partecipazione di tutti. In questo senso, l&#8217;Ufficio Economato ha il compito di garantire che le decisioni economiche siano sempre in linea con i valori cristiani e con la missione della Chiesa.<\/h5><h5>In sintesi, l&#8217;Ufficio Economato dell&#8217;Arcidiocesi di Campobasso &#8211; Bojano svolge un ruolo cruciale nell&#8217;assicurare una gestione oculata delle risorse economiche, contribuendo a sostenere le attivit\u00e0 pastorali e a garantire una testimonianza di trasparenza e responsabilit\u00e0 verso la comunit\u00e0.<\/h5>\t\t\t\t\t\t\t\t<\/div>\n\t\t\t\t<\/div>\n\t\t\t\t<div class=\"elementor-element elementor-element-d4deeee elementor-widget-divider--view-line elementor-widget elementor-widget-divider\" data-id=\"d4deeee\" data-element_type=\"widget\" data-e-type=\"widget\" data-widget_type=\"divider.default\">\n\t\t\t\t<div class=\"elementor-widget-container\">\n\t\t\t\t\t\t\t<div class=\"elementor-divider\">\n\t\t\t<span class=\"elementor-divider-separator\">\n\t\t\t\t\t\t<\/span>\n\t\t<\/div>\n\t\t\t\t\t\t<\/div>\n\t\t\t\t<\/div>\n\t\t\t\t<div class=\"elementor-element elementor-element-fbaf54b elementor-widget elementor-widget-heading\" data-id=\"fbaf54b\" data-element_type=\"widget\" data-e-type=\"widget\" data-widget_type=\"heading.default\">\n\t\t\t\t<div class=\"elementor-widget-container\">\n\t\t\t\t\t<h2 class=\"elementor-heading-title elementor-size-default\">Membri<\/h2>\t\t\t\t<\/div>\n\t\t\t\t<\/div>\n\t\t\t\t<div class=\"elementor-element elementor-element-556a48f elementor-grid-1 elementor-posts--thumbnail-none elementor-grid-tablet-2 elementor-grid-mobile-1 elementor-card-shadow-yes elementor-posts__hover-gradient elementor-widget elementor-widget-posts\" data-id=\"556a48f\" data-element_type=\"widget\" data-e-type=\"widget\" data-settings=\"{&quot;cards_columns&quot;:&quot;1&quot;,&quot;cards_columns_tablet&quot;:&quot;2&quot;,&quot;cards_columns_mobile&quot;:&quot;1&quot;,&quot;cards_row_gap&quot;:{&quot;unit&quot;:&quot;px&quot;,&quot;size&quot;:35,&quot;sizes&quot;:[]},&quot;cards_row_gap_tablet&quot;:{&quot;unit&quot;:&quot;px&quot;,&quot;size&quot;:&quot;&quot;,&quot;sizes&quot;:[]},&quot;cards_row_gap_mobile&quot;:{&quot;unit&quot;:&quot;px&quot;,&quot;size&quot;:&quot;&quot;,&quot;sizes&quot;:[]}}\" data-widget_type=\"posts.cards\">\n\t\t\t\t<div class=\"elementor-widget-container\">\n\t\t\t\t\t\t\t<div class=\"elementor-posts-container elementor-posts elementor-posts--skin-cards elementor-grid\" role=\"list\">\n\t\t\t\t<article class=\"elementor-post elementor-grid-item post-11356 post type-post status-publish format-standard hentry category-consiglio-per-gli-affari-economici category-economato category-persone category-segretaria\" role=\"listitem\">\n\t\t\t<div class=\"elementor-post__card\">\n\t\t\t\t<div class=\"elementor-post__text\">\n\t\t\t\t<h3 class=\"elementor-post__title\">\n\t\t\t<a href=\"https:\/\/arcidiocesicampobasso.it\/index.php\/2024\/11\/25\/rag-rachele-aceto\/\" >\n\t\t\t\tRag. Rachele ACETO\t\t\t<\/a>\n\t\t<\/h3>\n\t\t\t\t<\/div>\n\t\t\t\t\t<\/div>\n\t\t<\/article>\n\t\t\t\t<\/div>\n\t\t\n\t\t\t\t\t\t<\/div>\n\t\t\t\t<\/div>\n\t\t\t\t<div class=\"elementor-element elementor-element-6087a79 elementor-widget-divider--view-line elementor-widget elementor-widget-divider\" data-id=\"6087a79\" data-element_type=\"widget\" data-e-type=\"widget\" data-widget_type=\"divider.default\">\n\t\t\t\t<div class=\"elementor-widget-container\">\n\t\t\t\t\t\t\t<div class=\"elementor-divider\">\n\t\t\t<span class=\"elementor-divider-separator\">\n\t\t\t\t\t\t<\/span>\n\t\t<\/div>\n\t\t\t\t\t\t<\/div>\n\t\t\t\t<\/div>\n\t\t\t\t<\/div>\n\t\t\t\t\t<\/div>\n\t\t\t\t<\/div>\n\t\t<div class=\"elementor-element elementor-element-f8b7cca e-flex e-con-boxed e-con e-parent\" data-id=\"f8b7cca\" data-element_type=\"container\" data-e-type=\"container\">\n\t\t\t\t\t<div class=\"e-con-inner\">\n\t\t<div class=\"elementor-element elementor-element-359e08b e-con-full e-flex e-con e-child\" data-id=\"359e08b\" data-element_type=\"container\" data-e-type=\"container\">\n\t\t\t\t<div class=\"elementor-element elementor-element-28e1504 elementor-widget elementor-widget-text-editor\" data-id=\"28e1504\" data-element_type=\"widget\" data-e-type=\"widget\" data-widget_type=\"text-editor.default\">\n\t\t\t\t<div class=\"elementor-widget-container\">\n\t\t\t\t\t\t\t\t\t<h4 style=\"text-align: center;\"><span style=\"color: #ff0000;\"><strong>INFORMAZIONI<\/strong><\/span><\/h4><p style=\"text-align: center;\"><strong>\u00a0<\/strong><\/p><p style=\"text-align: center;\"><strong>Economo diocesano: <span style=\"color: #ff0000;\">Sig.ra Rachele Aceto<\/span><\/strong><\/p><p style=\"text-align: center;\"><em><strong>Orario apertura al pubblico<\/strong>: <span style=\"color: #ff0000;\"><strong>luned\u00ec &#8211; marted\u00ec &#8211; mercoled\u00ec &#8211; venerd\u00ec &#8211; ore 9:00 \u2013 13:00<\/strong><\/span><\/em><\/p><p>\u00a0<\/p><p style=\"text-align: center;\"><span style=\"color: #ff0000;\"><strong>AVVISi: <\/strong><strong>ENTRO 31 MARZO 2025<\/strong><\/span><\/p><ul><li style=\"text-align: left;\">Consegna dei rendiconti consuntivi anno 2024 approvati dai Consigliper gli Affari Economici delle parrocchie dell\u2019Arcidiocesi di Campobasso-Bojano<\/li><li style=\"text-align: left;\">Consegna dei Rendiconti consuntivi anno 2024 delle Confraternite, Rettorie, Santuari e Basiliche<\/li><li style=\"text-align: left;\">Si ricorda di versare contestualmente ai rendiconti consuntivi anno 2024, per le sole parrocchie, la quota pro capite, fissata in \u20ac0,20 per abitante.<\/li><\/ul><p>Download:<\/p><p style=\"text-align: center;\"><a href=\"https:\/\/arcidiocesicampobasso.it\/wp-content\/uploads\/2017\/03\/IL-RENDICONTO-PARROCCHIALE.pdf\"><img decoding=\"async\" class=\"alignnone wp-image-133\" src=\"https:\/\/arcidiocesicampobasso.it\/wp-content\/uploads\/2017\/03\/pdf-300x300.png\" alt=\"\" width=\"30\" height=\"30\" srcset=\"https:\/\/arcidiocesicampobasso.it\/wp-content\/uploads\/2017\/03\/pdf-300x300.png 300w, https:\/\/arcidiocesicampobasso.it\/wp-content\/uploads\/2017\/03\/pdf-150x150.png 150w, https:\/\/arcidiocesicampobasso.it\/wp-content\/uploads\/2017\/03\/pdf.png 512w\" sizes=\"(max-width: 30px) 100vw, 30px\" \/>Il Rendiconto Parrocchiale<\/a><\/p><p>\u00a0<\/p><p style=\"text-align: center;\"><img decoding=\"async\" class=\"alignnone wp-image-757\" src=\"https:\/\/arcidiocesicampobasso.it\/wp-content\/uploads\/2017\/03\/index.png\" alt=\"\" width=\"30\" height=\"30\" srcset=\"https:\/\/arcidiocesicampobasso.it\/wp-content\/uploads\/2017\/03\/index.png 225w, https:\/\/arcidiocesicampobasso.it\/wp-content\/uploads\/2017\/03\/index-150x150.png 150w\" sizes=\"(max-width: 30px) 100vw, 30px\" \/><a href=\"https:\/\/arcidiocesicampobasso.it\/wp-content\/uploads\/2017\/03\/1CONTABILITA-E-BILANCIO-PARROCCHIALE-1.xls\">Contabilit\u00e0 e Bilancio Parrocchiale<\/a><\/p><p style=\"text-align: center;\">\u00a0<\/p>\t\t\t\t\t\t\t\t<\/div>\n\t\t\t\t<\/div>\n\t\t\t\t<\/div>\n\t\t\t\t\t<\/div>\n\t\t\t\t<\/div>\n\t\t\t\t<\/div>\n\t\t","protected":false},"excerpt":{"rendered":"<p>ECONOMATO L&#8217;Ufficio Economato dell&#8217;Arcidiocesi di Campobasso &#8211; Bojano. Gestione e trasparenza delle Risorse Ecclesiali. L&#8217;Ufficio Economato dell&#8217;Arcidiocesi di Campobasso &#8211; Bojano \u00e8 un organo fondamentale per la gestione delle risorse<\/p>\n","protected":false},"author":1,"featured_media":0,"parent":0,"menu_order":0,"comment_status":"closed","ping_status":"closed","template":"elementor_header_footer","meta":{"ngg_post_thumbnail":0,"footnotes":""},"class_list":["post-13955","page","type-page","status-publish","hentry"],"_links":{"self":[{"href":"https:\/\/arcidiocesicampobasso.it\/index.php\/wp-json\/wp\/v2\/pages\/13955","targetHints":{"allow":["GET"]}}],"collection":[{"href":"https:\/\/arcidiocesicampobasso.it\/index.php\/wp-json\/wp\/v2\/pages"}],"about":[{"href":"https:\/\/arcidiocesicampobasso.it\/index.php\/wp-json\/wp\/v2\/types\/page"}],"author":[{"embeddable":true,"href":"https:\/\/arcidiocesicampobasso.it\/index.php\/wp-json\/wp\/v2\/users\/1"}],"replies":[{"embeddable":true,"href":"https:\/\/arcidiocesicampobasso.it\/index.php\/wp-json\/wp\/v2\/comments?post=13955"}],"version-history":[{"count":31,"href":"https:\/\/arcidiocesicampobasso.it\/index.php\/wp-json\/wp\/v2\/pages\/13955\/revisions"}],"predecessor-version":[{"id":14333,"href":"https:\/\/arcidiocesicampobasso.it\/index.php\/wp-json\/wp\/v2\/pages\/13955\/revisions\/14333"}],"wp:attachment":[{"href":"https:\/\/arcidiocesicampobasso.it\/index.php\/wp-json\/wp\/v2\/media?parent=13955"}],"curies":[{"name":"wp","href":"https:\/\/api.w.org\/{rel}","templated":true}]}}