{"id":13824,"date":"2024-12-18T17:03:07","date_gmt":"2024-12-18T16:03:07","guid":{"rendered":"https:\/\/arcidiocesicampobasso.it\/?page_id=13824"},"modified":"2025-05-26T15:21:55","modified_gmt":"2025-05-26T13:21:55","slug":"ufficio-diocesano-pastorale-migranti","status":"publish","type":"page","link":"https:\/\/arcidiocesicampobasso.it\/index.php\/ufficio-diocesano-pastorale-migranti\/","title":{"rendered":"UFFICIO DIOCESANO PASTORALE MIGRANTI"},"content":{"rendered":"\t\t<div data-elementor-type=\"wp-page\" data-elementor-id=\"13824\" class=\"elementor elementor-13824\" data-elementor-post-type=\"page\">\n\t\t\t\t<div class=\"elementor-element elementor-element-29d5b18 e-flex e-con-boxed e-con e-parent\" data-id=\"29d5b18\" data-element_type=\"container\" data-e-type=\"container\" data-settings=\"{&quot;background_background&quot;:&quot;classic&quot;}\">\n\t\t\t\t\t<div class=\"e-con-inner\">\n\t\t<div class=\"elementor-element elementor-element-f651c2c e-con-full e-flex e-con e-child\" data-id=\"f651c2c\" data-element_type=\"container\" data-e-type=\"container\">\n\t\t\t\t<div class=\"elementor-element elementor-element-baa868c elementor-widget elementor-widget-heading\" data-id=\"baa868c\" data-element_type=\"widget\" data-e-type=\"widget\" data-widget_type=\"heading.default\">\n\t\t\t\t<div class=\"elementor-widget-container\">\n\t\t\t\t\t<h1 class=\"elementor-heading-title elementor-size-default\">UFFICIO DIOCESANO PASTORALE MIGRANTI<\/h1>\t\t\t\t<\/div>\n\t\t\t\t<\/div>\n\t\t\t\t<\/div>\n\t\t<div class=\"elementor-element elementor-element-01c3a09 e-con-full e-flex e-con e-child\" data-id=\"01c3a09\" data-element_type=\"container\" data-e-type=\"container\">\n\t\t\t\t<\/div>\n\t\t\t\t\t<\/div>\n\t\t\t\t<\/div>\n\t\t<div class=\"elementor-element elementor-element-69f82fa e-flex e-con-boxed e-con e-parent\" data-id=\"69f82fa\" data-element_type=\"container\" data-e-type=\"container\">\n\t\t\t\t\t<div class=\"e-con-inner\">\n\t\t<div class=\"elementor-element elementor-element-823d5bd e-con-full e-flex e-con e-child\" data-id=\"823d5bd\" data-element_type=\"container\" data-e-type=\"container\">\n\t\t\t\t<div class=\"elementor-element elementor-element-2b71cb7 elementor-widget elementor-widget-text-editor\" data-id=\"2b71cb7\" data-element_type=\"widget\" data-e-type=\"widget\" data-widget_type=\"text-editor.default\">\n\t\t\t\t<div class=\"elementor-widget-container\">\n\t\t\t\t\t\t\t\t\t<h5><strong>UN CAMMINO DI ACCOGLIENZA E SOLIDARIET\u00c0<\/strong><\/h5><h5>L\u2019Ufficio Diocesano per la Pastorale Migranti dell&#8217;Arcidiocesi di Campobasso-Boiano svolge un ruolo fondamentale nel rispondere alle sfide umane, sociali e spirituali che i migranti affrontano nel loro percorso di vita. In un mondo che sta vivendo fenomeni migratori sempre pi\u00f9 complessi, la Chiesa si fa carico di un\u2019ospitalit\u00e0 che non \u00e8 solo materiale, ma anche culturale e spirituale. L\u2019ufficio si impegna a promuovere una cultura dell\u2019accoglienza che rispetti la dignit\u00e0 di ogni persona, indipendentemente dalla sua origine, religione o status.<\/h5><h5>La missione dell\u2019Ufficio per la Pastorale Migranti \u00e8 quella di supportare e accompagnare i migranti e le loro famiglie in un cammino di integrazione nella societ\u00e0 italiana, senza dimenticare le radici culturali e religiose che li contraddistinguono. L&#8217;ufficio organizza attivit\u00e0 di assistenza pratica, come il supporto nella ricerca di alloggio, nel disbrigo di pratiche burocratiche e nell\u2019accesso ai servizi sanitari. Ma l\u2019impegno non si limita all\u2019aspetto materiale; l\u2019obiettivo \u00e8 anche quello di promuovere un incontro tra diverse culture, creando occasioni di dialogo e confronto che favoriscano la comprensione reciproca e la coesione sociale.<\/h5><h5>Oltre al supporto pratico, l\u2019Ufficio per la Pastorale Migranti si preoccupa di rispondere alle esigenze spirituali dei migranti. Molti arrivano con il desiderio di ritrovare una comunit\u00e0 che li accolga anche nella fede, per sentirsi parte di una famiglia pi\u00f9 grande. L&#8217;ufficio organizza momenti di preghiera, celebrazioni e incontri di catechesi che rispondano ai bisogni religiosi specifici delle diverse comunit\u00e0 migranti presenti nel territorio diocesano, offrendo loro la possibilit\u00e0 di continuare a vivere la propria fede anche lontano dalla loro patria.<\/h5><h5>Un altro aspetto fondamentale della Pastorale Migranti \u00e8 l&#8217;educazione alla cittadinanza, intesa come un cammino che porta i migranti a sentirsi parte integrante della societ\u00e0 italiana, a comprendere e rispettare le leggi e le tradizioni locali, ma senza perdere la propria identit\u00e0 culturale. L\u2019Ufficio promuove incontri di formazione, corsi di lingua italiana e supporto nella ricerca di opportunit\u00e0 di lavoro, affinch\u00e9 ogni migrante possa vivere con dignit\u00e0 e partecipare attivamente alla vita sociale ed economica.<\/h5><h5>La Pastorale Migranti non riguarda solo chi accoglie, ma anche chi accoglie con cuore aperto. L\u2019ufficio si impegna a sensibilizzare la comunit\u00e0 locale sui temi dell\u2019integrazione, della giustizia sociale e dei diritti umani, favorendo una cultura dell\u2019incontro che possa abbattere le barriere della paura e del pregiudizio. La Chiesa, in questo senso, non \u00e8 solo un punto di riferimento per i migranti, ma un esempio di accoglienza universale, che accoglie ogni uomo e donna come figlio di Dio.<\/h5><h5>In sintesi, l\u2019Ufficio Diocesano per la Pastorale Migranti dell\u2019Arcidiocesi di Campobasso-Boiano \u00e8 un luogo di speranza e di incontro. Un cammino che si sviluppa nel segno della solidariet\u00e0, della giustizia e della fraternit\u00e0, che coinvolge non solo i migranti, ma tutta la comunit\u00e0, chiamata a vivere l\u2019accoglienza come valore cristiano e a lavorare insieme per costruire una societ\u00e0 pi\u00f9 inclusiva e rispettosa delle diversit\u00e0.<\/h5>\t\t\t\t\t\t\t\t<\/div>\n\t\t\t\t<\/div>\n\t\t\t\t<div class=\"elementor-element elementor-element-ed62d6c elementor-widget-divider--view-line elementor-widget elementor-widget-divider\" data-id=\"ed62d6c\" data-element_type=\"widget\" data-e-type=\"widget\" data-widget_type=\"divider.default\">\n\t\t\t\t<div class=\"elementor-widget-container\">\n\t\t\t\t\t\t\t<div class=\"elementor-divider\">\n\t\t\t<span class=\"elementor-divider-separator\">\n\t\t\t\t\t\t<\/span>\n\t\t<\/div>\n\t\t\t\t\t\t<\/div>\n\t\t\t\t<\/div>\n\t\t\t\t<div class=\"elementor-element elementor-element-f970697 elementor-widget elementor-widget-heading\" data-id=\"f970697\" data-element_type=\"widget\" data-e-type=\"widget\" data-widget_type=\"heading.default\">\n\t\t\t\t<div class=\"elementor-widget-container\">\n\t\t\t\t\t<h2 class=\"elementor-heading-title elementor-size-default\">Elenco dei membri<\/h2>\t\t\t\t<\/div>\n\t\t\t\t<\/div>\n\t\t\t\t<div class=\"elementor-element elementor-element-8a0effd elementor-widget-divider--view-line elementor-widget elementor-widget-divider\" data-id=\"8a0effd\" data-element_type=\"widget\" data-e-type=\"widget\" data-widget_type=\"divider.default\">\n\t\t\t\t<div class=\"elementor-widget-container\">\n\t\t\t\t\t\t\t<div class=\"elementor-divider\">\n\t\t\t<span class=\"elementor-divider-separator\">\n\t\t\t\t\t\t<\/span>\n\t\t<\/div>\n\t\t\t\t\t\t<\/div>\n\t\t\t\t<\/div>\n\t\t\t\t<div class=\"elementor-element elementor-element-89ffdb7 elementor-widget elementor-widget-heading\" data-id=\"89ffdb7\" data-element_type=\"widget\" data-e-type=\"widget\" data-widget_type=\"heading.default\">\n\t\t\t\t<div class=\"elementor-widget-container\">\n\t\t\t\t\t<h2 class=\"elementor-heading-title elementor-size-default\">Informazioni<\/h2>\t\t\t\t<\/div>\n\t\t\t\t<\/div>\n\t\t\t\t<div class=\"elementor-element elementor-element-de08b5b elementor-widget elementor-widget-text-editor\" data-id=\"de08b5b\" data-element_type=\"widget\" data-e-type=\"widget\" data-widget_type=\"text-editor.default\">\n\t\t\t\t<div class=\"elementor-widget-container\">\n\t\t\t\t\t\t\t\t\t<h5>Direttore: Sac. Adriano CIFELLI<\/h5>\t\t\t\t\t\t\t\t<\/div>\n\t\t\t\t<\/div>\n\t\t\t\t<\/div>\n\t\t\t\t\t<\/div>\n\t\t\t\t<\/div>\n\t\t<div class=\"elementor-element elementor-element-6ee7d60 e-flex e-con-boxed e-con e-parent\" data-id=\"6ee7d60\" data-element_type=\"container\" data-e-type=\"container\">\n\t\t\t\t\t<div class=\"e-con-inner\">\n\t\t<div class=\"elementor-element elementor-element-c1132c3 e-con-full e-flex e-con e-child\" data-id=\"c1132c3\" data-element_type=\"container\" data-e-type=\"container\">\n\t\t\t\t<div class=\"elementor-element elementor-element-f69334b elementor-widget elementor-widget-heading\" data-id=\"f69334b\" data-element_type=\"widget\" data-e-type=\"widget\" data-widget_type=\"heading.default\">\n\t\t\t\t<div class=\"elementor-widget-container\">\n\t\t\t\t\t<h2 class=\"elementor-heading-title elementor-size-default\">Documenti<\/h2>\t\t\t\t<\/div>\n\t\t\t\t<\/div>\n\t\t\t\t<\/div>\n\t\t<div class=\"elementor-element elementor-element-3b2b661 e-con-full e-flex e-con e-child\" data-id=\"3b2b661\" data-element_type=\"container\" data-e-type=\"container\">\n\t\t\t\t<div class=\"elementor-element elementor-element-a8177ac elementor-widget elementor-widget-heading\" data-id=\"a8177ac\" data-element_type=\"widget\" data-e-type=\"widget\" data-widget_type=\"heading.default\">\n\t\t\t\t<div class=\"elementor-widget-container\">\n\t\t\t\t\t<h2 class=\"elementor-heading-title elementor-size-default\">Notizie e avvisi<\/h2>\t\t\t\t<\/div>\n\t\t\t\t<\/div>\n\t\t\t\t<\/div>\n\t\t\t\t\t<\/div>\n\t\t\t\t<\/div>\n\t\t<div class=\"elementor-element elementor-element-31e3287 e-flex e-con-boxed e-con e-parent\" data-id=\"31e3287\" data-element_type=\"container\" data-e-type=\"container\">\n\t\t\t\t\t<div class=\"e-con-inner\">\n\t\t\t\t\t<\/div>\n\t\t\t\t<\/div>\n\t\t\t\t<\/div>\n\t\t","protected":false},"excerpt":{"rendered":"<p>UFFICIO DIOCESANO PASTORALE MIGRANTI UN CAMMINO DI ACCOGLIENZA E SOLIDARIET\u00c0 L\u2019Ufficio Diocesano per la Pastorale Migranti dell&#8217;Arcidiocesi di Campobasso-Boiano svolge un ruolo fondamentale nel rispondere alle sfide umane, sociali e [&hellip;]<\/p>\n","protected":false},"author":1,"featured_media":0,"parent":0,"menu_order":0,"comment_status":"closed","ping_status":"closed","template":"elementor_header_footer","meta":{"ngg_post_thumbnail":0,"footnotes":""},"class_list":["post-13824","page","type-page","status-publish","hentry"],"_links":{"self":[{"href":"https:\/\/arcidiocesicampobasso.it\/index.php\/wp-json\/wp\/v2\/pages\/13824","targetHints":{"allow":["GET"]}}],"collection":[{"href":"https:\/\/arcidiocesicampobasso.it\/index.php\/wp-json\/wp\/v2\/pages"}],"about":[{"href":"https:\/\/arcidiocesicampobasso.it\/index.php\/wp-json\/wp\/v2\/types\/page"}],"author":[{"embeddable":true,"href":"https:\/\/arcidiocesicampobasso.it\/index.php\/wp-json\/wp\/v2\/users\/1"}],"replies":[{"embeddable":true,"href":"https:\/\/arcidiocesicampobasso.it\/index.php\/wp-json\/wp\/v2\/comments?post=13824"}],"version-history":[{"count":7,"href":"https:\/\/arcidiocesicampobasso.it\/index.php\/wp-json\/wp\/v2\/pages\/13824\/revisions"}],"predecessor-version":[{"id":14711,"href":"https:\/\/arcidiocesicampobasso.it\/index.php\/wp-json\/wp\/v2\/pages\/13824\/revisions\/14711"}],"wp:attachment":[{"href":"https:\/\/arcidiocesicampobasso.it\/index.php\/wp-json\/wp\/v2\/media?parent=13824"}],"curies":[{"name":"wp","href":"https:\/\/api.w.org\/{rel}","templated":true}]}}