{"id":13822,"date":"2024-12-18T16:48:43","date_gmt":"2024-12-18T15:48:43","guid":{"rendered":"https:\/\/arcidiocesicampobasso.it\/?page_id=13822"},"modified":"2025-05-26T15:18:54","modified_gmt":"2025-05-26T13:18:54","slug":"ufficio-diocesano-pastorale-della-salute","status":"publish","type":"page","link":"https:\/\/arcidiocesicampobasso.it\/index.php\/ufficio-diocesano-pastorale-della-salute\/","title":{"rendered":"UFFICIO DIOCESANO PASTORALE DELLA SALUTE"},"content":{"rendered":"\t\t<div data-elementor-type=\"wp-page\" data-elementor-id=\"13822\" class=\"elementor elementor-13822\" data-elementor-post-type=\"page\">\n\t\t\t\t<div class=\"elementor-element elementor-element-29d5b18 e-flex e-con-boxed e-con e-parent\" data-id=\"29d5b18\" data-element_type=\"container\" data-e-type=\"container\" data-settings=\"{&quot;background_background&quot;:&quot;classic&quot;}\">\n\t\t\t\t\t<div class=\"e-con-inner\">\n\t\t<div class=\"elementor-element elementor-element-f651c2c e-con-full e-flex e-con e-child\" data-id=\"f651c2c\" data-element_type=\"container\" data-e-type=\"container\">\n\t\t\t\t<div class=\"elementor-element elementor-element-baa868c elementor-widget elementor-widget-heading\" data-id=\"baa868c\" data-element_type=\"widget\" data-e-type=\"widget\" data-widget_type=\"heading.default\">\n\t\t\t\t<div class=\"elementor-widget-container\">\n\t\t\t\t\t<h1 class=\"elementor-heading-title elementor-size-default\">UFFICIO DIOCESANO PASTORALE DELLA SALUTE<\/h1>\t\t\t\t<\/div>\n\t\t\t\t<\/div>\n\t\t\t\t<\/div>\n\t\t<div class=\"elementor-element elementor-element-01c3a09 e-con-full e-flex e-con e-child\" data-id=\"01c3a09\" data-element_type=\"container\" data-e-type=\"container\">\n\t\t\t\t<\/div>\n\t\t\t\t\t<\/div>\n\t\t\t\t<\/div>\n\t\t<div class=\"elementor-element elementor-element-69f82fa e-flex e-con-boxed e-con e-parent\" data-id=\"69f82fa\" data-element_type=\"container\" data-e-type=\"container\">\n\t\t\t\t\t<div class=\"e-con-inner\">\n\t\t<div class=\"elementor-element elementor-element-823d5bd e-con-full e-flex e-con e-child\" data-id=\"823d5bd\" data-element_type=\"container\" data-e-type=\"container\">\n\t\t\t\t<div class=\"elementor-element elementor-element-4ac5978 elementor-widget elementor-widget-text-editor\" data-id=\"4ac5978\" data-element_type=\"widget\" data-e-type=\"widget\" data-widget_type=\"text-editor.default\">\n\t\t\t\t<div class=\"elementor-widget-container\">\n\t\t\t\t\t\t\t\t\t<h5><strong>UN IMPEGNO PER IL BENESSERE INTEGRALE DELLA PERSONA<\/strong><\/h5><h5>L\u2019Ufficio Diocesano per la Pastorale della Salute dell&#8217;Arcidiocesi di Campobasso-Boiano ha come missione quella di prendersi cura della salute non solo come benessere fisico, ma come un aspetto integrale che coinvolge anche la dimensione spirituale e psicologica della persona. In un mondo che spesso separa la salute dal senso profondo dell\u2019esistenza, l\u2019Ufficio si propone di offrire un accompagnamento che risponde alle esigenze di chi soffre, ma che non dimentica mai la centralit\u00e0 della persona e il suo valore unico.<\/h5><h5>La Pastorale della Salute \u00e8 una risposta concreta alle molteplici sfide legate alla malattia, alla sofferenza e alla solitudine, che spesso accompagnano il percorso di vita di tante persone. L\u2019ufficio si occupa di sensibilizzare la comunit\u00e0 cristiana sul valore della salute come dono di Dio e di promuovere una cultura della solidariet\u00e0 e della vicinanza a chi si trova in situazioni di vulnerabilit\u00e0. Il sostegno non si limita solo a chi \u00e8 malato, ma include anche familiari, operatori sanitari e volontari, cercando di creare una rete di supporto che favorisca il benessere di tutti.<\/h5><h5>Le attivit\u00e0 promosse dall\u2019Ufficio includono iniziative di accompagnamento per i malati e i sofferenti, ma anche programmi di formazione e sensibilizzazione per le parrocchie e la comunit\u00e0. Tra le principali iniziative, si trovano momenti di preghiera per i malati, visite pastorali negli ospedali e nelle strutture sanitarie, e attivit\u00e0 di supporto ai caregiver. Questi interventi, sempre improntati alla misericordia e alla compassione, sono segno di una Chiesa che si fa prossima a chi \u00e8 nel bisogno, portando un messaggio di speranza e di vicinanza.<\/h5><h5>L\u2019ufficio promuove anche una riflessione sui temi etici legati alla salute, come la dignit\u00e0 della persona umana, la fine della vita, l&#8217;accesso alle cure sanitarie e la promozione di politiche di salute pubblica che rispettino il valore inalienabile della vita. In questo modo, la Pastorale della Salute si impegna a educare la comunit\u00e0 cristiana a un approccio responsabile e rispettoso verso la salute, che veda in ogni individuo un dono da tutelare e proteggere.<\/h5><h5>Un altro obiettivo dell\u2019Ufficio \u00e8 quello di incoraggiare i fedeli a vivere la propria salute come una vocazione al servizio degli altri, sia attraverso il volontariato sanitario che nell&#8217;impegno sociale per la cura e il sostegno dei pi\u00f9 fragili. La Chiesa, attraverso la Pastorale della Salute, desidera far crescere una coscienza di solidariet\u00e0 e di impegno per una societ\u00e0 pi\u00f9 giusta, che metta al centro la vita e la dignit\u00e0 di ogni persona.<\/h5><h5>In sintesi, la Pastorale della Salute nell&#8217;Arcidiocesi di Campobasso-Boiano rappresenta un cammino di speranza e di cura, che abbraccia ogni aspetto della vita umana, dal corpo allo spirito. Essa si propone come un&#8217;opportunit\u00e0 per vivere il Vangelo in modo concreto, portando la luce della fede l\u00e0 dove c&#8217;\u00e8 sofferenza e offrendo a ciascuna persona il supporto necessario per affrontare le difficolt\u00e0 della vita con fede e speranza.<\/h5><h5>\u00a0<\/h5>\t\t\t\t\t\t\t\t<\/div>\n\t\t\t\t<\/div>\n\t\t\t\t<div class=\"elementor-element elementor-element-ed62d6c elementor-widget-divider--view-line elementor-widget elementor-widget-divider\" data-id=\"ed62d6c\" data-element_type=\"widget\" data-e-type=\"widget\" data-widget_type=\"divider.default\">\n\t\t\t\t<div class=\"elementor-widget-container\">\n\t\t\t\t\t\t\t<div class=\"elementor-divider\">\n\t\t\t<span class=\"elementor-divider-separator\">\n\t\t\t\t\t\t<\/span>\n\t\t<\/div>\n\t\t\t\t\t\t<\/div>\n\t\t\t\t<\/div>\n\t\t\t\t<div class=\"elementor-element elementor-element-f970697 elementor-widget elementor-widget-heading\" data-id=\"f970697\" data-element_type=\"widget\" data-e-type=\"widget\" data-widget_type=\"heading.default\">\n\t\t\t\t<div class=\"elementor-widget-container\">\n\t\t\t\t\t<h2 class=\"elementor-heading-title elementor-size-default\">Elenco dei membri<\/h2>\t\t\t\t<\/div>\n\t\t\t\t<\/div>\n\t\t\t\t<div class=\"elementor-element elementor-element-df4b079 elementor-grid-1 elementor-posts--thumbnail-none elementor-grid-tablet-2 elementor-grid-mobile-1 elementor-card-shadow-yes elementor-posts__hover-gradient elementor-widget elementor-widget-posts\" data-id=\"df4b079\" data-element_type=\"widget\" data-e-type=\"widget\" data-settings=\"{&quot;cards_columns&quot;:&quot;1&quot;,&quot;cards_columns_tablet&quot;:&quot;2&quot;,&quot;cards_columns_mobile&quot;:&quot;1&quot;,&quot;cards_row_gap&quot;:{&quot;unit&quot;:&quot;px&quot;,&quot;size&quot;:35,&quot;sizes&quot;:[]},&quot;cards_row_gap_tablet&quot;:{&quot;unit&quot;:&quot;px&quot;,&quot;size&quot;:&quot;&quot;,&quot;sizes&quot;:[]},&quot;cards_row_gap_mobile&quot;:{&quot;unit&quot;:&quot;px&quot;,&quot;size&quot;:&quot;&quot;,&quot;sizes&quot;:[]}}\" data-widget_type=\"posts.cards\">\n\t\t\t\t<div class=\"elementor-widget-container\">\n\t\t\t\t\t\t\t<div class=\"elementor-posts-container elementor-posts elementor-posts--skin-cards elementor-grid\" role=\"list\">\n\t\t\t\t<article class=\"elementor-post elementor-grid-item post-13833 post type-post status-publish format-standard hentry category-persone category-ufficio-diocesano-pastorale-della-salute\" role=\"listitem\">\n\t\t\t<div class=\"elementor-post__card\">\n\t\t\t\t<div class=\"elementor-post__text\">\n\t\t\t\t<h3 class=\"elementor-post__title\">\n\t\t\t<a href=\"https:\/\/arcidiocesicampobasso.it\/index.php\/2024\/12\/18\/p-petru-blaj-o-f-m-conv\/\" >\n\t\t\t\tP. Petru BLAJ o.f.m. Conv.\t\t\t<\/a>\n\t\t<\/h3>\n\t\t\t\t<\/div>\n\t\t\t\t\t<\/div>\n\t\t<\/article>\n\t\t\t\t<\/div>\n\t\t\n\t\t\t\t\t\t<\/div>\n\t\t\t\t<\/div>\n\t\t\t\t<div class=\"elementor-element elementor-element-8a0effd elementor-widget-divider--view-line elementor-widget elementor-widget-divider\" data-id=\"8a0effd\" data-element_type=\"widget\" data-e-type=\"widget\" data-widget_type=\"divider.default\">\n\t\t\t\t<div class=\"elementor-widget-container\">\n\t\t\t\t\t\t\t<div class=\"elementor-divider\">\n\t\t\t<span class=\"elementor-divider-separator\">\n\t\t\t\t\t\t<\/span>\n\t\t<\/div>\n\t\t\t\t\t\t<\/div>\n\t\t\t\t<\/div>\n\t\t\t\t<div class=\"elementor-element elementor-element-89ffdb7 elementor-widget elementor-widget-heading\" data-id=\"89ffdb7\" data-element_type=\"widget\" data-e-type=\"widget\" data-widget_type=\"heading.default\">\n\t\t\t\t<div class=\"elementor-widget-container\">\n\t\t\t\t\t<h2 class=\"elementor-heading-title elementor-size-default\">Informazioni<\/h2>\t\t\t\t<\/div>\n\t\t\t\t<\/div>\n\t\t\t\t<div class=\"elementor-element elementor-element-de08b5b elementor-widget elementor-widget-text-editor\" data-id=\"de08b5b\" data-element_type=\"widget\" data-e-type=\"widget\" data-widget_type=\"text-editor.default\">\n\t\t\t\t<div class=\"elementor-widget-container\">\n\t\t\t\t\t\t\t\t\t<h5>Direttore: P. Antonio D\u2019ORSI Ofm<br \/>Cappellano dell\u2019ospedale<br \/>\u201cCardarelli\u201d in Campobasso: P. Petru BLAJ o.f.m. Conv.<br \/>Cappellano del \u201cResponsible\u201d<br \/>in Campobasso: P. Antonio D\u2019ORSI Ofm<\/h5>\t\t\t\t\t\t\t\t<\/div>\n\t\t\t\t<\/div>\n\t\t\t\t<\/div>\n\t\t\t\t\t<\/div>\n\t\t\t\t<\/div>\n\t\t<div class=\"elementor-element elementor-element-31e3287 e-flex e-con-boxed e-con e-parent\" data-id=\"31e3287\" data-element_type=\"container\" data-e-type=\"container\">\n\t\t\t\t\t<div class=\"e-con-inner\">\n\t\t\t\t<div class=\"elementor-element elementor-element-a539ea5 elementor-widget elementor-widget-image\" data-id=\"a539ea5\" data-element_type=\"widget\" data-e-type=\"widget\" data-widget_type=\"image.default\">\n\t\t\t\t<div class=\"elementor-widget-container\">\n\t\t\t\t\t\t\t\t\t\t\t\t\t\t\t<img fetchpriority=\"high\" decoding=\"async\" width=\"1217\" height=\"893\" src=\"https:\/\/arcidiocesicampobasso.it\/wp-content\/uploads\/2025\/05\/BUNNER2-1.jpg\" class=\"attachment-full size-full wp-image-18066\" alt=\"\" srcset=\"https:\/\/arcidiocesicampobasso.it\/wp-content\/uploads\/2025\/05\/BUNNER2-1.jpg 1217w, https:\/\/arcidiocesicampobasso.it\/wp-content\/uploads\/2025\/05\/BUNNER2-1-300x220.jpg 300w, https:\/\/arcidiocesicampobasso.it\/wp-content\/uploads\/2025\/05\/BUNNER2-1-1012x743.jpg 1012w, https:\/\/arcidiocesicampobasso.it\/wp-content\/uploads\/2025\/05\/BUNNER2-1-768x564.jpg 768w\" sizes=\"(max-width: 1217px) 100vw, 1217px\" \/>\t\t\t\t\t\t\t\t\t\t\t\t\t\t\t<\/div>\n\t\t\t\t<\/div>\n\t\t\t\t\t<\/div>\n\t\t\t\t<\/div>\n\t\t<div class=\"elementor-element elementor-element-32e5e9a e-flex e-con-boxed e-con e-parent\" data-id=\"32e5e9a\" data-element_type=\"container\" data-e-type=\"container\">\n\t\t\t\t\t<div class=\"e-con-inner\">\n\t\t\t\t<div class=\"elementor-element elementor-element-c18a21c elementor-widget elementor-widget-text-editor\" data-id=\"c18a21c\" data-element_type=\"widget\" data-e-type=\"widget\" data-widget_type=\"text-editor.default\">\n\t\t\t\t<div class=\"elementor-widget-container\">\n\t\t\t\t\t\t\t\t\t<h2 style=\"text-align: center;\"><span style=\"color: #339966;\"><strong>Giubileo Diocesano della Salute &#8211; Castelpetroso, 18 Maggio 2025<\/strong><\/span><\/h2><p><em>Un incontro di fede e speranza sulla malattia e la salute<\/em><br \/><strong>Organizzato dall&#8217;Arcidiocesi di Campobasso-Bojano, Ufficio Diocesano della Pastorale della Salute<\/strong><\/p><p>L&#8217;Arcidiocesi di Campobasso-Bojano \u00e8 lieta di invitare tutta la comunit\u00e0 diocesana al <em>Giubileo Diocesano della Salute<\/em>, che si terr\u00e0 il 18 maggio 2025 a Castelpetroso. Un evento che offrir\u00e0 un&#8217;importante occasione di riflessione, preghiera e testimonianza sul tema <em>\u201cL\u2019esperienza della malattia come dono e testimonianza\u201d<\/em>. La giornata sar\u00e0 un&#8217;opportunit\u00e0 unica per riflettere sul significato della malattia, sulla speranza che nasce dalla fede e sulla solidariet\u00e0 cristiana.<\/p><p><strong>Programma della Giornata:<\/strong><\/p><ul><li><strong>Ore 9:00<\/strong> \u2013 Arrivi e accoglienza dei partecipanti.<\/li><li><strong>Ore 10:00<\/strong> \u2013 <em>Auditorium<\/em>: Tavola rotonda dal titolo <em>&#8220;L\u2019esperienza della malattia come dono e testimonianza&#8221;<\/em>.<br \/>Interverranno:<ul><li><strong>Sr. Veronica Donatello<\/strong>, Responsabile del Servizio per la Pastorale delle Persone con Disabilit\u00e0.<\/li><li><strong>Inf. Mariapia Vaccarella<\/strong>, Esperta in oncologia, che discuter\u00e0 del rapporto tra salute e malattia come due facce della stessa medaglia.<\/li><li>Saranno inoltre condivise testimonianze di persone che hanno vissuto direttamente l\u2019esperienza della malattia, offrendo un momento di riflessione personale e comunitaria.<\/li><\/ul><\/li><li><strong>Ore 13:00<\/strong> \u2013 <em>Sala del Pellegrino<\/em>: Pranzo al sacco in un\u2019atmosfera di fraternit\u00e0.<\/li><li><strong>Ore 14:00<\/strong> \u2013 <em>Luogo delle Apparizioni<\/em>: Visita al Santuario e preghiera comunitaria con il S. Rosario.<\/li><li><strong>Ore 16:00<\/strong> \u2013 <em>Basilica<\/em>: Confessioni, per vivere il sacramento della riconciliazione in un contesto di preghiera e riflessione.<\/li><li><strong>Ore 17:00<\/strong> \u2013 <em>Basilica<\/em>: Santa Messa, presieduta da S.E. Mons. Biagio Colaianni, Arcivescovo Metropolita di Campobasso-Bojano. Un momento solenne di celebrazione per tutti i malati e le persone in difficolt\u00e0.<\/li><li><strong>Ore 18:00<\/strong> \u2013 <em>Sagrato della Basilica<\/em>: Foto di gruppo, per ricordare insieme questo momento di comunione e spiritualit\u00e0.<\/li><li><strong>Ore 18:30<\/strong> \u2013 Saluti e partenza.<\/li><\/ul><p>Il Giubileo Diocesano della Salute rappresenta un\u2019occasione di crescita spirituale, di riflessione sul valore della salute e della sofferenza, e di solidariet\u00e0 cristiana. Ogni momento della giornata \u00e8 pensato per offrire a tutti i partecipanti un\u2019opportunit\u00e0 di raccoglimento e di condivisione, in un clima di fede e di speranza.<\/p><p>Invitiamo tutti a partecipare a questa importante giornata di comunione, per vivere insieme un\u2019esperienza di speranza e di cura, nella testimonianza dell\u2019amore cristiano per il prossimo.<\/p><p><strong>SCARICA LA <span style=\"color: #3366ff;\"><a style=\"color: #3366ff;\" href=\"https:\/\/arcidiocesicampobasso.it\/wp-content\/uploads\/2025\/05\/LOCANDINA-7.pdf\">LOCANDINA<\/a><\/span> DELL&#8217;EVENTO<\/strong><\/p><p>\u00a0<\/p>\t\t\t\t\t\t\t\t<\/div>\n\t\t\t\t<\/div>\n\t\t\t\t\t<\/div>\n\t\t\t\t<\/div>\n\t\t<div class=\"elementor-element elementor-element-176043b e-flex e-con-boxed e-con e-parent\" data-id=\"176043b\" data-element_type=\"container\" data-e-type=\"container\">\n\t\t\t\t\t<div class=\"e-con-inner\">\n\t\t\t\t<div class=\"elementor-element elementor-element-d1314cb elementor-widget elementor-widget-image\" data-id=\"d1314cb\" data-element_type=\"widget\" data-e-type=\"widget\" data-widget_type=\"image.default\">\n\t\t\t\t<div class=\"elementor-widget-container\">\n\t\t\t\t\t\t\t\t\t\t\t\t\t\t\t<img decoding=\"async\" width=\"3164\" height=\"1758\" src=\"https:\/\/arcidiocesicampobasso.it\/wp-content\/uploads\/2025\/05\/foto-grupp0-copia.png\" class=\"attachment-full size-full wp-image-18252\" alt=\"\" srcset=\"https:\/\/arcidiocesicampobasso.it\/wp-content\/uploads\/2025\/05\/foto-grupp0-copia.png 3164w, https:\/\/arcidiocesicampobasso.it\/wp-content\/uploads\/2025\/05\/foto-grupp0-copia-300x167.png 300w, https:\/\/arcidiocesicampobasso.it\/wp-content\/uploads\/2025\/05\/foto-grupp0-copia-1012x562.png 1012w, https:\/\/arcidiocesicampobasso.it\/wp-content\/uploads\/2025\/05\/foto-grupp0-copia-768x427.png 768w, https:\/\/arcidiocesicampobasso.it\/wp-content\/uploads\/2025\/05\/foto-grupp0-copia-1536x853.png 1536w, https:\/\/arcidiocesicampobasso.it\/wp-content\/uploads\/2025\/05\/foto-grupp0-copia-2048x1138.png 2048w\" sizes=\"(max-width: 3164px) 100vw, 3164px\" \/>\t\t\t\t\t\t\t\t\t\t\t\t\t\t\t<\/div>\n\t\t\t\t<\/div>\n\t\t\t\t\t<\/div>\n\t\t\t\t<\/div>\n\t\t<div class=\"elementor-element elementor-element-9ff4498 e-flex e-con-boxed e-con e-parent\" data-id=\"9ff4498\" data-element_type=\"container\" data-e-type=\"container\">\n\t\t\t\t\t<div class=\"e-con-inner\">\n\t\t\t\t<div class=\"elementor-element elementor-element-beaaaf0 elementor-widget elementor-widget-video\" data-id=\"beaaaf0\" data-element_type=\"widget\" data-e-type=\"widget\" data-settings=\"{&quot;youtube_url&quot;:&quot;https:\\\/\\\/youtu.be\\\/Pen3KokiC0s?si=k3ZaAWdAioPxPsHp&quot;,&quot;video_type&quot;:&quot;youtube&quot;,&quot;controls&quot;:&quot;yes&quot;}\" data-widget_type=\"video.default\">\n\t\t\t\t<div class=\"elementor-widget-container\">\n\t\t\t\t\t\t\t<div class=\"elementor-wrapper elementor-open-inline\">\n\t\t\t<div class=\"elementor-video\"><\/div>\t\t<\/div>\n\t\t\t\t\t\t<\/div>\n\t\t\t\t<\/div>\n\t\t\t\t\t<\/div>\n\t\t\t\t<\/div>\n\t\t\t\t<\/div>\n\t\t","protected":false},"excerpt":{"rendered":"<p>UFFICIO DIOCESANO PASTORALE DELLA SALUTE UN IMPEGNO PER IL BENESSERE INTEGRALE DELLA PERSONA L\u2019Ufficio Diocesano per la Pastorale della Salute dell&#8217;Arcidiocesi di Campobasso-Boiano ha come missione quella di prendersi cura<\/p>\n","protected":false},"author":1,"featured_media":0,"parent":0,"menu_order":0,"comment_status":"closed","ping_status":"closed","template":"elementor_header_footer","meta":{"ngg_post_thumbnail":0,"footnotes":""},"class_list":["post-13822","page","type-page","status-publish","hentry"],"_links":{"self":[{"href":"https:\/\/arcidiocesicampobasso.it\/index.php\/wp-json\/wp\/v2\/pages\/13822","targetHints":{"allow":["GET"]}}],"collection":[{"href":"https:\/\/arcidiocesicampobasso.it\/index.php\/wp-json\/wp\/v2\/pages"}],"about":[{"href":"https:\/\/arcidiocesicampobasso.it\/index.php\/wp-json\/wp\/v2\/types\/page"}],"author":[{"embeddable":true,"href":"https:\/\/arcidiocesicampobasso.it\/index.php\/wp-json\/wp\/v2\/users\/1"}],"replies":[{"embeddable":true,"href":"https:\/\/arcidiocesicampobasso.it\/index.php\/wp-json\/wp\/v2\/comments?post=13822"}],"version-history":[{"count":13,"href":"https:\/\/arcidiocesicampobasso.it\/index.php\/wp-json\/wp\/v2\/pages\/13822\/revisions"}],"predecessor-version":[{"id":18268,"href":"https:\/\/arcidiocesicampobasso.it\/index.php\/wp-json\/wp\/v2\/pages\/13822\/revisions\/18268"}],"wp:attachment":[{"href":"https:\/\/arcidiocesicampobasso.it\/index.php\/wp-json\/wp\/v2\/media?parent=13822"}],"curies":[{"name":"wp","href":"https:\/\/api.w.org\/{rel}","templated":true}]}}