{"id":13810,"date":"2024-12-18T16:00:39","date_gmt":"2024-12-18T15:00:39","guid":{"rendered":"https:\/\/arcidiocesicampobasso.it\/?page_id=13810"},"modified":"2025-05-26T15:17:17","modified_gmt":"2025-05-26T13:17:17","slug":"ufficio-diocesano-pastorale-universitaria","status":"publish","type":"page","link":"https:\/\/arcidiocesicampobasso.it\/index.php\/ufficio-diocesano-pastorale-universitaria\/","title":{"rendered":"UFFICIO DIOCESANO PASTORALE UNIVERSITARIA"},"content":{"rendered":"\t\t<div data-elementor-type=\"wp-page\" data-elementor-id=\"13810\" class=\"elementor elementor-13810\" data-elementor-post-type=\"page\">\n\t\t\t\t<div class=\"elementor-element elementor-element-29d5b18 e-flex e-con-boxed e-con e-parent\" data-id=\"29d5b18\" data-element_type=\"container\" data-e-type=\"container\" data-settings=\"{&quot;background_background&quot;:&quot;classic&quot;}\">\n\t\t\t\t\t<div class=\"e-con-inner\">\n\t\t<div class=\"elementor-element elementor-element-f651c2c e-con-full e-flex e-con e-child\" data-id=\"f651c2c\" data-element_type=\"container\" data-e-type=\"container\">\n\t\t\t\t<div class=\"elementor-element elementor-element-baa868c elementor-widget elementor-widget-heading\" data-id=\"baa868c\" data-element_type=\"widget\" data-e-type=\"widget\" data-widget_type=\"heading.default\">\n\t\t\t\t<div class=\"elementor-widget-container\">\n\t\t\t\t\t<h1 class=\"elementor-heading-title elementor-size-default\">UFFICIO DIOCESANO PASTORALE UNIVERSITARIA<\/h1>\t\t\t\t<\/div>\n\t\t\t\t<\/div>\n\t\t\t\t<\/div>\n\t\t<div class=\"elementor-element elementor-element-01c3a09 e-con-full e-flex e-con e-child\" data-id=\"01c3a09\" data-element_type=\"container\" data-e-type=\"container\">\n\t\t\t\t<\/div>\n\t\t\t\t\t<\/div>\n\t\t\t\t<\/div>\n\t\t<div class=\"elementor-element elementor-element-69f82fa e-flex e-con-boxed e-con e-parent\" data-id=\"69f82fa\" data-element_type=\"container\" data-e-type=\"container\">\n\t\t\t\t\t<div class=\"e-con-inner\">\n\t\t<div class=\"elementor-element elementor-element-823d5bd e-con-full e-flex e-con e-child\" data-id=\"823d5bd\" data-element_type=\"container\" data-e-type=\"container\">\n\t\t\t\t<div class=\"elementor-element elementor-element-76b53a9 elementor-widget elementor-widget-text-editor\" data-id=\"76b53a9\" data-element_type=\"widget\" data-e-type=\"widget\" data-widget_type=\"text-editor.default\">\n\t\t\t\t<div class=\"elementor-widget-container\">\n\t\t\t\t\t\t\t\t\t<h5><strong>UN SOSTEGNO SPIRITUALE PER I GIOVANI UNIVERSITARI<\/strong><\/h5><h5>L\u2019Ufficio Diocesano per la Pastorale Universitaria dell\u2019Arcidiocesi di Campobasso-Boiano \u00e8 impegnato a supportare i giovani che vivono l\u2019esperienza universitaria, aiutandoli a coniugare la fede con il percorso di studi e le sfide quotidiane della vita accademica. L\u2019universit\u00e0 \u00e8 un periodo cruciale per la crescita personale e professionale, ma anche per la ricerca di un senso profondo nella vita. L\u2019ufficio si propone come un punto di riferimento per tutti gli studenti universitari, offrendo spazi di incontro, riflessione e spiritualit\u00e0 in grado di rispondere ai loro bisogni.<\/h5><h5>Il cammino proposto dall\u2019Ufficio Diocesano per la Pastorale Universitaria non \u00e8 solo un\u2019azione di accompagnamento religioso, ma un&#8217;opportunit\u00e0 per integrare la fede con l\u2019esperienza culturale e intellettuale. L\u2019ufficio organizza eventi formativi, incontri di preghiera, riflessioni bibliche e momenti di convivialit\u00e0, in modo che ogni giovane universitario possa sentirsi parte di una comunit\u00e0 che cammina insieme nel confronto tra fede e ragione.<\/h5><h5>Inoltre, la Pastorale Universitaria \u00e8 anche un invito a riflettere sulle sfide contemporanee che gli studenti si trovano ad affrontare, come la ricerca del proprio futuro, le difficolt\u00e0 nelle relazioni interpersonali e il desiderio di dare un significato profondo al proprio percorso di studi. L\u2019ufficio cerca di stimolare nei giovani la consapevolezza che la fede cristiana pu\u00f2 offrire risposte anche a queste domande esistenziali, non solo attraverso la preghiera, ma anche con un impegno attivo nella societ\u00e0.<\/h5><h5>L\u2019Ufficio promuove anche la formazione di gruppi di giovani universitari che si incontrano regolarmente per confrontarsi su temi di attualit\u00e0, cultura e fede, cercando di creare un ambiente di accoglienza e di condivisione, dove ogni studente possa sentirsi valorizzato nella sua esperienza personale. Questi gruppi diventano un\u2019occasione per vivere la dimensione della Chiesa anche all&#8217;interno dell&#8217;universit\u00e0, e per riscoprire la bellezza di una comunit\u00e0 cristiana che non \u00e8 solo una realt\u00e0 parrocchiale, ma si estende a ogni ambito della vita.<\/h5><h5>Infine, la Pastorale Universitaria si propone di far crescere nei giovani universitari una mentalit\u00e0 missionaria, invitandoli a vedere la loro vita universitaria non come un percorso chiuso in s\u00e9 stesso, ma come un&#8217;opportunit\u00e0 per portare la luce del Vangelo anche nei contesti pi\u00f9 laici e impegnativi. I giovani sono chiamati a essere testimoni del Vangelo nel loro ambiente di studio, mettendo a frutto le competenze acquisite per costruire un mondo pi\u00f9 giusto e solidale.<\/h5><h5>Con un\u2019attenzione particolare alla dimensione spirituale e alla crescita personale, l\u2019Ufficio Diocesano per la Pastorale Universitaria dell\u2019Arcidiocesi di Campobasso-Boiano vuole aiutare ogni giovane a non dimenticare mai che la fede \u00e8 un cammino da vivere anche in contesti complessi come quello universitario, contribuendo alla costruzione di una societ\u00e0 pi\u00f9 umana, pi\u00f9 cristiana e pi\u00f9 aperta al dialogo.<\/h5>\t\t\t\t\t\t\t\t<\/div>\n\t\t\t\t<\/div>\n\t\t\t\t<div class=\"elementor-element elementor-element-ed62d6c elementor-widget-divider--view-line elementor-widget elementor-widget-divider\" data-id=\"ed62d6c\" data-element_type=\"widget\" data-e-type=\"widget\" data-widget_type=\"divider.default\">\n\t\t\t\t<div class=\"elementor-widget-container\">\n\t\t\t\t\t\t\t<div class=\"elementor-divider\">\n\t\t\t<span class=\"elementor-divider-separator\">\n\t\t\t\t\t\t<\/span>\n\t\t<\/div>\n\t\t\t\t\t\t<\/div>\n\t\t\t\t<\/div>\n\t\t\t\t<div class=\"elementor-element elementor-element-f970697 elementor-widget elementor-widget-heading\" data-id=\"f970697\" data-element_type=\"widget\" data-e-type=\"widget\" data-widget_type=\"heading.default\">\n\t\t\t\t<div class=\"elementor-widget-container\">\n\t\t\t\t\t<h2 class=\"elementor-heading-title elementor-size-default\">Elenco dei membri<\/h2>\t\t\t\t<\/div>\n\t\t\t\t<\/div>\n\t\t\t\t<div class=\"elementor-element elementor-element-df4b079 elementor-grid-1 elementor-posts--thumbnail-none elementor-grid-tablet-2 elementor-grid-mobile-1 elementor-card-shadow-yes elementor-posts__hover-gradient elementor-widget elementor-widget-posts\" data-id=\"df4b079\" data-element_type=\"widget\" data-e-type=\"widget\" data-settings=\"{&quot;cards_columns&quot;:&quot;1&quot;,&quot;cards_columns_tablet&quot;:&quot;2&quot;,&quot;cards_columns_mobile&quot;:&quot;1&quot;,&quot;cards_row_gap&quot;:{&quot;unit&quot;:&quot;px&quot;,&quot;size&quot;:35,&quot;sizes&quot;:[]},&quot;cards_row_gap_tablet&quot;:{&quot;unit&quot;:&quot;px&quot;,&quot;size&quot;:&quot;&quot;,&quot;sizes&quot;:[]},&quot;cards_row_gap_mobile&quot;:{&quot;unit&quot;:&quot;px&quot;,&quot;size&quot;:&quot;&quot;,&quot;sizes&quot;:[]}}\" data-widget_type=\"posts.cards\">\n\t\t\t\t<div class=\"elementor-widget-container\">\n\t\t\t\t\t\t\t<div class=\"elementor-posts-container elementor-posts elementor-posts--skin-cards elementor-grid\" role=\"list\">\n\t\t\t\t<article class=\"elementor-post elementor-grid-item post-11326 post type-post status-publish format-standard hentry category-consiglio-presbiteriale category-persone category-ufficio-diocesano-pastorale-giovanile category-ufficio-diocesano-pastorale-universitaria\" role=\"listitem\">\n\t\t\t<div class=\"elementor-post__card\">\n\t\t\t\t<div class=\"elementor-post__text\">\n\t\t\t\t<h3 class=\"elementor-post__title\">\n\t\t\t<a href=\"https:\/\/arcidiocesicampobasso.it\/index.php\/2024\/11\/25\/sac-francesco-labarile\/\" >\n\t\t\t\tSac. Francesco LABARILE\t\t\t<\/a>\n\t\t<\/h3>\n\t\t\t\t<\/div>\n\t\t\t\t\t<\/div>\n\t\t<\/article>\n\t\t\t\t<article class=\"elementor-post elementor-grid-item post-11348 post type-post status-publish format-standard hentry category-capitolo-cattedrale category-persone category-ufficio-diocesano-pastorale-universitaria category-ufficio-diocesano-pastorale-vocazionale-e-ministranti\" role=\"listitem\">\n\t\t\t<div class=\"elementor-post__card\">\n\t\t\t\t<div class=\"elementor-post__text\">\n\t\t\t\t<h3 class=\"elementor-post__title\">\n\t\t\t<a href=\"https:\/\/arcidiocesicampobasso.it\/index.php\/2024\/11\/25\/can-davide-giuseppe-picciano\/\" >\n\t\t\t\tCan. Davide Giuseppe PICCIANO\t\t\t<\/a>\n\t\t<\/h3>\n\t\t\t\t<\/div>\n\t\t\t\t\t<\/div>\n\t\t<\/article>\n\t\t\t\t<\/div>\n\t\t\n\t\t\t\t\t\t<\/div>\n\t\t\t\t<\/div>\n\t\t\t\t<div class=\"elementor-element elementor-element-059f89a elementor-widget elementor-widget-text-editor\" data-id=\"059f89a\" data-element_type=\"widget\" data-e-type=\"widget\" data-widget_type=\"text-editor.default\">\n\t\t\t\t<div class=\"elementor-widget-container\">\n\t\t\t\t\t\t\t\t\t<p>\u00a0<\/p><p>\u00a0<\/p>\t\t\t\t\t\t\t\t<\/div>\n\t\t\t\t<\/div>\n\t\t\t\t<div class=\"elementor-element elementor-element-8a0effd elementor-widget-divider--view-line elementor-widget elementor-widget-divider\" data-id=\"8a0effd\" data-element_type=\"widget\" data-e-type=\"widget\" data-widget_type=\"divider.default\">\n\t\t\t\t<div class=\"elementor-widget-container\">\n\t\t\t\t\t\t\t<div class=\"elementor-divider\">\n\t\t\t<span class=\"elementor-divider-separator\">\n\t\t\t\t\t\t<\/span>\n\t\t<\/div>\n\t\t\t\t\t\t<\/div>\n\t\t\t\t<\/div>\n\t\t\t\t<div class=\"elementor-element elementor-element-89ffdb7 elementor-widget elementor-widget-heading\" data-id=\"89ffdb7\" data-element_type=\"widget\" data-e-type=\"widget\" data-widget_type=\"heading.default\">\n\t\t\t\t<div class=\"elementor-widget-container\">\n\t\t\t\t\t<h2 class=\"elementor-heading-title elementor-size-default\">Informazioni<\/h2>\t\t\t\t<\/div>\n\t\t\t\t<\/div>\n\t\t\t\t<div class=\"elementor-element elementor-element-de08b5b elementor-widget elementor-widget-text-editor\" data-id=\"de08b5b\" data-element_type=\"widget\" data-e-type=\"widget\" data-widget_type=\"text-editor.default\">\n\t\t\t\t<div class=\"elementor-widget-container\">\n\t\t\t\t\t\t\t\t\t<h5>Direttore: Sac. Francesco LABARILE<\/h5><h5><br \/>PASTORALE UNIVERSITARIA<br \/>Direttore: Sac. Francesco LABARILE<\/h5><h5><br \/>CAPPELLANIA UNIVERSITARIA<br \/>Direttore: Sac. Davide PICCIANO<\/h5>\t\t\t\t\t\t\t\t<\/div>\n\t\t\t\t<\/div>\n\t\t\t\t<\/div>\n\t\t\t\t\t<\/div>\n\t\t\t\t<\/div>\n\t\t<div class=\"elementor-element elementor-element-6ee7d60 e-flex e-con-boxed e-con e-parent\" data-id=\"6ee7d60\" data-element_type=\"container\" data-e-type=\"container\">\n\t\t\t\t\t<div class=\"e-con-inner\">\n\t\t<div class=\"elementor-element elementor-element-c1132c3 e-con-full e-flex e-con e-child\" data-id=\"c1132c3\" data-element_type=\"container\" data-e-type=\"container\">\n\t\t\t\t<div class=\"elementor-element elementor-element-f69334b elementor-widget elementor-widget-heading\" data-id=\"f69334b\" data-element_type=\"widget\" data-e-type=\"widget\" data-widget_type=\"heading.default\">\n\t\t\t\t<div class=\"elementor-widget-container\">\n\t\t\t\t\t<h2 class=\"elementor-heading-title elementor-size-default\">Documenti<\/h2>\t\t\t\t<\/div>\n\t\t\t\t<\/div>\n\t\t\t\t<\/div>\n\t\t<div class=\"elementor-element elementor-element-3b2b661 e-con-full e-flex e-con e-child\" data-id=\"3b2b661\" data-element_type=\"container\" data-e-type=\"container\">\n\t\t\t\t<div class=\"elementor-element elementor-element-a8177ac elementor-widget elementor-widget-heading\" data-id=\"a8177ac\" data-element_type=\"widget\" data-e-type=\"widget\" data-widget_type=\"heading.default\">\n\t\t\t\t<div class=\"elementor-widget-container\">\n\t\t\t\t\t<h2 class=\"elementor-heading-title elementor-size-default\">Notizie e avvisi<\/h2>\t\t\t\t<\/div>\n\t\t\t\t<\/div>\n\t\t\t\t<\/div>\n\t\t\t\t\t<\/div>\n\t\t\t\t<\/div>\n\t\t<div class=\"elementor-element elementor-element-31e3287 e-flex e-con-boxed e-con e-parent\" data-id=\"31e3287\" data-element_type=\"container\" data-e-type=\"container\">\n\t\t\t\t\t<div class=\"e-con-inner\">\n\t\t\t\t\t<\/div>\n\t\t\t\t<\/div>\n\t\t\t\t<\/div>\n\t\t","protected":false},"excerpt":{"rendered":"<p>UFFICIO DIOCESANO PASTORALE UNIVERSITARIA UN SOSTEGNO SPIRITUALE PER I GIOVANI UNIVERSITARI L\u2019Ufficio Diocesano per la Pastorale Universitaria dell\u2019Arcidiocesi di Campobasso-Boiano \u00e8 impegnato a supportare i giovani che vivono l\u2019esperienza universitaria,<\/p>\n","protected":false},"author":1,"featured_media":0,"parent":0,"menu_order":0,"comment_status":"closed","ping_status":"closed","template":"elementor_header_footer","meta":{"ngg_post_thumbnail":0,"footnotes":""},"class_list":["post-13810","page","type-page","status-publish","hentry"],"_links":{"self":[{"href":"https:\/\/arcidiocesicampobasso.it\/index.php\/wp-json\/wp\/v2\/pages\/13810","targetHints":{"allow":["GET"]}}],"collection":[{"href":"https:\/\/arcidiocesicampobasso.it\/index.php\/wp-json\/wp\/v2\/pages"}],"about":[{"href":"https:\/\/arcidiocesicampobasso.it\/index.php\/wp-json\/wp\/v2\/types\/page"}],"author":[{"embeddable":true,"href":"https:\/\/arcidiocesicampobasso.it\/index.php\/wp-json\/wp\/v2\/users\/1"}],"replies":[{"embeddable":true,"href":"https:\/\/arcidiocesicampobasso.it\/index.php\/wp-json\/wp\/v2\/comments?post=13810"}],"version-history":[{"count":7,"href":"https:\/\/arcidiocesicampobasso.it\/index.php\/wp-json\/wp\/v2\/pages\/13810\/revisions"}],"predecessor-version":[{"id":14697,"href":"https:\/\/arcidiocesicampobasso.it\/index.php\/wp-json\/wp\/v2\/pages\/13810\/revisions\/14697"}],"wp:attachment":[{"href":"https:\/\/arcidiocesicampobasso.it\/index.php\/wp-json\/wp\/v2\/media?parent=13810"}],"curies":[{"name":"wp","href":"https:\/\/api.w.org\/{rel}","templated":true}]}}