{"id":13809,"date":"2024-12-18T15:58:55","date_gmt":"2024-12-18T14:58:55","guid":{"rendered":"https:\/\/arcidiocesicampobasso.it\/?page_id=13809"},"modified":"2025-05-26T15:16:28","modified_gmt":"2025-05-26T13:16:28","slug":"ufficio-diocesano-pastorale-giovanile","status":"publish","type":"page","link":"https:\/\/arcidiocesicampobasso.it\/index.php\/ufficio-diocesano-pastorale-giovanile\/","title":{"rendered":"UFFICIO DIOCESANO PASTORALE GIOVANILE"},"content":{"rendered":"\t\t<div data-elementor-type=\"wp-page\" data-elementor-id=\"13809\" class=\"elementor elementor-13809\" data-elementor-post-type=\"page\">\n\t\t\t\t<div class=\"elementor-element elementor-element-29d5b18 e-flex e-con-boxed e-con e-parent\" data-id=\"29d5b18\" data-element_type=\"container\" data-e-type=\"container\" data-settings=\"{&quot;background_background&quot;:&quot;classic&quot;}\">\n\t\t\t\t\t<div class=\"e-con-inner\">\n\t\t<div class=\"elementor-element elementor-element-f651c2c e-con-full e-flex e-con e-child\" data-id=\"f651c2c\" data-element_type=\"container\" data-e-type=\"container\">\n\t\t\t\t<div class=\"elementor-element elementor-element-baa868c elementor-widget elementor-widget-heading\" data-id=\"baa868c\" data-element_type=\"widget\" data-e-type=\"widget\" data-widget_type=\"heading.default\">\n\t\t\t\t<div class=\"elementor-widget-container\">\n\t\t\t\t\t<h1 class=\"elementor-heading-title elementor-size-default\">UFFICIO DIOCESANO PASTORALE GIOVANILE<\/h1>\t\t\t\t<\/div>\n\t\t\t\t<\/div>\n\t\t\t\t<\/div>\n\t\t<div class=\"elementor-element elementor-element-01c3a09 e-con-full e-flex e-con e-child\" data-id=\"01c3a09\" data-element_type=\"container\" data-e-type=\"container\">\n\t\t\t\t<\/div>\n\t\t\t\t\t<\/div>\n\t\t\t\t<\/div>\n\t\t<div class=\"elementor-element elementor-element-69f82fa e-flex e-con-boxed e-con e-parent\" data-id=\"69f82fa\" data-element_type=\"container\" data-e-type=\"container\">\n\t\t\t\t\t<div class=\"e-con-inner\">\n\t\t<div class=\"elementor-element elementor-element-823d5bd e-con-full e-flex e-con e-child\" data-id=\"823d5bd\" data-element_type=\"container\" data-e-type=\"container\">\n\t\t\t\t<div class=\"elementor-element elementor-element-914f37c elementor-widget elementor-widget-text-editor\" data-id=\"914f37c\" data-element_type=\"widget\" data-e-type=\"widget\" data-widget_type=\"text-editor.default\">\n\t\t\t\t<div class=\"elementor-widget-container\">\n\t\t\t\t\t\t\t\t\t<h5><strong>UN CAMMINO DI CRESCITA E IMPEGNO PER I GIOVANI<\/strong><\/h5><h5>L\u2019Ufficio Diocesano per la Pastorale Giovanile dell&#8217;Arcidiocesi di Campobasso-Boiano si impegna a rispondere alle esigenze spirituali, culturali e sociali dei giovani, accompagnandoli in un cammino di fede che li aiuti a scoprire il loro ruolo nella Chiesa e nella societ\u00e0. La pastorale giovanile non \u00e8 solo un insieme di attivit\u00e0, ma un vero e proprio percorso formativo che cerca di valorizzare le risorse e le potenzialit\u00e0 dei ragazzi e delle ragazze, aiutandoli a diventare protagonisti di un mondo migliore, pi\u00f9 giusto e solidale.<\/h5><h5>L\u2019ufficio offre un ampio ventaglio di iniziative che spaziano dai gruppi giovanili alle esperienze di volontariato, dai ritiri spirituali alle occasioni di formazione e riflessione, passando per momenti di socializzazione e divertimento. Questi eventi sono pensati non solo per rafforzare la fede, ma anche per aiutare i giovani a sviluppare capacit\u00e0 di leadership, di servizio e di impegno civico.<\/h5><h5>Un aspetto fondamentale della Pastorale Giovanile \u00e8 la creazione di spazi dove i giovani possano confrontarsi, esprimere le loro difficolt\u00e0 e le loro domande esistenziali, ma anche scoprire e vivere la bellezza della fede cristiana. L\u2019Ufficio promuove attivit\u00e0 che stimolino la loro crescita integrale, aiutandoli a riflettere sui valori della solidariet\u00e0, dell\u2019amore per il prossimo, della giustizia sociale e della pace.<\/h5><h5>Oltre a fornire opportunit\u00e0 di incontro e di approfondimento spirituale, la Pastorale Giovanile dell\u2019Arcidiocesi \u00e8 anche un invito a prendere sul serio la propria vocazione, sia essa sacerdotale, religiosa, matrimoniale o laicale. Il servizio verso gli altri \u00e8 una delle colonne portanti della proposta formativa, poich\u00e9 ogni giovane \u00e8 chiamato a vivere una fede concreta, che si traduce in atti di carit\u00e0 e solidariet\u00e0 verso chi \u00e8 pi\u00f9 in difficolt\u00e0.<\/h5><h5>L\u2019Ufficio Diocesano per la Pastorale Giovanile non si limita a essere un\u2019organizzazione, ma si pone come un punto di riferimento costante per tutti i giovani della diocesi, un luogo dove poter crescere nella fede, nella speranza e nell\u2019amore, imparando a vivere la propria vita come un dono da condividere con gli altri. Con iniziative che spaziano dalla riflessione spirituale all\u2019impegno concreto, l\u2019ufficio si propone di accompagnare i giovani nel loro percorso di crescita, affinch\u00e9 possano affrontare le sfide della vita con fiducia, con un cuore aperto alla missione e con la consapevolezza che ogni scelta quotidiana pu\u00f2 diventare un atto di fede.<\/h5><h5>In questo modo, la Pastorale Giovanile dell\u2019Arcidiocesi di Campobasso-Boiano mira a formare una generazione di giovani protagonisti, non solo nella vita della Chiesa, ma anche nella costruzione di una societ\u00e0 pi\u00f9 giusta e fraterna.<\/h5><h5>\u00a0<\/h5>\t\t\t\t\t\t\t\t<\/div>\n\t\t\t\t<\/div>\n\t\t\t\t<div class=\"elementor-element elementor-element-ed62d6c elementor-widget-divider--view-line elementor-widget elementor-widget-divider\" data-id=\"ed62d6c\" data-element_type=\"widget\" data-e-type=\"widget\" data-widget_type=\"divider.default\">\n\t\t\t\t<div class=\"elementor-widget-container\">\n\t\t\t\t\t\t\t<div class=\"elementor-divider\">\n\t\t\t<span class=\"elementor-divider-separator\">\n\t\t\t\t\t\t<\/span>\n\t\t<\/div>\n\t\t\t\t\t\t<\/div>\n\t\t\t\t<\/div>\n\t\t\t\t<div class=\"elementor-element elementor-element-f970697 elementor-widget elementor-widget-heading\" data-id=\"f970697\" data-element_type=\"widget\" data-e-type=\"widget\" data-widget_type=\"heading.default\">\n\t\t\t\t<div class=\"elementor-widget-container\">\n\t\t\t\t\t<h2 class=\"elementor-heading-title elementor-size-default\">Elenco dei membri<\/h2>\t\t\t\t<\/div>\n\t\t\t\t<\/div>\n\t\t\t\t<div class=\"elementor-element elementor-element-df4b079 elementor-grid-1 elementor-posts--thumbnail-none elementor-grid-tablet-2 elementor-grid-mobile-1 elementor-card-shadow-yes elementor-posts__hover-gradient elementor-widget elementor-widget-posts\" data-id=\"df4b079\" data-element_type=\"widget\" data-e-type=\"widget\" data-settings=\"{&quot;cards_columns&quot;:&quot;1&quot;,&quot;cards_columns_tablet&quot;:&quot;2&quot;,&quot;cards_columns_mobile&quot;:&quot;1&quot;,&quot;cards_row_gap&quot;:{&quot;unit&quot;:&quot;px&quot;,&quot;size&quot;:35,&quot;sizes&quot;:[]},&quot;cards_row_gap_tablet&quot;:{&quot;unit&quot;:&quot;px&quot;,&quot;size&quot;:&quot;&quot;,&quot;sizes&quot;:[]},&quot;cards_row_gap_mobile&quot;:{&quot;unit&quot;:&quot;px&quot;,&quot;size&quot;:&quot;&quot;,&quot;sizes&quot;:[]}}\" data-widget_type=\"posts.cards\">\n\t\t\t\t<div class=\"elementor-widget-container\">\n\t\t\t\t\t\t\t<div class=\"elementor-posts-container elementor-posts elementor-posts--skin-cards elementor-grid\" role=\"list\">\n\t\t\t\t<article class=\"elementor-post elementor-grid-item post-11326 post type-post status-publish format-standard hentry category-consiglio-presbiteriale category-persone category-ufficio-diocesano-pastorale-giovanile category-ufficio-diocesano-pastorale-universitaria\" role=\"listitem\">\n\t\t\t<div class=\"elementor-post__card\">\n\t\t\t\t<div class=\"elementor-post__text\">\n\t\t\t\t<h3 class=\"elementor-post__title\">\n\t\t\t<a href=\"https:\/\/arcidiocesicampobasso.it\/index.php\/2024\/11\/25\/sac-francesco-labarile\/\" >\n\t\t\t\tSac. Francesco LABARILE\t\t\t<\/a>\n\t\t<\/h3>\n\t\t\t\t<\/div>\n\t\t\t\t\t<\/div>\n\t\t<\/article>\n\t\t\t\t<\/div>\n\t\t\n\t\t\t\t\t\t<\/div>\n\t\t\t\t<\/div>\n\t\t\t\t<div class=\"elementor-element elementor-element-8a0effd elementor-widget-divider--view-line elementor-widget elementor-widget-divider\" data-id=\"8a0effd\" data-element_type=\"widget\" data-e-type=\"widget\" data-widget_type=\"divider.default\">\n\t\t\t\t<div class=\"elementor-widget-container\">\n\t\t\t\t\t\t\t<div class=\"elementor-divider\">\n\t\t\t<span class=\"elementor-divider-separator\">\n\t\t\t\t\t\t<\/span>\n\t\t<\/div>\n\t\t\t\t\t\t<\/div>\n\t\t\t\t<\/div>\n\t\t\t\t<div class=\"elementor-element elementor-element-89ffdb7 elementor-widget elementor-widget-heading\" data-id=\"89ffdb7\" data-element_type=\"widget\" data-e-type=\"widget\" data-widget_type=\"heading.default\">\n\t\t\t\t<div class=\"elementor-widget-container\">\n\t\t\t\t\t<h2 class=\"elementor-heading-title elementor-size-default\">Informazioni<\/h2>\t\t\t\t<\/div>\n\t\t\t\t<\/div>\n\t\t\t\t<div class=\"elementor-element elementor-element-de08b5b elementor-widget elementor-widget-text-editor\" data-id=\"de08b5b\" data-element_type=\"widget\" data-e-type=\"widget\" data-widget_type=\"text-editor.default\">\n\t\t\t\t<div class=\"elementor-widget-container\">\n\t\t\t\t\t\t\t\t\t<h5>Direttore: Sac. Francesco LABARILE<\/h5>\t\t\t\t\t\t\t\t<\/div>\n\t\t\t\t<\/div>\n\t\t\t\t<\/div>\n\t\t\t\t\t<\/div>\n\t\t\t\t<\/div>\n\t\t<div class=\"elementor-element elementor-element-6ee7d60 e-flex e-con-boxed e-con e-parent\" data-id=\"6ee7d60\" data-element_type=\"container\" data-e-type=\"container\">\n\t\t\t\t\t<div class=\"e-con-inner\">\n\t\t<div class=\"elementor-element elementor-element-c1132c3 e-con-full e-flex e-con e-child\" data-id=\"c1132c3\" data-element_type=\"container\" data-e-type=\"container\">\n\t\t\t\t<div class=\"elementor-element elementor-element-f69334b elementor-widget elementor-widget-heading\" data-id=\"f69334b\" data-element_type=\"widget\" data-e-type=\"widget\" data-widget_type=\"heading.default\">\n\t\t\t\t<div class=\"elementor-widget-container\">\n\t\t\t\t\t<h2 class=\"elementor-heading-title elementor-size-default\">Documenti<\/h2>\t\t\t\t<\/div>\n\t\t\t\t<\/div>\n\t\t\t\t<\/div>\n\t\t<div class=\"elementor-element elementor-element-3b2b661 e-con-full e-flex e-con e-child\" data-id=\"3b2b661\" data-element_type=\"container\" data-e-type=\"container\">\n\t\t\t\t<div class=\"elementor-element elementor-element-a8177ac elementor-widget elementor-widget-heading\" data-id=\"a8177ac\" data-element_type=\"widget\" data-e-type=\"widget\" data-widget_type=\"heading.default\">\n\t\t\t\t<div class=\"elementor-widget-container\">\n\t\t\t\t\t<h2 class=\"elementor-heading-title elementor-size-default\">Notizie e avvisi<\/h2>\t\t\t\t<\/div>\n\t\t\t\t<\/div>\n\t\t\t\t<\/div>\n\t\t\t\t\t<\/div>\n\t\t\t\t<\/div>\n\t\t<div class=\"elementor-element elementor-element-31e3287 e-flex e-con-boxed e-con e-parent\" data-id=\"31e3287\" data-element_type=\"container\" data-e-type=\"container\">\n\t\t\t\t\t<div class=\"e-con-inner\">\n\t\t\t\t\t<\/div>\n\t\t\t\t<\/div>\n\t\t<div class=\"elementor-element elementor-element-b0abb13 e-flex e-con-boxed e-con e-parent\" data-id=\"b0abb13\" data-element_type=\"container\" data-e-type=\"container\">\n\t\t\t\t\t<div class=\"e-con-inner\">\n\t\t\t\t<div class=\"elementor-element elementor-element-28eef3b elementor-widget elementor-widget-text-editor\" data-id=\"28eef3b\" data-element_type=\"widget\" data-e-type=\"widget\" data-widget_type=\"text-editor.default\">\n\t\t\t\t<div class=\"elementor-widget-container\">\n\t\t\t\t\t\t\t\t\t<p>Lorem ipsum dolor sit amet, consectetur adipiscing elit. Ut elit tellus, luctus nec ullamcorper mattis, pulvinar dapibus leo.<\/p>\t\t\t\t\t\t\t\t<\/div>\n\t\t\t\t<\/div>\n\t\t\t\t\t<\/div>\n\t\t\t\t<\/div>\n\t\t\t\t<\/div>\n\t\t","protected":false},"excerpt":{"rendered":"<p>UFFICIO DIOCESANO PASTORALE GIOVANILE UN CAMMINO DI CRESCITA E IMPEGNO PER I GIOVANI L\u2019Ufficio Diocesano per la Pastorale Giovanile dell&#8217;Arcidiocesi di Campobasso-Boiano si impegna a rispondere alle esigenze spirituali, culturali<\/p>\n","protected":false},"author":1,"featured_media":0,"parent":0,"menu_order":0,"comment_status":"closed","ping_status":"closed","template":"elementor_header_footer","meta":{"ngg_post_thumbnail":0,"footnotes":""},"class_list":["post-13809","page","type-page","status-publish","hentry"],"_links":{"self":[{"href":"https:\/\/arcidiocesicampobasso.it\/index.php\/wp-json\/wp\/v2\/pages\/13809","targetHints":{"allow":["GET"]}}],"collection":[{"href":"https:\/\/arcidiocesicampobasso.it\/index.php\/wp-json\/wp\/v2\/pages"}],"about":[{"href":"https:\/\/arcidiocesicampobasso.it\/index.php\/wp-json\/wp\/v2\/types\/page"}],"author":[{"embeddable":true,"href":"https:\/\/arcidiocesicampobasso.it\/index.php\/wp-json\/wp\/v2\/users\/1"}],"replies":[{"embeddable":true,"href":"https:\/\/arcidiocesicampobasso.it\/index.php\/wp-json\/wp\/v2\/comments?post=13809"}],"version-history":[{"count":13,"href":"https:\/\/arcidiocesicampobasso.it\/index.php\/wp-json\/wp\/v2\/pages\/13809\/revisions"}],"predecessor-version":[{"id":14694,"href":"https:\/\/arcidiocesicampobasso.it\/index.php\/wp-json\/wp\/v2\/pages\/13809\/revisions\/14694"}],"wp:attachment":[{"href":"https:\/\/arcidiocesicampobasso.it\/index.php\/wp-json\/wp\/v2\/media?parent=13809"}],"curies":[{"name":"wp","href":"https:\/\/api.w.org\/{rel}","templated":true}]}}