{"id":13756,"date":"2024-12-18T15:20:11","date_gmt":"2024-12-18T14:20:11","guid":{"rendered":"https:\/\/arcidiocesicampobasso.it\/?page_id=13756"},"modified":"2025-05-26T15:15:41","modified_gmt":"2025-05-26T13:15:41","slug":"ufficio-diocesano-pastorale-missionaria","status":"publish","type":"page","link":"https:\/\/arcidiocesicampobasso.it\/index.php\/ufficio-diocesano-pastorale-missionaria\/","title":{"rendered":"UFFICIO DIOCESANO PASTORALE MISSIONARIA"},"content":{"rendered":"\t\t<div data-elementor-type=\"wp-page\" data-elementor-id=\"13756\" class=\"elementor elementor-13756\" data-elementor-post-type=\"page\">\n\t\t\t\t<div class=\"elementor-element elementor-element-29d5b18 e-flex e-con-boxed e-con e-parent\" data-id=\"29d5b18\" data-element_type=\"container\" data-e-type=\"container\" data-settings=\"{&quot;background_background&quot;:&quot;classic&quot;}\">\n\t\t\t\t\t<div class=\"e-con-inner\">\n\t\t<div class=\"elementor-element elementor-element-f651c2c e-con-full e-flex e-con e-child\" data-id=\"f651c2c\" data-element_type=\"container\" data-e-type=\"container\">\n\t\t\t\t<div class=\"elementor-element elementor-element-baa868c elementor-widget elementor-widget-heading\" data-id=\"baa868c\" data-element_type=\"widget\" data-e-type=\"widget\" data-widget_type=\"heading.default\">\n\t\t\t\t<div class=\"elementor-widget-container\">\n\t\t\t\t\t<h1 class=\"elementor-heading-title elementor-size-default\">UFFICIO DIOCESANO PASTORALE MISSIONARIA<\/h1>\t\t\t\t<\/div>\n\t\t\t\t<\/div>\n\t\t\t\t<\/div>\n\t\t<div class=\"elementor-element elementor-element-01c3a09 e-con-full e-flex e-con e-child\" data-id=\"01c3a09\" data-element_type=\"container\" data-e-type=\"container\">\n\t\t\t\t<\/div>\n\t\t\t\t\t<\/div>\n\t\t\t\t<\/div>\n\t\t<div class=\"elementor-element elementor-element-69f82fa e-flex e-con-boxed e-con e-parent\" data-id=\"69f82fa\" data-element_type=\"container\" data-e-type=\"container\">\n\t\t\t\t\t<div class=\"e-con-inner\">\n\t\t<div class=\"elementor-element elementor-element-823d5bd e-con-full e-flex e-con e-child\" data-id=\"823d5bd\" data-element_type=\"container\" data-e-type=\"container\">\n\t\t\t\t<div class=\"elementor-element elementor-element-1e7fa86 elementor-widget elementor-widget-text-editor\" data-id=\"1e7fa86\" data-element_type=\"widget\" data-e-type=\"widget\" data-widget_type=\"text-editor.default\">\n\t\t\t\t<div class=\"elementor-widget-container\">\n\t\t\t\t\t\t\t\t\t<h5><strong>UN IMPEGNO PER IL VANGELO NEL MONDO<\/strong><\/h5><h5>L\u2019Ufficio Diocesano per la Pastorale Missionaria dell&#8217;Arcidiocesi di Campobasso-Boiano \u00e8 un punto di riferimento fondamentale per la Chiesa locale nel suo impegno a vivere la missione evangelizzatrice, sia a livello globale che locale. La missione non \u00e8 solo un\u2019attivit\u00e0 che riguarda i luoghi lontani, ma \u00e8 un invito a rendere il Vangelo vivo in ogni angolo della nostra quotidianit\u00e0.<\/h5><h5>L\u2019Ufficio si occupa di sensibilizzare la comunit\u00e0 cristiana sull\u2019importanza di questa missione, sia attraverso il sostegno alle missioni all\u2019estero, sia promuovendo un&#8217;azione missionaria nel cuore della nostra societ\u00e0.<\/h5><h5>La missione, come la intende l\u2019ufficio, \u00e8 un cammino di testimonianza della fede, che si sviluppa in vari ambiti: dalla solidariet\u00e0 verso i pi\u00f9 poveri e bisognosi, alla promozione della pace e della giustizia, fino all\u2019impegno a portare la Parola di Dio in ogni realt\u00e0, anche quella pi\u00f9 vicina. Il compito dell\u2019Ufficio Diocesano \u00e8 quello di educare e coinvolgere i fedeli in attivit\u00e0 che alimentano una cultura della missione, facendo crescere la consapevolezza che ogni cristiano \u00e8 chiamato a essere testimone del Vangelo, attraverso azioni concrete e quotidiane.<\/h5><h5>Inoltre, l\u2019Ufficio coordina e promuove attivit\u00e0 che sostengono le missioni in terre lontane, con particolare attenzione alle opere di carit\u00e0 e ai progetti di sviluppo che cercano di rispondere ai bisogni primari dei popoli pi\u00f9 poveri. I missionari, che operano in vari angoli del mondo, sono visti come portatori di speranza, ma anche come testimoni che richiamano alla responsabilit\u00e0 di ogni cristiano verso gli altri, soprattutto verso chi vive in situazioni di difficolt\u00e0 e privazione.<\/h5><h5>Al contempo, la Pastorale Missionaria si sviluppa anche all\u2019interno del territorio di Campobasso-Boiano, dove l\u2019ufficio propone momenti di riflessione e formazione per aiutare i fedeli a scoprire la propria vocazione missionaria. Ogni battezzato, infatti, \u00e8 chiamato a portare il messaggio di speranza e di amore in tutti i contesti della propria vita, non solo nel lontano Oriente o Africa, ma anche nelle relazioni quotidiane con amici, colleghi e familiari.<\/h5><h5>In sintesi, la Pastorale Missionaria dell&#8217;Arcidiocesi di Campobasso-Boiano non \u00e8 solo un\u2019azione di invio dei missionari, ma un cammino di consapevolezza per tutta la comunit\u00e0, che invita ogni cristiano a partecipare attivamente alla missione della Chiesa, con il cuore aperto alla universalit\u00e0 del messaggio cristiano. Un impegno che parte dal piccolo, ma che guarda al mondo intero, affinch\u00e9 il Vangelo possa raggiungere ogni persona, in ogni angolo della Terra.<\/h5>\t\t\t\t\t\t\t\t<\/div>\n\t\t\t\t<\/div>\n\t\t\t\t<div class=\"elementor-element elementor-element-ed62d6c elementor-widget-divider--view-line elementor-widget elementor-widget-divider\" data-id=\"ed62d6c\" data-element_type=\"widget\" data-e-type=\"widget\" data-widget_type=\"divider.default\">\n\t\t\t\t<div class=\"elementor-widget-container\">\n\t\t\t\t\t\t\t<div class=\"elementor-divider\">\n\t\t\t<span class=\"elementor-divider-separator\">\n\t\t\t\t\t\t<\/span>\n\t\t<\/div>\n\t\t\t\t\t\t<\/div>\n\t\t\t\t<\/div>\n\t\t\t\t<div class=\"elementor-element elementor-element-f970697 elementor-widget elementor-widget-heading\" data-id=\"f970697\" data-element_type=\"widget\" data-e-type=\"widget\" data-widget_type=\"heading.default\">\n\t\t\t\t<div class=\"elementor-widget-container\">\n\t\t\t\t\t<h2 class=\"elementor-heading-title elementor-size-default\">Elenco dei membri<\/h2>\t\t\t\t<\/div>\n\t\t\t\t<\/div>\n\t\t\t\t<div class=\"elementor-element elementor-element-df4b079 elementor-grid-1 elementor-posts--thumbnail-none elementor-grid-tablet-2 elementor-grid-mobile-1 elementor-card-shadow-yes elementor-posts__hover-gradient elementor-widget elementor-widget-posts\" data-id=\"df4b079\" data-element_type=\"widget\" data-e-type=\"widget\" data-settings=\"{&quot;cards_columns&quot;:&quot;1&quot;,&quot;cards_columns_tablet&quot;:&quot;2&quot;,&quot;cards_columns_mobile&quot;:&quot;1&quot;,&quot;cards_row_gap&quot;:{&quot;unit&quot;:&quot;px&quot;,&quot;size&quot;:35,&quot;sizes&quot;:[]},&quot;cards_row_gap_tablet&quot;:{&quot;unit&quot;:&quot;px&quot;,&quot;size&quot;:&quot;&quot;,&quot;sizes&quot;:[]},&quot;cards_row_gap_mobile&quot;:{&quot;unit&quot;:&quot;px&quot;,&quot;size&quot;:&quot;&quot;,&quot;sizes&quot;:[]}}\" data-widget_type=\"posts.cards\">\n\t\t\t\t<div class=\"elementor-widget-container\">\n\t\t\t\t\t\t\t<div class=\"elementor-posts-container elementor-posts elementor-posts--skin-cards elementor-grid\" role=\"list\">\n\t\t\t\t<article class=\"elementor-post elementor-grid-item post-11311 post type-post status-publish format-standard hentry category-consiglio-presbiteriale category-persone category-ufficio-diocesano-pastorale-missionaria\" role=\"listitem\">\n\t\t\t<div class=\"elementor-post__card\">\n\t\t\t\t<div class=\"elementor-post__text\">\n\t\t\t\t<h3 class=\"elementor-post__title\">\n\t\t\t<a href=\"https:\/\/arcidiocesicampobasso.it\/index.php\/2024\/11\/25\/sac-adriano-cifelli\/\" >\n\t\t\t\tSac. Adriano CIFELLI\t\t\t<\/a>\n\t\t<\/h3>\n\t\t\t\t<\/div>\n\t\t\t\t\t<\/div>\n\t\t<\/article>\n\t\t\t\t<\/div>\n\t\t\n\t\t\t\t\t\t<\/div>\n\t\t\t\t<\/div>\n\t\t\t\t<div class=\"elementor-element elementor-element-8a0effd elementor-widget-divider--view-line elementor-widget elementor-widget-divider\" data-id=\"8a0effd\" data-element_type=\"widget\" data-e-type=\"widget\" data-widget_type=\"divider.default\">\n\t\t\t\t<div class=\"elementor-widget-container\">\n\t\t\t\t\t\t\t<div class=\"elementor-divider\">\n\t\t\t<span class=\"elementor-divider-separator\">\n\t\t\t\t\t\t<\/span>\n\t\t<\/div>\n\t\t\t\t\t\t<\/div>\n\t\t\t\t<\/div>\n\t\t\t\t<div class=\"elementor-element elementor-element-89ffdb7 elementor-widget elementor-widget-heading\" data-id=\"89ffdb7\" data-element_type=\"widget\" data-e-type=\"widget\" data-widget_type=\"heading.default\">\n\t\t\t\t<div class=\"elementor-widget-container\">\n\t\t\t\t\t<h2 class=\"elementor-heading-title elementor-size-default\">Informazioni<\/h2>\t\t\t\t<\/div>\n\t\t\t\t<\/div>\n\t\t\t\t<div class=\"elementor-element elementor-element-de08b5b elementor-widget elementor-widget-text-editor\" data-id=\"de08b5b\" data-element_type=\"widget\" data-e-type=\"widget\" data-widget_type=\"text-editor.default\">\n\t\t\t\t<div class=\"elementor-widget-container\">\n\t\t\t\t\t\t\t\t\t<h5>Direttore: Sac. Adriano CIFELLI<\/h5>\t\t\t\t\t\t\t\t<\/div>\n\t\t\t\t<\/div>\n\t\t\t\t<\/div>\n\t\t\t\t\t<\/div>\n\t\t\t\t<\/div>\n\t\t<div class=\"elementor-element elementor-element-31e3287 e-flex e-con-boxed e-con e-parent\" data-id=\"31e3287\" data-element_type=\"container\" data-e-type=\"container\">\n\t\t\t\t\t<div class=\"e-con-inner\">\n\t\t\t\t<div class=\"elementor-element elementor-element-f9e87da elementor-widget elementor-widget-image\" data-id=\"f9e87da\" data-element_type=\"widget\" data-e-type=\"widget\" data-widget_type=\"image.default\">\n\t\t\t\t<div class=\"elementor-widget-container\">\n\t\t\t\t\t\t\t\t\t\t\t\t\t\t\t<img fetchpriority=\"high\" decoding=\"async\" width=\"1131\" height=\"799\" src=\"https:\/\/arcidiocesicampobasso.it\/wp-content\/uploads\/2025\/03\/0-1W2jpg.jpg\" class=\"attachment-full size-full wp-image-17238\" alt=\"\" srcset=\"https:\/\/arcidiocesicampobasso.it\/wp-content\/uploads\/2025\/03\/0-1W2jpg.jpg 1131w, https:\/\/arcidiocesicampobasso.it\/wp-content\/uploads\/2025\/03\/0-1W2jpg-300x212.jpg 300w, https:\/\/arcidiocesicampobasso.it\/wp-content\/uploads\/2025\/03\/0-1W2jpg-1012x715.jpg 1012w, https:\/\/arcidiocesicampobasso.it\/wp-content\/uploads\/2025\/03\/0-1W2jpg-768x543.jpg 768w\" sizes=\"(max-width: 1131px) 100vw, 1131px\" \/>\t\t\t\t\t\t\t\t\t\t\t\t\t\t\t<\/div>\n\t\t\t\t<\/div>\n\t\t\t\t\t<\/div>\n\t\t\t\t<\/div>\n\t\t<div class=\"elementor-element elementor-element-d48483e e-flex e-con-boxed e-con e-parent\" data-id=\"d48483e\" data-element_type=\"container\" data-e-type=\"container\">\n\t\t\t\t\t<div class=\"e-con-inner\">\n\t\t\t\t<div class=\"elementor-element elementor-element-b0f3a2a elementor-widget elementor-widget-text-editor\" data-id=\"b0f3a2a\" data-element_type=\"widget\" data-e-type=\"widget\" data-widget_type=\"text-editor.default\">\n\t\t\t\t<div class=\"elementor-widget-container\">\n\t\t\t\t\t\t\t\t\t<p><strong>SCARICA LA <span style=\"color: #3366ff;\"><a style=\"color: #3366ff;\" href=\"https:\/\/arcidiocesicampobasso.it\/wp-content\/uploads\/2025\/03\/LOCANDINA-3.pdf\">LOCANDINA<\/a><\/span> DELL&#8217;EVENTO<\/strong><\/p><p><strong>SCARICA IL <span style=\"color: #3366ff;\"><a style=\"color: #3366ff;\" href=\"https:\/\/arcidiocesicampobasso.it\/wp-content\/uploads\/2025\/03\/SUSSIDIO-VEGLIA.pdf\">SUSSIDIO VEGLIA<\/a><\/span><\/strong><\/p><p>\u00a0<\/p>\t\t\t\t\t\t\t\t<\/div>\n\t\t\t\t<\/div>\n\t\t\t\t<div class=\"elementor-element elementor-element-5105c32 elementor-widget elementor-widget-image\" data-id=\"5105c32\" data-element_type=\"widget\" data-e-type=\"widget\" data-widget_type=\"image.default\">\n\t\t\t\t<div class=\"elementor-widget-container\">\n\t\t\t\t\t\t\t\t\t\t\t\t\t\t\t<img decoding=\"async\" width=\"2480\" height=\"1860\" src=\"https:\/\/arcidiocesicampobasso.it\/wp-content\/uploads\/2025\/03\/PANA0160-copia.jpg\" class=\"attachment-full size-full wp-image-17244\" alt=\"\" srcset=\"https:\/\/arcidiocesicampobasso.it\/wp-content\/uploads\/2025\/03\/PANA0160-copia.jpg 2480w, https:\/\/arcidiocesicampobasso.it\/wp-content\/uploads\/2025\/03\/PANA0160-copia-300x225.jpg 300w, https:\/\/arcidiocesicampobasso.it\/wp-content\/uploads\/2025\/03\/PANA0160-copia-1012x759.jpg 1012w, https:\/\/arcidiocesicampobasso.it\/wp-content\/uploads\/2025\/03\/PANA0160-copia-768x576.jpg 768w, https:\/\/arcidiocesicampobasso.it\/wp-content\/uploads\/2025\/03\/PANA0160-copia-1536x1152.jpg 1536w, https:\/\/arcidiocesicampobasso.it\/wp-content\/uploads\/2025\/03\/PANA0160-copia-2048x1536.jpg 2048w\" sizes=\"(max-width: 2480px) 100vw, 2480px\" \/>\t\t\t\t\t\t\t\t\t\t\t\t\t\t\t<\/div>\n\t\t\t\t<\/div>\n\t\t\t\t<div class=\"elementor-element elementor-element-8e87287 elementor-widget elementor-widget-image\" data-id=\"8e87287\" data-element_type=\"widget\" data-e-type=\"widget\" data-widget_type=\"image.default\">\n\t\t\t\t<div class=\"elementor-widget-container\">\n\t\t\t\t\t\t\t\t\t\t\t\t\t\t\t<img decoding=\"async\" width=\"2560\" height=\"1920\" src=\"https:\/\/arcidiocesicampobasso.it\/wp-content\/uploads\/2025\/03\/PANA0203-scaled.jpg\" class=\"attachment-full size-full wp-image-17245\" alt=\"\" srcset=\"https:\/\/arcidiocesicampobasso.it\/wp-content\/uploads\/2025\/03\/PANA0203-scaled.jpg 2560w, https:\/\/arcidiocesicampobasso.it\/wp-content\/uploads\/2025\/03\/PANA0203-300x225.jpg 300w, https:\/\/arcidiocesicampobasso.it\/wp-content\/uploads\/2025\/03\/PANA0203-1012x759.jpg 1012w, https:\/\/arcidiocesicampobasso.it\/wp-content\/uploads\/2025\/03\/PANA0203-768x576.jpg 768w, https:\/\/arcidiocesicampobasso.it\/wp-content\/uploads\/2025\/03\/PANA0203-1536x1152.jpg 1536w, https:\/\/arcidiocesicampobasso.it\/wp-content\/uploads\/2025\/03\/PANA0203-2048x1536.jpg 2048w\" sizes=\"(max-width: 2560px) 100vw, 2560px\" \/>\t\t\t\t\t\t\t\t\t\t\t\t\t\t\t<\/div>\n\t\t\t\t<\/div>\n\t\t\t\t<div class=\"elementor-element elementor-element-576cf1c elementor-widget elementor-widget-text-editor\" data-id=\"576cf1c\" data-element_type=\"widget\" data-e-type=\"widget\" data-widget_type=\"text-editor.default\">\n\t\t\t\t<div class=\"elementor-widget-container\">\n\t\t\t\t\t\t\t\t\t<p><strong>ASCOLTARE, ATTUALIZZARE E PRATICARE LA PAROLA DI DIO<\/strong><\/p><h5 style=\"text-align: center;\"><strong>MISSIONARI DI UNIONE E SPERANZA<\/strong><\/h5><p style=\"text-align: center;\"><strong>\u00a0di <\/strong><strong>Luigi Malvatani<\/strong><\/p><p>La veglia missionaria \u00e8 un evento che ogni ottobre unisce la comunit\u00e0 diocesana con la speranza di condividere messaggi di amore, solidariet\u00e0 e fede.<\/p><p>Quest\u2019anno il Centro Missionario Diocesano ha organizzato una serata speciale presso la Cattedrale di Campobasso dedicata alla missione, un\u2019occasione per ascoltare, attualizzare e praticare la parola di Dio che non conosce confini.<\/p><p>Il tema della serata \u00e8 stato \u201cUn banchetto per tutti i popoli\u201d e l\u2019\u2019invito rivolto a tutti \u00e8 stato di passare dal banchetto dell\u2019accumulo, del consumismo e dell\u2019individualismo a quello della condivisione, dell\u2019essenzialit\u00e0 e della fraternit\u00e0.<\/p><p>Pochi ma essenziali i simboli che hanno caratterizzato la veglia del 26 ottobre: la croce missionaria decorata con drappi e ai suoi piedi 5 candele ad indicare i 5 continenti, un allestimento semplice per lasciare spazio alla riflessione, alla preghiera e alla testimonianza.<\/p><p>La serata si \u00e8 aperta con una breve introduzione del nostro Arcivescovo mons. Biagio Colaianni, che ha parlato dell\u2019importanza della missione nel mondo contemporaneo e di un rinnovato senso di missione. Ha esortato ad un ripensamento dell\u2019idea di missione, da intendere non soltanto come ci\u00f2 che riguarda i lontani perch\u00e9 la missione \u00e8 anche missione di prossimit\u00e0, quella missione che mons. Colaianni ha definito \u201cmissione della porta accanto\u201d invitando a pregare per coloro che sono in terre lontane, ma soprattutto per quei laici che non hanno a cuore l\u2019evangelizzazione del mondo con la speranza di sensibilizzare il laicato ad evangelizzare nella Chiesa, senza delegare.<\/p><p>Uno degli aspetti pi\u00f9 coinvolgenti della veglia \u00e8 stata la possibilit\u00e0 di ascoltare esperienze legate alla missione, quelle che cambiano la vita, trasformano il cuore e aprono gli occhi su realt\u00e0 lontane dalla nostra quotidianit\u00e0. Irene, una giovane volontaria italiana, ha intrapreso un viaggio straordinario in Romania, dove ha potuto toccare con mano la fragilit\u00e0 e la bellezza della vita. Quella che inizialmente sembrava un\u2019avventura si \u00e8 rivelata un incontro profondo con i bambini lontani dalle nostre comodit\u00e0 e dai nostri banchetti dell\u2019accumulo, ha capito quanto fosse potente l\u2019amore che stava dando e ricevendo, gli abbracci dei bambini, i loro sguardi pieni di quell\u2019incredibile miscela di innocenza e saggezza, erano doni inestimabili.<\/p><p>Il racconto di Irene non \u00e8 stato solo una cronaca, ma una testimonianza vivente di fede e speranza, ricordando a tutti il potere trasformativo dell\u2019amore e della solidariet\u00e0, lasciando un\u2019impronta indelebile nei cuori di chi l\u2019ha ascoltata.<\/p><p>Un altro momento molto importante \u00e8 stato il conferimento del mandato missionario da parte dell\u2019Arcivescovo a cinque nuovi operatori pastorali, segnando cos\u00ec l\u2019inizio di un percorso ricco di speranza e opportunit\u00e0 per la nostra comunit\u00e0. Questo evento non \u00e8 stato solo una formalit\u00e0, ha rappresentato una chiamata profonda e una nuova responsabilit\u00e0, un invito a portare la luce del Vangelo nei cuori e nelle vite delle persone.<\/p><p>Ognuno di loro porta con s\u00e9 una storia unica, una relazione personale con Dio e un desiderio ardente di servire gli altri. Dopo che erano stati annunciati, l\u2019Arcivescovo li ha accolti con un gesto simbolico, una piccola croce missionaria posta tra le loro mani, trasmettendo loro non solo la sua benedizione, ma anche la forza necessaria per affrontare le sfide della missione.<\/p><p>La veglia missionaria ha dimostrato come la comunit\u00e0 possa unirsi per un obiettivo comune, alimentato dalla fede e dall\u2019amore per il prossimo, ma \u00e8 fondamentale che tutti portino con s\u00e9 i messaggi e le emozioni vissute, trasformandoli in azioni quotidiane. Ogni singolo gesto, per quanto piccolo, pu\u00f2 fare la differenza nella vita di qualcuno. Avanti cos\u00ec, con coraggio e determinazione, per costruire un mondo migliore, dove ciascuno abbia la propria voce e possa contribuire al bene comune.<\/p><p>La missione continua, e ognuno di noi \u00e8 chiamato a farne parte.<\/p>\t\t\t\t\t\t\t\t<\/div>\n\t\t\t\t<\/div>\n\t\t\t\t\t<\/div>\n\t\t\t\t<\/div>\n\t\t<div class=\"elementor-element elementor-element-b83c19e e-flex e-con-boxed e-con e-parent\" data-id=\"b83c19e\" data-element_type=\"container\" data-e-type=\"container\">\n\t\t\t\t\t<div class=\"e-con-inner\">\n\t\t\t\t<div class=\"elementor-element elementor-element-c79847e elementor-widget elementor-widget-video\" data-id=\"c79847e\" data-element_type=\"widget\" data-e-type=\"widget\" data-settings=\"{&quot;youtube_url&quot;:&quot;https:\\\/\\\/youtu.be\\\/tn7f0y4cQCA?si=2pgmX1nZmWlvl-Gs&quot;,&quot;video_type&quot;:&quot;youtube&quot;,&quot;controls&quot;:&quot;yes&quot;}\" data-widget_type=\"video.default\">\n\t\t\t\t<div class=\"elementor-widget-container\">\n\t\t\t\t\t\t\t<div class=\"elementor-wrapper elementor-open-inline\">\n\t\t\t<div class=\"elementor-video\"><\/div>\t\t<\/div>\n\t\t\t\t\t\t<\/div>\n\t\t\t\t<\/div>\n\t\t\t\t\t<\/div>\n\t\t\t\t<\/div>\n\t\t<div class=\"elementor-element elementor-element-8d197c7 e-flex e-con-boxed e-con e-parent\" data-id=\"8d197c7\" data-element_type=\"container\" data-e-type=\"container\">\n\t\t\t\t\t<div class=\"e-con-inner\">\n\t\t\t\t<div class=\"elementor-element elementor-element-8e916e3 elementor-widget elementor-widget-heading\" data-id=\"8e916e3\" data-element_type=\"widget\" data-e-type=\"widget\" data-widget_type=\"heading.default\">\n\t\t\t\t<div class=\"elementor-widget-container\">\n\t\t\t\t\t<h2 class=\"elementor-heading-title elementor-size-default\">33\u00aa GIORNATA MONDIALE DEI MISSIONARI MARTIRI 2025<\/h2>\t\t\t\t<\/div>\n\t\t\t\t<\/div>\n\t\t\t\t\t<\/div>\n\t\t\t\t<\/div>\n\t\t<div class=\"elementor-element elementor-element-1191d85 e-flex e-con-boxed e-con e-parent\" data-id=\"1191d85\" data-element_type=\"container\" data-e-type=\"container\">\n\t\t\t\t\t<div class=\"e-con-inner\">\n\t\t\t\t<div class=\"elementor-element elementor-element-94723b2 elementor-widget elementor-widget-image\" data-id=\"94723b2\" data-element_type=\"widget\" data-e-type=\"widget\" data-widget_type=\"image.default\">\n\t\t\t\t<div class=\"elementor-widget-container\">\n\t\t\t\t\t\t\t\t\t\t\t\t\t\t\t<img loading=\"lazy\" decoding=\"async\" width=\"1091\" height=\"760\" src=\"https:\/\/arcidiocesicampobasso.it\/wp-content\/uploads\/2025\/03\/BANNER.jpg\" class=\"attachment-full size-full wp-image-17054\" alt=\"\" srcset=\"https:\/\/arcidiocesicampobasso.it\/wp-content\/uploads\/2025\/03\/BANNER.jpg 1091w, https:\/\/arcidiocesicampobasso.it\/wp-content\/uploads\/2025\/03\/BANNER-300x209.jpg 300w, https:\/\/arcidiocesicampobasso.it\/wp-content\/uploads\/2025\/03\/BANNER-1012x705.jpg 1012w, https:\/\/arcidiocesicampobasso.it\/wp-content\/uploads\/2025\/03\/BANNER-768x535.jpg 768w, https:\/\/arcidiocesicampobasso.it\/wp-content\/uploads\/2025\/03\/BANNER-400x280.jpg 400w\" sizes=\"(max-width: 1091px) 100vw, 1091px\" \/>\t\t\t\t\t\t\t\t\t\t\t\t\t\t\t<\/div>\n\t\t\t\t<\/div>\n\t\t\t\t\t<\/div>\n\t\t\t\t<\/div>\n\t\t<div class=\"elementor-element elementor-element-efe896e e-flex e-con-boxed e-con e-parent\" data-id=\"efe896e\" data-element_type=\"container\" data-e-type=\"container\">\n\t\t\t\t\t<div class=\"e-con-inner\">\n\t\t\t\t<div class=\"elementor-element elementor-element-6bd8430 elementor-widget elementor-widget-text-editor\" data-id=\"6bd8430\" data-element_type=\"widget\" data-e-type=\"widget\" data-widget_type=\"text-editor.default\">\n\t\t\t\t<div class=\"elementor-widget-container\">\n\t\t\t\t\t\t\t\t\t<p>\u00a0<\/p><p><strong>SCARICA LA <span style=\"color: #3366ff;\"><a style=\"color: #3366ff;\" href=\"https:\/\/arcidiocesicampobasso.it\/wp-content\/uploads\/2025\/03\/LOCANDINA.pdf\">LOCANDINA<\/a><\/span> DELL&#8217;EVENTO<\/strong><\/p><p><strong>SCARICA IL <span style=\"color: #3366ff;\"><a style=\"color: #3366ff;\" href=\"https:\/\/arcidiocesicampobasso.it\/wp-content\/uploads\/2025\/03\/SUSSIDIO-VEGLIA-1.pdf\">SUSSIDIO VEGLIA<\/a><\/span><\/strong><\/p><p><strong>SCARICA INFO <span style=\"color: #3366ff;\"><a style=\"color: #3366ff;\" href=\"https:\/\/arcidiocesicampobasso.it\/wp-content\/uploads\/2025\/03\/Missionari-uccisi-nel-2024.pdf\">Missionari uccisi nel 2024<\/a><\/span><\/strong><\/p>\t\t\t\t\t\t\t\t<\/div>\n\t\t\t\t<\/div>\n\t\t\t\t\t<\/div>\n\t\t\t\t<\/div>\n\t\t<div class=\"elementor-element elementor-element-8bb989b e-flex e-con-boxed e-con e-parent\" data-id=\"8bb989b\" data-element_type=\"container\" data-e-type=\"container\">\n\t\t\t\t\t<div class=\"e-con-inner\">\n\t\t\t\t<div class=\"elementor-element elementor-element-e7258f3 elementor-widget elementor-widget-text-editor\" data-id=\"e7258f3\" data-element_type=\"widget\" data-e-type=\"widget\" data-widget_type=\"text-editor.default\">\n\t\t\t\t<div class=\"elementor-widget-container\">\n\t\t\t\t\t\t\t\t\t<h4>\u00a0<\/h4><h4 style=\"text-align: center;\"><strong>UN INVITO ALLA TESTIMONIANZA <\/strong><strong>E ALLA SOLIDARIET\u00c0<\/strong><\/h4><p>\u00a0<\/p><p>Il 23 marzo, la Diocesi di Campobasso-Boiano ha celebrato la Giornata dei Missionari Martiri presso la Chiesa della Libera, presieduta da S.E. Mons. Biagio Colaianni. Questo evento \u00e8 stato un momento di riflessione e preghiera, in cui si \u00e8 ricordato il sacrificio di coloro che, con la loro vita, hanno testimoniato l&#8217;amore di Dio attraverso l&#8217;annuncio del Vangelo e il servizio ai pi\u00f9 bisognosi.<\/p><p>In questo periodo di Quaresima, siamo chiamati a contribuire concretamente ai progetti di sviluppo nei luoghi pi\u00f9 bisognosi, portando speranza e costruendo un futuro pi\u00f9 giusto e dignitoso per tutti. La riflessione e il momento di preghiera vissuti sono stati un forte stimolo a rinnovare il nostro impegno nella solidariet\u00e0, affinch\u00e9 l&#8217;amore di Cristo possa raggiungere ogni angolo del mondo.<\/p><p>\u00a0<\/p>\t\t\t\t\t\t\t\t<\/div>\n\t\t\t\t<\/div>\n\t\t\t\t\t<\/div>\n\t\t\t\t<\/div>\n\t\t<div class=\"elementor-element elementor-element-72390f5 e-flex e-con-boxed e-con e-parent\" data-id=\"72390f5\" data-element_type=\"container\" data-e-type=\"container\">\n\t\t\t\t\t<div class=\"e-con-inner\">\n\t\t\t\t<div class=\"elementor-element elementor-element-5ab0139 elementor-widget elementor-widget-video\" data-id=\"5ab0139\" data-element_type=\"widget\" data-e-type=\"widget\" data-settings=\"{&quot;youtube_url&quot;:&quot;https:\\\/\\\/youtu.be\\\/STdqsOfQBnw?si=C0BSFnfabdcyqA--&quot;,&quot;video_type&quot;:&quot;youtube&quot;,&quot;controls&quot;:&quot;yes&quot;}\" data-widget_type=\"video.default\">\n\t\t\t\t<div class=\"elementor-widget-container\">\n\t\t\t\t\t\t\t<div class=\"elementor-wrapper elementor-open-inline\">\n\t\t\t<div class=\"elementor-video\"><\/div>\t\t<\/div>\n\t\t\t\t\t\t<\/div>\n\t\t\t\t<\/div>\n\t\t\t\t\t<\/div>\n\t\t\t\t<\/div>\n\t\t\t\t<\/div>\n\t\t","protected":false},"excerpt":{"rendered":"<p>UFFICIO DIOCESANO PASTORALE MISSIONARIA UN IMPEGNO PER IL VANGELO NEL MONDO L\u2019Ufficio Diocesano per la Pastorale Missionaria dell&#8217;Arcidiocesi di Campobasso-Boiano \u00e8 un punto di riferimento fondamentale per la Chiesa locale<\/p>\n","protected":false},"author":1,"featured_media":0,"parent":0,"menu_order":0,"comment_status":"closed","ping_status":"closed","template":"elementor_header_footer","meta":{"ngg_post_thumbnail":0,"footnotes":""},"class_list":["post-13756","page","type-page","status-publish","hentry"],"_links":{"self":[{"href":"https:\/\/arcidiocesicampobasso.it\/index.php\/wp-json\/wp\/v2\/pages\/13756","targetHints":{"allow":["GET"]}}],"collection":[{"href":"https:\/\/arcidiocesicampobasso.it\/index.php\/wp-json\/wp\/v2\/pages"}],"about":[{"href":"https:\/\/arcidiocesicampobasso.it\/index.php\/wp-json\/wp\/v2\/types\/page"}],"author":[{"embeddable":true,"href":"https:\/\/arcidiocesicampobasso.it\/index.php\/wp-json\/wp\/v2\/users\/1"}],"replies":[{"embeddable":true,"href":"https:\/\/arcidiocesicampobasso.it\/index.php\/wp-json\/wp\/v2\/comments?post=13756"}],"version-history":[{"count":22,"href":"https:\/\/arcidiocesicampobasso.it\/index.php\/wp-json\/wp\/v2\/pages\/13756\/revisions"}],"predecessor-version":[{"id":17257,"href":"https:\/\/arcidiocesicampobasso.it\/index.php\/wp-json\/wp\/v2\/pages\/13756\/revisions\/17257"}],"wp:attachment":[{"href":"https:\/\/arcidiocesicampobasso.it\/index.php\/wp-json\/wp\/v2\/media?parent=13756"}],"curies":[{"name":"wp","href":"https:\/\/api.w.org\/{rel}","templated":true}]}}