{"id":13755,"date":"2024-12-18T15:20:04","date_gmt":"2024-12-18T14:20:04","guid":{"rendered":"https:\/\/arcidiocesicampobasso.it\/?page_id=13755"},"modified":"2025-05-26T15:14:52","modified_gmt":"2025-05-26T13:14:52","slug":"ufficio-diocesano-pastorale-scolastica-e-delleducazione","status":"publish","type":"page","link":"https:\/\/arcidiocesicampobasso.it\/index.php\/ufficio-diocesano-pastorale-scolastica-e-delleducazione\/","title":{"rendered":"UFFICIO DIOCESANO PASTORALE SCOLASTICA E DELL\u2019EDUCAZIONE"},"content":{"rendered":"\t\t<div data-elementor-type=\"wp-page\" data-elementor-id=\"13755\" class=\"elementor elementor-13755\" data-elementor-post-type=\"page\">\n\t\t\t\t<div class=\"elementor-element elementor-element-29d5b18 e-flex e-con-boxed e-con e-parent\" data-id=\"29d5b18\" data-element_type=\"container\" data-e-type=\"container\" data-settings=\"{&quot;background_background&quot;:&quot;classic&quot;}\">\n\t\t\t\t\t<div class=\"e-con-inner\">\n\t\t<div class=\"elementor-element elementor-element-f651c2c e-con-full e-flex e-con e-child\" data-id=\"f651c2c\" data-element_type=\"container\" data-e-type=\"container\">\n\t\t\t\t<div class=\"elementor-element elementor-element-baa868c elementor-widget elementor-widget-heading\" data-id=\"baa868c\" data-element_type=\"widget\" data-e-type=\"widget\" data-widget_type=\"heading.default\">\n\t\t\t\t<div class=\"elementor-widget-container\">\n\t\t\t\t\t<h1 class=\"elementor-heading-title elementor-size-default\">UFFICIO DIOCESANO PASTORALE SCOLASTICA E DELL\u2019EDUCAZIONE<\/h1>\t\t\t\t<\/div>\n\t\t\t\t<\/div>\n\t\t\t\t<\/div>\n\t\t<div class=\"elementor-element elementor-element-01c3a09 e-con-full e-flex e-con e-child\" data-id=\"01c3a09\" data-element_type=\"container\" data-e-type=\"container\">\n\t\t\t\t<\/div>\n\t\t\t\t\t<\/div>\n\t\t\t\t<\/div>\n\t\t<div class=\"elementor-element elementor-element-69f82fa e-flex e-con-boxed e-con e-parent\" data-id=\"69f82fa\" data-element_type=\"container\" data-e-type=\"container\">\n\t\t\t\t\t<div class=\"e-con-inner\">\n\t\t<div class=\"elementor-element elementor-element-823d5bd e-con-full e-flex e-con e-child\" data-id=\"823d5bd\" data-element_type=\"container\" data-e-type=\"container\">\n\t\t\t\t<div class=\"elementor-element elementor-element-0f8a0f2 elementor-widget elementor-widget-text-editor\" data-id=\"0f8a0f2\" data-element_type=\"widget\" data-e-type=\"widget\" data-widget_type=\"text-editor.default\">\n\t\t\t\t<div class=\"elementor-widget-container\">\n\t\t\t\t\t\t\t\t\t<h5><strong>UN IMPEGNO PER LA CRESCITA INTEGRALE DELLA PERSONA<\/strong><\/h5><h5>L\u2019Ufficio Diocesano per la Pastorale Scolastica e dell\u2019Educazione dell&#8217;Arcidiocesi di Campobasso-Boiano svolge un ruolo essenziale nell\u2019accompagnare il mondo educativo e scolastico verso una formazione che abbraccia non solo l\u2019aspetto intellettuale, ma anche quello spirituale, umano e sociale. In un&#8217;epoca in cui i giovani sono spesso esposti a sfide complesse, l\u2019ufficio mira a proporre un&#8217;educazione che sia autenticamente cristiana e che sappia rispondere alle necessit\u00e0 del cuore e della mente, orientandosi sempre verso valori di giustizia, solidariet\u00e0 e pace.<\/h5><h5>La missione dell&#8217;Ufficio \u00e8 quella di integrare la dimensione della fede con la crescita culturale e umana degli studenti. La catechesi scolastica, infatti, non si limita a momenti di insegnamento religioso, ma si estende in tutte le attivit\u00e0 educative, promuovendo il rispetto per la dignit\u00e0 di ogni persona e il valore della comunit\u00e0. Il cammino di formazione che l\u2019ufficio propone riguarda tutti: dai bambini e ragazzi che frequentano le scuole cattoliche o parrocchiali, fino agli insegnanti, genitori e dirigenti scolastici che sono coinvolti in questo processo educativo.<\/h5><h5>Un aspetto fondamentale della pastorale scolastica \u00e8 la collaborazione tra Chiesa, scuola e famiglia. L\u2019educazione cristiana \u00e8, infatti, un impegno che va vissuto quotidianamente e che deve essere sostenuto da una rete di persone che condividano valori comuni. Per questo, l&#8217;Ufficio Diocesano lavora per rafforzare il legame tra scuole, famiglie e parrocchie, creando occasioni di formazione, riflessione e confronto, in cui tutti i membri della comunit\u00e0 educativa possano sentirsi coinvolti nella missione di educare.<\/h5><h5>Le iniziative proposte includono percorsi formativi per insegnanti, momenti di spiritualit\u00e0 per gli studenti, e laboratori che stimolino la crescita delle competenze morali e civiche. Inoltre, l&#8217;Ufficio organizza eventi, conferenze e attivit\u00e0 che esplorano i temi della fede, dell\u2019etica e della cultura, cercando di sensibilizzare i giovani e le famiglie su temi rilevanti per la vita di oggi, come la giustizia sociale, la sostenibilit\u00e0 e il rispetto per l\u2019altro.<\/h5><h5>In questo contesto, la Pastorale Scolastica non si limita a essere una presenza nella scuola, ma diventa un&#8217;opportunit\u00e0 per ogni individuo di scoprire il significato profondo della propria vita, di rispondere alla propria vocazione e di impegnarsi concretamente per il bene comune. L\u2019obiettivo finale \u00e8 quello di formare non solo studenti preparati sul piano accademico, ma anche adulti consapevoli della loro responsabilit\u00e0 cristiana e sociale, pronti a portare nel mondo il messaggio del Vangelo con atti concreti di amore e servizio.<\/h5><h5>L\u2019Arcidiocesi di Campobasso-Boiano, attraverso questo ufficio, desidera cos\u00ec costruire una societ\u00e0 pi\u00f9 giusta e fraterna, partendo dalla crescita integrale dei giovani e dall\u2019educazione alla fede come base per un futuro migliore.<\/h5><h5>\u00a0<\/h5>\t\t\t\t\t\t\t\t<\/div>\n\t\t\t\t<\/div>\n\t\t\t\t<div class=\"elementor-element elementor-element-ed62d6c elementor-widget-divider--view-line elementor-widget elementor-widget-divider\" data-id=\"ed62d6c\" data-element_type=\"widget\" data-e-type=\"widget\" data-widget_type=\"divider.default\">\n\t\t\t\t<div class=\"elementor-widget-container\">\n\t\t\t\t\t\t\t<div class=\"elementor-divider\">\n\t\t\t<span class=\"elementor-divider-separator\">\n\t\t\t\t\t\t<\/span>\n\t\t<\/div>\n\t\t\t\t\t\t<\/div>\n\t\t\t\t<\/div>\n\t\t\t\t<div class=\"elementor-element elementor-element-f970697 elementor-widget elementor-widget-heading\" data-id=\"f970697\" data-element_type=\"widget\" data-e-type=\"widget\" data-widget_type=\"heading.default\">\n\t\t\t\t<div class=\"elementor-widget-container\">\n\t\t\t\t\t<h2 class=\"elementor-heading-title elementor-size-default\">Elenco dei membri<\/h2>\t\t\t\t<\/div>\n\t\t\t\t<\/div>\n\t\t\t\t<div class=\"elementor-element elementor-element-df4b079 elementor-grid-1 elementor-posts--thumbnail-none elementor-grid-tablet-2 elementor-grid-mobile-1 elementor-card-shadow-yes elementor-posts__hover-gradient elementor-widget elementor-widget-posts\" data-id=\"df4b079\" data-element_type=\"widget\" data-e-type=\"widget\" data-settings=\"{&quot;cards_columns&quot;:&quot;1&quot;,&quot;cards_columns_tablet&quot;:&quot;2&quot;,&quot;cards_columns_mobile&quot;:&quot;1&quot;,&quot;cards_row_gap&quot;:{&quot;unit&quot;:&quot;px&quot;,&quot;size&quot;:35,&quot;sizes&quot;:[]},&quot;cards_row_gap_tablet&quot;:{&quot;unit&quot;:&quot;px&quot;,&quot;size&quot;:&quot;&quot;,&quot;sizes&quot;:[]},&quot;cards_row_gap_mobile&quot;:{&quot;unit&quot;:&quot;px&quot;,&quot;size&quot;:&quot;&quot;,&quot;sizes&quot;:[]}}\" data-widget_type=\"posts.cards\">\n\t\t\t\t<div class=\"elementor-widget-container\">\n\t\t\t\t\t\t\t<div class=\"elementor-posts-container elementor-posts elementor-posts--skin-cards elementor-grid\" role=\"list\">\n\t\t\t\t<article class=\"elementor-post elementor-grid-item post-13796 post type-post status-publish format-standard hentry category-persone category-ufficio-diocesano-pastorale-scolastica-e-delleducazione\" role=\"listitem\">\n\t\t\t<div class=\"elementor-post__card\">\n\t\t\t\t<div class=\"elementor-post__text\">\n\t\t\t\t<h3 class=\"elementor-post__title\">\n\t\t\t<a href=\"https:\/\/arcidiocesicampobasso.it\/index.php\/2024\/12\/18\/sac-giacomo-piermarini\/\" >\n\t\t\t\tSac. Giacomo PIERMARINI\t\t\t<\/a>\n\t\t<\/h3>\n\t\t\t\t<\/div>\n\t\t\t\t\t<\/div>\n\t\t<\/article>\n\t\t\t\t<\/div>\n\t\t\n\t\t\t\t\t\t<\/div>\n\t\t\t\t<\/div>\n\t\t\t\t<div class=\"elementor-element elementor-element-8a0effd elementor-widget-divider--view-line elementor-widget elementor-widget-divider\" data-id=\"8a0effd\" data-element_type=\"widget\" data-e-type=\"widget\" data-widget_type=\"divider.default\">\n\t\t\t\t<div class=\"elementor-widget-container\">\n\t\t\t\t\t\t\t<div class=\"elementor-divider\">\n\t\t\t<span class=\"elementor-divider-separator\">\n\t\t\t\t\t\t<\/span>\n\t\t<\/div>\n\t\t\t\t\t\t<\/div>\n\t\t\t\t<\/div>\n\t\t\t\t<div class=\"elementor-element elementor-element-89ffdb7 elementor-widget elementor-widget-heading\" data-id=\"89ffdb7\" data-element_type=\"widget\" data-e-type=\"widget\" data-widget_type=\"heading.default\">\n\t\t\t\t<div class=\"elementor-widget-container\">\n\t\t\t\t\t<h2 class=\"elementor-heading-title elementor-size-default\">Informazioni<\/h2>\t\t\t\t<\/div>\n\t\t\t\t<\/div>\n\t\t\t\t<div class=\"elementor-element elementor-element-de08b5b elementor-widget elementor-widget-text-editor\" data-id=\"de08b5b\" data-element_type=\"widget\" data-e-type=\"widget\" data-widget_type=\"text-editor.default\">\n\t\t\t\t<div class=\"elementor-widget-container\">\n\t\t\t\t\t\t\t\t\t<h5>Direttore: Sac. Giacomo PIERMARINI<\/h5>\t\t\t\t\t\t\t\t<\/div>\n\t\t\t\t<\/div>\n\t\t\t\t<\/div>\n\t\t\t\t\t<\/div>\n\t\t\t\t<\/div>\n\t\t<div class=\"elementor-element elementor-element-6ee7d60 e-flex e-con-boxed e-con e-parent\" data-id=\"6ee7d60\" data-element_type=\"container\" data-e-type=\"container\">\n\t\t\t\t\t<div class=\"e-con-inner\">\n\t\t<div class=\"elementor-element elementor-element-c1132c3 e-con-full e-flex e-con e-child\" data-id=\"c1132c3\" data-element_type=\"container\" data-e-type=\"container\">\n\t\t\t\t<div class=\"elementor-element elementor-element-f69334b elementor-widget elementor-widget-heading\" data-id=\"f69334b\" data-element_type=\"widget\" data-e-type=\"widget\" data-widget_type=\"heading.default\">\n\t\t\t\t<div class=\"elementor-widget-container\">\n\t\t\t\t\t<h2 class=\"elementor-heading-title elementor-size-default\">Documenti<\/h2>\t\t\t\t<\/div>\n\t\t\t\t<\/div>\n\t\t\t\t<\/div>\n\t\t<div class=\"elementor-element elementor-element-3b2b661 e-con-full e-flex e-con e-child\" data-id=\"3b2b661\" data-element_type=\"container\" data-e-type=\"container\">\n\t\t\t\t<div class=\"elementor-element elementor-element-a8177ac elementor-widget elementor-widget-heading\" data-id=\"a8177ac\" data-element_type=\"widget\" data-e-type=\"widget\" data-widget_type=\"heading.default\">\n\t\t\t\t<div class=\"elementor-widget-container\">\n\t\t\t\t\t<h2 class=\"elementor-heading-title elementor-size-default\">Notizie e avvisi<\/h2>\t\t\t\t<\/div>\n\t\t\t\t<\/div>\n\t\t\t\t<\/div>\n\t\t\t\t\t<\/div>\n\t\t\t\t<\/div>\n\t\t<div class=\"elementor-element elementor-element-31e3287 e-flex e-con-boxed e-con e-parent\" data-id=\"31e3287\" data-element_type=\"container\" data-e-type=\"container\">\n\t\t\t\t\t<div class=\"e-con-inner\">\n\t\t\t\t\t<\/div>\n\t\t\t\t<\/div>\n\t\t\t\t<\/div>\n\t\t","protected":false},"excerpt":{"rendered":"<p>UFFICIO DIOCESANO PASTORALE SCOLASTICA E DELL\u2019EDUCAZIONE UN IMPEGNO PER LA CRESCITA INTEGRALE DELLA PERSONA L\u2019Ufficio Diocesano per la Pastorale Scolastica e dell\u2019Educazione dell&#8217;Arcidiocesi di Campobasso-Boiano svolge un ruolo essenziale nell\u2019accompagnare<\/p>\n","protected":false},"author":1,"featured_media":0,"parent":0,"menu_order":0,"comment_status":"closed","ping_status":"closed","template":"elementor_header_footer","meta":{"ngg_post_thumbnail":0,"footnotes":""},"class_list":["post-13755","page","type-page","status-publish","hentry"],"_links":{"self":[{"href":"https:\/\/arcidiocesicampobasso.it\/index.php\/wp-json\/wp\/v2\/pages\/13755","targetHints":{"allow":["GET"]}}],"collection":[{"href":"https:\/\/arcidiocesicampobasso.it\/index.php\/wp-json\/wp\/v2\/pages"}],"about":[{"href":"https:\/\/arcidiocesicampobasso.it\/index.php\/wp-json\/wp\/v2\/types\/page"}],"author":[{"embeddable":true,"href":"https:\/\/arcidiocesicampobasso.it\/index.php\/wp-json\/wp\/v2\/users\/1"}],"replies":[{"embeddable":true,"href":"https:\/\/arcidiocesicampobasso.it\/index.php\/wp-json\/wp\/v2\/comments?post=13755"}],"version-history":[{"count":7,"href":"https:\/\/arcidiocesicampobasso.it\/index.php\/wp-json\/wp\/v2\/pages\/13755\/revisions"}],"predecessor-version":[{"id":14681,"href":"https:\/\/arcidiocesicampobasso.it\/index.php\/wp-json\/wp\/v2\/pages\/13755\/revisions\/14681"}],"wp:attachment":[{"href":"https:\/\/arcidiocesicampobasso.it\/index.php\/wp-json\/wp\/v2\/media?parent=13755"}],"curies":[{"name":"wp","href":"https:\/\/api.w.org\/{rel}","templated":true}]}}