{"id":13666,"date":"2024-12-18T12:11:57","date_gmt":"2024-12-18T11:11:57","guid":{"rendered":"https:\/\/arcidiocesicampobasso.it\/?page_id=13666"},"modified":"2025-06-03T12:15:22","modified_gmt":"2025-06-03T10:15:22","slug":"ufficio-diocesano-ecumenismo","status":"publish","type":"page","link":"https:\/\/arcidiocesicampobasso.it\/index.php\/ufficio-diocesano-ecumenismo\/","title":{"rendered":"UFFICIO DIOCESANO ECUMENISMO"},"content":{"rendered":"\t\t<div data-elementor-type=\"wp-page\" data-elementor-id=\"13666\" class=\"elementor elementor-13666\" data-elementor-post-type=\"page\">\n\t\t\t\t<div class=\"elementor-element elementor-element-29d5b18 e-flex e-con-boxed e-con e-parent\" data-id=\"29d5b18\" data-element_type=\"container\" data-e-type=\"container\" data-settings=\"{&quot;background_background&quot;:&quot;classic&quot;}\">\n\t\t\t\t\t<div class=\"e-con-inner\">\n\t\t<div class=\"elementor-element elementor-element-f651c2c e-con-full e-flex e-con e-child\" data-id=\"f651c2c\" data-element_type=\"container\" data-e-type=\"container\">\n\t\t\t\t<div class=\"elementor-element elementor-element-baa868c elementor-widget elementor-widget-heading\" data-id=\"baa868c\" data-element_type=\"widget\" data-e-type=\"widget\" data-widget_type=\"heading.default\">\n\t\t\t\t<div class=\"elementor-widget-container\">\n\t\t\t\t\t<h1 class=\"elementor-heading-title elementor-size-default\">UFFICIO DIOCESANO ECUMENISMO<\/h1>\t\t\t\t<\/div>\n\t\t\t\t<\/div>\n\t\t\t\t<\/div>\n\t\t<div class=\"elementor-element elementor-element-01c3a09 e-con-full e-flex e-con e-child\" data-id=\"01c3a09\" data-element_type=\"container\" data-e-type=\"container\">\n\t\t\t\t<\/div>\n\t\t\t\t\t<\/div>\n\t\t\t\t<\/div>\n\t\t<div class=\"elementor-element elementor-element-4e3a86e e-flex e-con-boxed e-con e-parent\" data-id=\"4e3a86e\" data-element_type=\"container\" data-e-type=\"container\">\n\t\t\t\t\t<div class=\"e-con-inner\">\n\t\t<div class=\"elementor-element elementor-element-d0fded1 e-con-full e-flex e-con e-child\" data-id=\"d0fded1\" data-element_type=\"container\" data-e-type=\"container\">\n\t\t\t\t<div class=\"elementor-element elementor-element-7b47e8c elementor-widget elementor-widget-text-editor\" data-id=\"7b47e8c\" data-element_type=\"widget\" data-e-type=\"widget\" data-widget_type=\"text-editor.default\">\n\t\t\t\t<div class=\"elementor-widget-container\">\n\t\t\t\t\t\t\t\t\t<h6><strong>UN IMPEGNO PER L&#8217;UNIT\u00c0 DEI CRISTIANI<\/strong><\/h6><h6>L\u2019Ufficio Diocesano per l\u2019Ecumenismo della Diocesi di Campobasso &#8211; Bojano \u00e8 un organismo istituito dalla Chiesa Cattolica con il compito di promuovere l\u2019unit\u00e0 tra i cristiani, in particolare tra la Chiesa Cattolica e le altre confessioni cristiane. Questo ufficio, che rientra nella pi\u00f9 ampia attivit\u00e0 ecumenica della Chiesa universale, svolge un ruolo fondamentale nella costruzione di ponti di dialogo e collaborazione tra le diverse tradizioni cristiane presenti nel territorio.<\/h6><h6><strong>La Missione dell&#8217;Ufficio<\/strong><\/h6><h6>Il compito principale dell\u2019Ufficio Diocesano per l\u2019Ecumenismo \u00e8 quello di favorire la comprensione reciproca e il rispetto tra i cristiani di diverse confessioni. Si tratta di un&#8217;azione che risponde all&#8217;invito di Papa Giovanni Paolo II e dei suoi successori a lavorare per l&#8217;unit\u00e0 della Chiesa, come segno di pace e speranza per il mondo intero. L\u2019Ufficio non si limita a iniziative teoriche o di studio, ma si impegna in attivit\u00e0 concrete di incontro, preghiera e collaborazione tra le varie comunit\u00e0 cristiane.<\/h6><h6><strong>Le Attivit\u00e0 e gli Obiettivi<\/strong><\/h6><h6>Tra le principali attivit\u00e0 dell\u2019Ufficio Diocesano per l\u2019Ecumenismo ci sono:<\/h6><ol><li><h6><strong>Dialogo Ecumenico<\/strong>: Organizzare incontri di dialogo teologico e culturale tra rappresentanti delle diverse confessioni cristiane. Questo dialogo mira a superare incomprensioni storiche e teologiche, e a creare spazi di riflessione condivisa.<\/h6><\/li><li><h6><strong>Preghiera Ecumenica<\/strong>: Promuovere momenti di preghiera comune, in particolare durante la Settimana di Preghiera per l\u2019Unit\u00e0 dei Cristiani, che si celebra ogni anno dal 18 al 25 gennaio. Durante questo periodo, le parrocchie e le comunit\u00e0 di Campobasso &#8211; Bojano partecipano a celebrazioni in cui cristiani di diverse fedi pregano insieme per l&#8217;unit\u00e0.<\/h6><\/li><li><h6><strong>Educazione e Sensibilizzazione<\/strong>: L\u2019Ufficio si impegna a sensibilizzare i fedeli sull&#8217;importanza dell&#8217;ecumenismo, attraverso corsi, conferenze, seminari e distribuzione di materiali informativi. \u00c8 fondamentale che i cristiani siano consapevoli dell&#8217;urgenza di vivere l\u2019unit\u00e0 come testimonianza della fede comune in Cristo.<\/h6><\/li><li><h6><strong>Collaborazione Sociale e Caritativa<\/strong>: In un mondo segnato da divisioni e conflitti, l\u2019ecumenismo non \u00e8 solo un fatto spirituale, ma anche un impegno sociale. Le diverse chiese sono chiamate a collaborare in iniziative di aiuto ai poveri, di educazione e di sostegno alle famiglie, offrendo un esempio concreto di unit\u00e0 nel servizio al prossimo.<\/h6><\/li><\/ol><h6><strong>L&#8217;Importanza dell&#8217;Ecumenismo Oggi<\/strong><\/h6><h6>Nel contesto contemporaneo, segnato da un crescente pluralismo religioso e da sfide globali che richiedono una risposta comune, l&#8217;ecumenismo assume una rilevanza ancora maggiore. Il messaggio cristiano di amore e di pace \u00e8 pi\u00f9 che mai necessario per contribuire alla costruzione di un mondo pi\u00f9 giusto e armonioso. L\u2019unit\u00e0 tra i cristiani, pur nella ricchezza delle loro diverse tradizioni, \u00e8 vista come un segno di speranza e di testimonianza della fedelt\u00e0 alla volont\u00e0 di Cristo.<\/h6><h6>Inoltre, l\u2019ecumenismo nella Diocesi di Campobasso &#8211; Bojano non \u00e8 solo un&#8217;opportunit\u00e0 per i cristiani di confrontarsi, ma \u00e8 anche un invito a tutti i credenti a riflettere sull\u2019importanza di vivere la propria fede con apertura, rispetto e carit\u00e0, in un mondo che spesso dimentica questi valori.<\/h6><h6><strong>Conclusioni<\/strong><\/h6><h6>L\u2019Ufficio Diocesano per l\u2019Ecumenismo della Diocesi di Campobasso &#8211; Bojano \u00e8 un punto di riferimento per chi desidera contribuire attivamente al cammino verso l\u2019unit\u00e0 dei cristiani. La sua azione si inserisce in un percorso pi\u00f9 ampio, che coinvolge tutta la Chiesa Cattolica, ma che trova espressione anche nel concreto impegno di ogni singola diocesi. Attraverso il dialogo, la preghiera, la formazione e la collaborazione sociale, l\u2019Ufficio cerca di rispondere all\u2019invito di Cristo, che ha pregato per l\u2019unit\u00e0 dei suoi discepoli affinch\u00e9 il mondo creda.<\/h6>\t\t\t\t\t\t\t\t<\/div>\n\t\t\t\t<\/div>\n\t\t\t\t<div class=\"elementor-element elementor-element-d4deeee elementor-widget-divider--view-line elementor-widget elementor-widget-divider\" data-id=\"d4deeee\" data-element_type=\"widget\" data-e-type=\"widget\" data-widget_type=\"divider.default\">\n\t\t\t\t<div class=\"elementor-widget-container\">\n\t\t\t\t\t\t\t<div class=\"elementor-divider\">\n\t\t\t<span class=\"elementor-divider-separator\">\n\t\t\t\t\t\t<\/span>\n\t\t<\/div>\n\t\t\t\t\t\t<\/div>\n\t\t\t\t<\/div>\n\t\t\t\t<div class=\"elementor-element elementor-element-fbaf54b elementor-widget elementor-widget-heading\" data-id=\"fbaf54b\" data-element_type=\"widget\" data-e-type=\"widget\" data-widget_type=\"heading.default\">\n\t\t\t\t<div class=\"elementor-widget-container\">\n\t\t\t\t\t<h2 class=\"elementor-heading-title elementor-size-default\">Membri<\/h2>\t\t\t\t<\/div>\n\t\t\t\t<\/div>\n\t\t\t\t<div class=\"elementor-element elementor-element-556a48f elementor-grid-1 elementor-posts--thumbnail-none elementor-grid-tablet-2 elementor-grid-mobile-1 elementor-card-shadow-yes elementor-posts__hover-gradient elementor-widget elementor-widget-posts\" data-id=\"556a48f\" data-element_type=\"widget\" data-e-type=\"widget\" data-settings=\"{&quot;cards_columns&quot;:&quot;1&quot;,&quot;cards_columns_tablet&quot;:&quot;2&quot;,&quot;cards_columns_mobile&quot;:&quot;1&quot;,&quot;cards_row_gap&quot;:{&quot;unit&quot;:&quot;px&quot;,&quot;size&quot;:35,&quot;sizes&quot;:[]},&quot;cards_row_gap_tablet&quot;:{&quot;unit&quot;:&quot;px&quot;,&quot;size&quot;:&quot;&quot;,&quot;sizes&quot;:[]},&quot;cards_row_gap_mobile&quot;:{&quot;unit&quot;:&quot;px&quot;,&quot;size&quot;:&quot;&quot;,&quot;sizes&quot;:[]}}\" data-widget_type=\"posts.cards\">\n\t\t\t\t<div class=\"elementor-widget-container\">\n\t\t\t\t\t\t\t<div class=\"elementor-posts-container elementor-posts elementor-posts--skin-cards elementor-grid\" role=\"list\">\n\t\t\t\t<article class=\"elementor-post elementor-grid-item post-13668 post type-post status-publish format-standard hentry category-persone category-ufficio-diocesano-ecumenismo\" role=\"listitem\">\n\t\t\t<div class=\"elementor-post__card\">\n\t\t\t\t<div class=\"elementor-post__text\">\n\t\t\t\t<h3 class=\"elementor-post__title\">\n\t\t\t<a href=\"https:\/\/arcidiocesicampobasso.it\/index.php\/2024\/12\/18\/sac-aldo-vendemmiati\/\" >\n\t\t\t\tSac. Aldo VENDEMMIATI\t\t\t<\/a>\n\t\t<\/h3>\n\t\t\t\t<\/div>\n\t\t\t\t\t<\/div>\n\t\t<\/article>\n\t\t\t\t<\/div>\n\t\t\n\t\t\t\t\t\t<\/div>\n\t\t\t\t<\/div>\n\t\t\t\t<div class=\"elementor-element elementor-element-6087a79 elementor-widget-divider--view-line elementor-widget elementor-widget-divider\" data-id=\"6087a79\" data-element_type=\"widget\" data-e-type=\"widget\" data-widget_type=\"divider.default\">\n\t\t\t\t<div class=\"elementor-widget-container\">\n\t\t\t\t\t\t\t<div class=\"elementor-divider\">\n\t\t\t<span class=\"elementor-divider-separator\">\n\t\t\t\t\t\t<\/span>\n\t\t<\/div>\n\t\t\t\t\t\t<\/div>\n\t\t\t\t<\/div>\n\t\t\t\t<div class=\"elementor-element elementor-element-8340696 elementor-widget elementor-widget-heading\" data-id=\"8340696\" data-element_type=\"widget\" data-e-type=\"widget\" data-widget_type=\"heading.default\">\n\t\t\t\t<div class=\"elementor-widget-container\">\n\t\t\t\t\t<h2 class=\"elementor-heading-title elementor-size-default\">Informazioni<\/h2>\t\t\t\t<\/div>\n\t\t\t\t<\/div>\n\t\t\t\t<div class=\"elementor-element elementor-element-90ee4ee elementor-widget elementor-widget-text-editor\" data-id=\"90ee4ee\" data-element_type=\"widget\" data-e-type=\"widget\" data-widget_type=\"text-editor.default\">\n\t\t\t\t<div class=\"elementor-widget-container\">\n\t\t\t\t\t\t\t\t\t<h6>Direttore: Sac. Aldo VENDEMMIATI<\/h6><h6>Collaboratrice: Prof.ssa Carmela VENDITTI<\/h6>\t\t\t\t\t\t\t\t<\/div>\n\t\t\t\t<\/div>\n\t\t\t\t<\/div>\n\t\t\t\t\t<\/div>\n\t\t\t\t<\/div>\n\t\t<div class=\"elementor-element elementor-element-f8b7cca e-flex e-con-boxed e-con e-parent\" data-id=\"f8b7cca\" data-element_type=\"container\" data-e-type=\"container\">\n\t\t\t\t\t<div class=\"e-con-inner\">\n\t\t\t\t<div class=\"elementor-element elementor-element-9bc4266 elementor-widget elementor-widget-heading\" data-id=\"9bc4266\" data-element_type=\"widget\" data-e-type=\"widget\" data-widget_type=\"heading.default\">\n\t\t\t\t<div class=\"elementor-widget-container\">\n\t\t\t\t\t<h2 class=\"elementor-heading-title elementor-size-default\">Settimana di Preghiera per l\u2019Unit\u00e0 dei Cristiani 2025\ndal 18 al 25 gennaio\n<\/h2>\t\t\t\t<\/div>\n\t\t\t\t<\/div>\n\t\t\t\t\t<\/div>\n\t\t\t\t<\/div>\n\t\t<div class=\"elementor-element elementor-element-bdcae67 e-flex e-con-boxed e-con e-parent\" data-id=\"bdcae67\" data-element_type=\"container\" data-e-type=\"container\">\n\t\t\t\t\t<div class=\"e-con-inner\">\n\t\t\t\t<div class=\"elementor-element elementor-element-2856d5b elementor-widget elementor-widget-image\" data-id=\"2856d5b\" data-element_type=\"widget\" data-e-type=\"widget\" data-widget_type=\"image.default\">\n\t\t\t\t<div class=\"elementor-widget-container\">\n\t\t\t\t\t\t\t\t\t\t\t\t\t\t\t<img fetchpriority=\"high\" decoding=\"async\" width=\"1083\" height=\"722\" src=\"https:\/\/arcidiocesicampobasso.it\/wp-content\/uploads\/2025\/01\/settPregh.jpg\" class=\"attachment-full size-full wp-image-15000\" alt=\"\" srcset=\"https:\/\/arcidiocesicampobasso.it\/wp-content\/uploads\/2025\/01\/settPregh.jpg 1083w, https:\/\/arcidiocesicampobasso.it\/wp-content\/uploads\/2025\/01\/settPregh-300x200.jpg 300w, https:\/\/arcidiocesicampobasso.it\/wp-content\/uploads\/2025\/01\/settPregh-1012x675.jpg 1012w, https:\/\/arcidiocesicampobasso.it\/wp-content\/uploads\/2025\/01\/settPregh-768x512.jpg 768w, https:\/\/arcidiocesicampobasso.it\/wp-content\/uploads\/2025\/01\/settPregh-391x260.jpg 391w\" sizes=\"(max-width: 1083px) 100vw, 1083px\" \/>\t\t\t\t\t\t\t\t\t\t\t\t\t\t\t<\/div>\n\t\t\t\t<\/div>\n\t\t\t\t<div class=\"elementor-element elementor-element-9f11f72 elementor-widget elementor-widget-text-editor\" data-id=\"9f11f72\" data-element_type=\"widget\" data-e-type=\"widget\" data-widget_type=\"text-editor.default\">\n\t\t\t\t<div class=\"elementor-widget-container\">\n\t\t\t\t\t\t\t\t\t<p style=\"text-align: justify;\">La Settimana di Preghiera per l&#8217;Unit\u00e0 dei Cristiani \u00e8 un evento annuale che si svolge dal 18 al 25 gennaio. Il suo scopo \u00e8 quello di promuovere l&#8217;unit\u00e0 tra i cristiani di diverse confessioni. Durante questa settimana, le chiese cristiane si uniscono in preghiera, riflessioni e iniziative comuni per superare le divisioni e costruire ponti di dialogo.<\/p><p style=\"text-align: justify;\">Pregare insieme \u00e8 un segno di unit\u00e0. Nonostante le differenze tra le varie tradizioni cristiane, la preghiera comune ci ricorda che siamo tutti parte di un unico Corpo di Cristo. \u00c8 un momento per mettere da parte le divisioni e concentrarsi sui valori che ci uniscono, come l&#8217;amore, la fede e la speranza.<\/p><p style=\"text-align: justify;\">La Settimana di Preghiera \u00e8 stata un&#8217;opportunit\u00e0 per crescere insieme, pregare insieme e lavorare per un mondo pi\u00f9 giusto e pacifico. Anche se veniamo da percorsi diversi, siamo tutti chiamati a essere testimoni dell&#8217;amore di Cristo.<\/p><p>Il programma della settimana prevede due momenti di celebrazione particolarmente significativi per la comunit\u00e0 di Campobasso-Bojano:<\/p><p><strong>Luned\u00ec 20 gennaio 2025<\/strong>, <strong>alle ore 19.00<\/strong>, presso la <strong>Chiesa Valdese<\/strong> in Via Cavour, 40, a Campobasso, avr\u00e0 luogo la <strong>Celebrazione di Apertura<\/strong>. Questo primo incontro rappresenta l\u2019inizio di un cammino comune, che vede la partecipazione attiva delle diverse comunit\u00e0 cristiane della diocesi, ognuna portatrice della propria tradizione ma tutte unite dall&#8217;amore per Cristo e dal desiderio di essere strumenti di pace.<\/p><p style=\"text-align: justify;\"><strong>Gioved\u00ec 23 gennaio 2025<\/strong>, <strong>alle ore 19.00<\/strong>, nella <strong>Chiesa della Santissima Trinit\u00e0 di Campobasso<\/strong>, si svolger\u00e0 la <strong>Celebrazione Ecumenica<\/strong>, un momento di preghiera condivisa che dar\u00e0 spazio alla riflessione sul valore dell&#8217;unit\u00e0 e della collaborazione tra le diverse confessioni cristiane. Questo evento sottolinea l&#8217;importanza di superare le divisioni storiche e di camminare insieme, pregando e lavorando per la pace, per la giustizia e per la promozione del bene comune.<\/p><p style=\"text-align: justify;\">La Settimana di Preghiera per l&#8217;Unit\u00e0 dei Cristiani \u00e8 un\u2019occasione per approfondire il nostro impegno a vivere la fede in modo pi\u00f9 consapevole e aperto, collaborando per la realizzazione del messaggio evangelico di amore e fratellanza universale.<\/p><p style=\"text-align: justify;\">\u00a0<\/p><p style=\"text-align: justify;\">\u00a0<\/p>\t\t\t\t\t\t\t\t<\/div>\n\t\t\t\t<\/div>\n\t\t\t\t\t<\/div>\n\t\t\t\t<\/div>\n\t\t<div class=\"elementor-element elementor-element-e6404a5 e-flex e-con-boxed e-con e-parent\" data-id=\"e6404a5\" data-element_type=\"container\" data-e-type=\"container\">\n\t\t\t\t\t<div class=\"e-con-inner\">\n\t\t\t\t<div class=\"elementor-element elementor-element-f475467 elementor-widget elementor-widget-video\" data-id=\"f475467\" data-element_type=\"widget\" data-e-type=\"widget\" data-settings=\"{&quot;youtube_url&quot;:&quot;https:\\\/\\\/youtu.be\\\/a2RFTTYC4Us?si=pcVSxFa_D291-rsR&quot;,&quot;video_type&quot;:&quot;youtube&quot;,&quot;controls&quot;:&quot;yes&quot;}\" data-widget_type=\"video.default\">\n\t\t\t\t<div class=\"elementor-widget-container\">\n\t\t\t\t\t\t\t<div class=\"elementor-wrapper elementor-open-inline\">\n\t\t\t<div class=\"elementor-video\"><\/div>\t\t<\/div>\n\t\t\t\t\t\t<\/div>\n\t\t\t\t<\/div>\n\t\t\t\t\t<\/div>\n\t\t\t\t<\/div>\n\t\t<div class=\"elementor-element elementor-element-c072ae3 e-flex e-con-boxed e-con e-parent\" data-id=\"c072ae3\" data-element_type=\"container\" data-e-type=\"container\">\n\t\t\t\t\t<div class=\"e-con-inner\">\n\t\t\t\t<div class=\"elementor-element elementor-element-25c853c elementor-widget elementor-widget-image\" data-id=\"25c853c\" data-element_type=\"widget\" data-e-type=\"widget\" data-widget_type=\"image.default\">\n\t\t\t\t<div class=\"elementor-widget-container\">\n\t\t\t\t\t\t\t\t\t\t\t\t\t\t\t<img decoding=\"async\" width=\"1748\" height=\"1240\" src=\"https:\/\/arcidiocesicampobasso.it\/wp-content\/uploads\/2025\/04\/BUNNER.png\" class=\"attachment-full size-full wp-image-17464\" alt=\"\" srcset=\"https:\/\/arcidiocesicampobasso.it\/wp-content\/uploads\/2025\/04\/BUNNER.png 1748w, https:\/\/arcidiocesicampobasso.it\/wp-content\/uploads\/2025\/04\/BUNNER-300x213.png 300w, https:\/\/arcidiocesicampobasso.it\/wp-content\/uploads\/2025\/04\/BUNNER-1012x718.png 1012w, https:\/\/arcidiocesicampobasso.it\/wp-content\/uploads\/2025\/04\/BUNNER-768x545.png 768w, https:\/\/arcidiocesicampobasso.it\/wp-content\/uploads\/2025\/04\/BUNNER-1536x1090.png 1536w\" sizes=\"(max-width: 1748px) 100vw, 1748px\" \/>\t\t\t\t\t\t\t\t\t\t\t\t\t\t\t<\/div>\n\t\t\t\t<\/div>\n\t\t\t\t<div class=\"elementor-element elementor-element-8dd8efd elementor-widget elementor-widget-text-editor\" data-id=\"8dd8efd\" data-element_type=\"widget\" data-e-type=\"widget\" data-widget_type=\"text-editor.default\">\n\t\t\t\t<div class=\"elementor-widget-container\">\n\t\t\t\t\t\t\t\t\t<p>L&#8217;Arcidiocesi di Campobasso \u2013 Bojano, le Chiese Evangeliche Valdese e Battista e la Chiesa della Riconciliazione di Campobasso sono lieti di invitare la comunit\u00e0 locale a partecipare alla serata ecumenica <strong>INGRESSO A GERUSALEMME<\/strong> <strong><em>&#8220;Insieme verso la Pasqua&#8221;<\/em><\/strong>, che si terr\u00e0 il prossimo <strong>11 aprile 2025<\/strong> alle <strong>19.00<\/strong> presso la <strong>Chiesa Valdese<\/strong> <strong>di Campobasso<\/strong>.<\/p><p>L&#8217;incontro, che si inserisce nel cammino di preparazione alla Pasqua, sar\u00e0 un&#8217;occasione per riflettere insieme sul significato profondo della Pasqua, con un particolare focus sul passo evangelico di <strong>Luca 19,28-40<\/strong>, che racconta l&#8217;ingresso di <strong>Ges\u00f9 a Gerusalemme<\/strong>. un evento significativo che segna l&#8217;inizio della sua passione e morte.<\/p><p>Il testo evangelico segna l&#8217;ingresso trionfale di Ges\u00f9 a Gerusalemme. I discepoli, con i loro mantelli stesi per terra, lo accolgono come il Messia tanto atteso, celebrando la sua venuta. La reazione della folla esprime la gioia e l&#8217;entusiasmo per la salvezza che Ges\u00f9 porta, mentre i farisei cercano di fermare questa lode, ma Ges\u00f9 sottolinea che la lode \u00e8 inevitabile e che anche le pietre parleranno se gli uomini non lo faranno. Questa lettura \u00e8 centrale nella <strong>Domenica delle Palme<\/strong>, che segna l&#8217;inizio della Settimana Santa, e invita i fedeli a riflettere sul mistero della Pasqua, sulla regalit\u00e0 di Ges\u00f9 e sul cammino che porta alla sua passione, morte e resurrezione.<\/p><p>L&#8217;Arcivescovo di Campobasso \u2013 Bojano, <strong>S. Ecc. Mons. Biagio Colaianni<\/strong>, offrir\u00e0 una riflessione spirituale e teologica, invitando tutti a unirsi in preghiera riflessione e comunione.<\/p><p>L\u2019incontro, aperto a tutti, rappresenta una testimonianza di unit\u00e0 tra le diverse confessioni cristiane e un passo significativo verso la celebrazione della Pasqua. La comunit\u00e0 \u00e8 invitata a partecipare numerosa, per vivere un momento di profonda spiritualit\u00e0 e di incontro tra le diverse tradizioni cristiane.<\/p><p><strong>SCARICA LA <span style=\"color: #3366ff;\"><a style=\"color: #3366ff;\" href=\"https:\/\/arcidiocesicampobasso.it\/wp-content\/uploads\/2025\/04\/LOCANDINA-4.pdf\">LOCANDINA<\/a><\/span> DELL&#8217;EVENTO<\/strong><\/p><p>\u00a0<\/p><p>\u00a0<\/p>\t\t\t\t\t\t\t\t<\/div>\n\t\t\t\t<\/div>\n\t\t\t\t<div class=\"elementor-element elementor-element-1ab3ffa elementor-widget elementor-widget-image\" data-id=\"1ab3ffa\" data-element_type=\"widget\" data-e-type=\"widget\" data-widget_type=\"image.default\">\n\t\t\t\t<div class=\"elementor-widget-container\">\n\t\t\t\t\t\t\t\t\t\t\t\t\t\t\t<img decoding=\"async\" width=\"1145\" height=\"730\" src=\"https:\/\/arcidiocesicampobasso.it\/wp-content\/uploads\/2025\/06\/bunner-1.jpg\" class=\"attachment-full size-full wp-image-18455\" alt=\"\" srcset=\"https:\/\/arcidiocesicampobasso.it\/wp-content\/uploads\/2025\/06\/bunner-1.jpg 1145w, https:\/\/arcidiocesicampobasso.it\/wp-content\/uploads\/2025\/06\/bunner-1-300x191.jpg 300w, https:\/\/arcidiocesicampobasso.it\/wp-content\/uploads\/2025\/06\/bunner-1-1012x645.jpg 1012w, https:\/\/arcidiocesicampobasso.it\/wp-content\/uploads\/2025\/06\/bunner-1-768x490.jpg 768w\" sizes=\"(max-width: 1145px) 100vw, 1145px\" \/>\t\t\t\t\t\t\t\t\t\t\t\t\t\t\t<\/div>\n\t\t\t\t<\/div>\n\t\t\t\t\t<\/div>\n\t\t\t\t<\/div>\n\t\t<div class=\"elementor-element elementor-element-5e0d5d8 e-flex e-con-boxed e-con e-parent\" data-id=\"5e0d5d8\" data-element_type=\"container\" data-e-type=\"container\">\n\t\t\t\t\t<div class=\"e-con-inner\">\n\t\t\t\t<div class=\"elementor-element elementor-element-1658063 elementor-widget elementor-widget-text-editor\" data-id=\"1658063\" data-element_type=\"widget\" data-e-type=\"widget\" data-widget_type=\"text-editor.default\">\n\t\t\t\t<div class=\"elementor-widget-container\">\n\t\t\t\t\t\t\t\t\t<p style=\"text-align: justify;\">In occasione della solennit\u00e0 di Pentecoste, <strong>l\u2019Arcidiocesi di Campobasso \u2013 Bojano, la Chiesa Valdese e l\u2019Unione Cristiana Evangelica Battista d\u2019Italia (UCEBI)<\/strong> invitano i fedeli a partecipare a una <strong>veglia ecumenica di preghiera<\/strong>, che si terr\u00e0 <strong>mercoled\u00ec 4 giugno 2025 alle ore 19:15 presso la Chiesa Cattedrale di Campobasso<\/strong>.<\/p><p style=\"text-align: justify;\">La veglia, dal titolo <em>\u201cUniti nello Spirito: Soffio di Dio, Vento di Unit\u00e0\u201d<\/em>, sar\u00e0 un momento di comunione profonda tra cristiani di diverse confessioni, riuniti per invocare insieme lo Spirito Santo, principio di rinnovamento, fraternit\u00e0 e riconciliazione.<\/p><p style=\"text-align: justify;\">In un tempo in cui le distanze sembrano prevalere sull\u2019incontro, questo evento rappresenta un\u2019occasione preziosa per testimoniare che <strong>\u00e8 possibile camminare insieme<\/strong>, pur nelle differenze, lasciandosi guidare dallo Spirito che unisce, ispira e d\u00e0 vita.<\/p><p style=\"text-align: justify;\"><strong>Partecipare significa scegliere di vivere la Pentecoste in modo autentico e condiviso<\/strong>, lasciandosi interpellare da ci\u00f2 che ci accomuna e aprendosi al dialogo con cuore libero e sincero.<\/p><p style=\"text-align: justify;\">Tutta la comunit\u00e0 \u00e8 invitata a prendere parte a questo momento di preghiera, ascolto e speranza, segno concreto di un cammino comune verso l\u2019unit\u00e0 dei cristiani.<\/p><p><strong>SCARICA LA <span style=\"color: #3366ff;\"><a style=\"color: #3366ff;\" href=\"https:\/\/arcidiocesicampobasso.it\/wp-content\/uploads\/2025\/06\/LOCANDINA.pdf\">LOCANDINA<\/a><\/span> DELL&#8217;EVENTO<\/strong><\/p>\t\t\t\t\t\t\t\t<\/div>\n\t\t\t\t<\/div>\n\t\t\t\t\t<\/div>\n\t\t\t\t<\/div>\n\t\t\t\t<\/div>\n\t\t","protected":false},"excerpt":{"rendered":"<p>UFFICIO DIOCESANO ECUMENISMO UN IMPEGNO PER L&#8217;UNIT\u00c0 DEI CRISTIANI L\u2019Ufficio Diocesano per l\u2019Ecumenismo della Diocesi di Campobasso &#8211; Bojano \u00e8 un organismo istituito dalla Chiesa Cattolica con il compito di<\/p>\n","protected":false},"author":1,"featured_media":0,"parent":0,"menu_order":0,"comment_status":"closed","ping_status":"closed","template":"elementor_header_footer","meta":{"ngg_post_thumbnail":0,"footnotes":""},"class_list":["post-13666","page","type-page","status-publish","hentry"],"_links":{"self":[{"href":"https:\/\/arcidiocesicampobasso.it\/index.php\/wp-json\/wp\/v2\/pages\/13666","targetHints":{"allow":["GET"]}}],"collection":[{"href":"https:\/\/arcidiocesicampobasso.it\/index.php\/wp-json\/wp\/v2\/pages"}],"about":[{"href":"https:\/\/arcidiocesicampobasso.it\/index.php\/wp-json\/wp\/v2\/types\/page"}],"author":[{"embeddable":true,"href":"https:\/\/arcidiocesicampobasso.it\/index.php\/wp-json\/wp\/v2\/users\/1"}],"replies":[{"embeddable":true,"href":"https:\/\/arcidiocesicampobasso.it\/index.php\/wp-json\/wp\/v2\/comments?post=13666"}],"version-history":[{"count":49,"href":"https:\/\/arcidiocesicampobasso.it\/index.php\/wp-json\/wp\/v2\/pages\/13666\/revisions"}],"predecessor-version":[{"id":18470,"href":"https:\/\/arcidiocesicampobasso.it\/index.php\/wp-json\/wp\/v2\/pages\/13666\/revisions\/18470"}],"wp:attachment":[{"href":"https:\/\/arcidiocesicampobasso.it\/index.php\/wp-json\/wp\/v2\/media?parent=13666"}],"curies":[{"name":"wp","href":"https:\/\/api.w.org\/{rel}","templated":true}]}}