{"id":13350,"date":"2024-12-12T15:29:47","date_gmt":"2024-12-12T14:29:47","guid":{"rendered":"https:\/\/arcidiocesicampobasso.it\/?page_id=13350"},"modified":"2025-05-26T15:05:12","modified_gmt":"2025-05-26T13:05:12","slug":"ufficio-liturgico-diocesano-musica-sacra-arte-sacra","status":"publish","type":"page","link":"https:\/\/arcidiocesicampobasso.it\/index.php\/ufficio-liturgico-diocesano-musica-sacra-arte-sacra\/","title":{"rendered":"UFFICIO LITURGICO DIOCESANO, MUSICA SACRA, ARTE SACRA"},"content":{"rendered":"\t\t<div data-elementor-type=\"wp-page\" data-elementor-id=\"13350\" class=\"elementor elementor-13350\" data-elementor-post-type=\"page\">\n\t\t\t\t<div class=\"elementor-element elementor-element-29d5b18 e-flex e-con-boxed e-con e-parent\" data-id=\"29d5b18\" data-element_type=\"container\" data-e-type=\"container\" data-settings=\"{&quot;background_background&quot;:&quot;classic&quot;}\">\n\t\t\t\t\t<div class=\"e-con-inner\">\n\t\t<div class=\"elementor-element elementor-element-f651c2c e-con-full e-flex e-con e-child\" data-id=\"f651c2c\" data-element_type=\"container\" data-e-type=\"container\">\n\t\t\t\t<div class=\"elementor-element elementor-element-baa868c elementor-widget elementor-widget-heading\" data-id=\"baa868c\" data-element_type=\"widget\" data-e-type=\"widget\" data-widget_type=\"heading.default\">\n\t\t\t\t<div class=\"elementor-widget-container\">\n\t\t\t\t\t<h1 class=\"elementor-heading-title elementor-size-default\">UFFICIO LITURGICO DIOCESANO, MUSICA SACRA, ARTE SACRA<\/h1>\t\t\t\t<\/div>\n\t\t\t\t<\/div>\n\t\t\t\t<\/div>\n\t\t<div class=\"elementor-element elementor-element-01c3a09 e-con-full e-flex e-con e-child\" data-id=\"01c3a09\" data-element_type=\"container\" data-e-type=\"container\">\n\t\t\t\t<\/div>\n\t\t\t\t\t<\/div>\n\t\t\t\t<\/div>\n\t\t<div class=\"elementor-element elementor-element-69f82fa e-flex e-con-boxed e-con e-parent\" data-id=\"69f82fa\" data-element_type=\"container\" data-e-type=\"container\">\n\t\t\t\t\t<div class=\"e-con-inner\">\n\t\t<div class=\"elementor-element elementor-element-823d5bd e-con-full e-flex e-con e-child\" data-id=\"823d5bd\" data-element_type=\"container\" data-e-type=\"container\">\n\t\t\t\t<div class=\"elementor-element elementor-element-e86032c elementor-widget elementor-widget-text-editor\" data-id=\"e86032c\" data-element_type=\"widget\" data-e-type=\"widget\" data-widget_type=\"text-editor.default\">\n\t\t\t\t<div class=\"elementor-widget-container\">\n\t\t\t\t\t\t\t\t\t<h4><strong>Musica Sacra e Arte Sacra come Strumenti di Preghiera e Cultura<\/strong><\/h4><h5>La Diocesi di Campobasso-Boiano, un territorio ricco di tradizioni religiose e culturali, \u00e8 testimone di un impegno costante nell\u2019armonizzare fede, arte e liturgia. All\u2019interno di questa realt\u00e0, l&#8217;Ufficio Liturgico Diocesano svolge un ruolo fondamentale, non solo nel curare la celebrazione dei sacramenti, ma anche nel promuovere la bellezza della musica sacra e dell\u2019arte sacra, due elementi che contribuiscono profondamente alla vita spirituale dei fedeli.<\/h5><h5><strong>L\u2019Ufficio Liturgico Diocesano: custode della liturgia<\/strong><\/h5><h5>L\u2019Ufficio Liturgico Diocesano ha come missione principale quella di aiutare le parrocchie a vivere le celebrazioni liturgiche in modo autentico, fedele alla Tradizione della Chiesa. La liturgia, infatti, \u00e8 il cuore della vita cristiana, il luogo in cui i fedeli si incontrano con Dio attraverso i segni sacramentali. L\u2019Ufficio fornisce indicazioni su come svolgere correttamente le funzioni liturgiche, dai matrimoni alle messe domenicali, dalle festivit\u00e0 solenni ai sacramenti, e coordina eventi speciali come le celebrazioni annuali.<\/h5><h5><strong>La Musica Sacra: un linguaggio di fede<\/strong><\/h5><h5>All\u2019interno della liturgia, la musica sacra assume un\u2019importanza particolare. La Diocesi di Campobasso-Boiano ha una tradizione musicale che risale a secoli fa, e l\u2019Ufficio Liturgico \u00e8 sempre impegnato nel valorizzare i canti liturgici che accompagnano le celebrazioni. La musica sacra, infatti, non \u00e8 solo una forma di intrattenimento, ma un mezzo privilegiato per elevare l\u2019anima e favorire l\u2019incontro con il divino. Dall\u2019antico gregoriano alla polifonia rinascimentale, passando per la musica contemporanea, la Diocesi incoraggia la diversit\u00e0 musicale, senza mai perdere di vista l\u2019obiettivo principale: la gloria di Dio e l\u2019edificazione della comunit\u00e0.<\/h5><h5>I cori parrocchiali, che con passione e dedizione animano le celebrazioni, sono il cuore pulsante della musica sacra. L\u2019Ufficio Liturgico, inoltre, organizza incontri di formazione per cantori e direttori di coro, al fine di assicurare che la qualit\u00e0 musicale sia sempre all&#8217;altezza delle esigenze liturgiche.<\/h5><h5><strong>L&#8217;Arte Sacra: un linguaggio visivo di preghiera<\/strong><\/h5><h5>L&#8217;arte sacra, anch&#8217;essa parte integrante della tradizione religiosa della Diocesi, \u00e8 un\u2019altra forma di espressione che arricchisce la vita liturgica. Le chiese della Diocesi di Campobasso-Boiano sono punteggiate da affreschi, dipinti e sculture che raccontano la storia della salvezza e la vita dei santi. Queste opere non sono solo oggetti estetici, ma strumenti di meditazione e preghiera, capaci di parlare direttamente al cuore del fedele.<\/h5><h5>L\u2019Ufficio Liturgico Diocesano si impegna anche nella conservazione e valorizzazione del patrimonio artistico religioso. Quando necessario, promuove restauri e interventi di recupero, per preservare la bellezza che accompagna la fede nel tempo. La liturgia, infatti, \u00e8 tanto pi\u00f9 piena quanto pi\u00f9 \u00e8 circondata da bellezza: &#8220;Omnia in pulchritudine fiunt&#8221; (&#8220;Tutte le cose si fanno nella bellezza&#8221;), come insegna la tradizione cristiana.<\/h5><h5><strong>Un cammino di fede e cultura<\/strong><\/h5><h5>In sintesi, l&#8217;Ufficio Liturgico Diocesano di Campobasso-Boiano non solo coordina la liturgia, ma contribuisce attivamente a creare un ambiente di preghiera arricchito dalla musica sacra e dall&#8217;arte sacra. Questi due elementi sono essenziali per la formazione di una comunit\u00e0 di fede che, attraverso il bel canto e le opere artistiche, pu\u00f2 meglio comprendere e vivere il messaggio del Vangelo. La Diocesi, attraverso questo servizio, invita tutti i fedeli a riscoprire la bellezza della liturgia, che, come la musica e l&#8217;arte, parla al cuore dell&#8217;uomo, invitandolo a vivere la fede con profondit\u00e0 e gioia.<\/h5>\t\t\t\t\t\t\t\t<\/div>\n\t\t\t\t<\/div>\n\t\t\t\t<div class=\"elementor-element elementor-element-ed62d6c elementor-widget-divider--view-line elementor-widget elementor-widget-divider\" data-id=\"ed62d6c\" data-element_type=\"widget\" data-e-type=\"widget\" data-widget_type=\"divider.default\">\n\t\t\t\t<div class=\"elementor-widget-container\">\n\t\t\t\t\t\t\t<div class=\"elementor-divider\">\n\t\t\t<span class=\"elementor-divider-separator\">\n\t\t\t\t\t\t<\/span>\n\t\t<\/div>\n\t\t\t\t\t\t<\/div>\n\t\t\t\t<\/div>\n\t\t\t\t<div class=\"elementor-element elementor-element-f970697 elementor-widget elementor-widget-heading\" data-id=\"f970697\" data-element_type=\"widget\" data-e-type=\"widget\" data-widget_type=\"heading.default\">\n\t\t\t\t<div class=\"elementor-widget-container\">\n\t\t\t\t\t<h2 class=\"elementor-heading-title elementor-size-default\">Elenco dei membri<\/h2>\t\t\t\t<\/div>\n\t\t\t\t<\/div>\n\t\t\t\t<div class=\"elementor-element elementor-element-df4b079 elementor-grid-1 elementor-posts--thumbnail-none elementor-grid-tablet-2 elementor-grid-mobile-1 elementor-card-shadow-yes elementor-posts__hover-gradient elementor-widget elementor-widget-posts\" data-id=\"df4b079\" data-element_type=\"widget\" data-e-type=\"widget\" data-settings=\"{&quot;cards_columns&quot;:&quot;1&quot;,&quot;cards_columns_tablet&quot;:&quot;2&quot;,&quot;cards_columns_mobile&quot;:&quot;1&quot;,&quot;cards_row_gap&quot;:{&quot;unit&quot;:&quot;px&quot;,&quot;size&quot;:35,&quot;sizes&quot;:[]},&quot;cards_row_gap_tablet&quot;:{&quot;unit&quot;:&quot;px&quot;,&quot;size&quot;:&quot;&quot;,&quot;sizes&quot;:[]},&quot;cards_row_gap_mobile&quot;:{&quot;unit&quot;:&quot;px&quot;,&quot;size&quot;:&quot;&quot;,&quot;sizes&quot;:[]}}\" data-widget_type=\"posts.cards\">\n\t\t\t\t<div class=\"elementor-widget-container\">\n\t\t\t\t\t\t\t<div class=\"elementor-posts-container elementor-posts elementor-posts--skin-cards elementor-grid\" role=\"list\">\n\t\t\t\t<article class=\"elementor-post elementor-grid-item post-11229 post type-post status-publish format-standard hentry category-archivio-storico category-collegio-dei-consultori category-consiglio-per-gli-affari-economici category-consiglio-presbiteriale category-persone category-ufficio-diocesano-pastorale-della-cultura category-ufficio-liturgico-diocesano-musica-sacra-arte-sacra category-vice-cancelliere\" role=\"listitem\">\n\t\t\t<div class=\"elementor-post__card\">\n\t\t\t\t<div class=\"elementor-post__text\">\n\t\t\t\t<h3 class=\"elementor-post__title\">\n\t\t\t<a href=\"https:\/\/arcidiocesicampobasso.it\/index.php\/2024\/11\/25\/sac-marco-filadelfi\/\" >\n\t\t\t\tSac. Marco FILADELFI\t\t\t<\/a>\n\t\t<\/h3>\n\t\t\t\t<\/div>\n\t\t\t\t\t<\/div>\n\t\t<\/article>\n\t\t\t\t<article class=\"elementor-post elementor-grid-item post-11239 post type-post status-publish format-standard hentry category-collegio-dei-consultori category-consiglio-presbiteriale category-persone category-ufficio-diocesano-ministeri-laicali-istituiti category-ufficio-liturgico-diocesano-musica-sacra-arte-sacra category-vicario-foraneo\" role=\"listitem\">\n\t\t\t<div class=\"elementor-post__card\">\n\t\t\t\t<div class=\"elementor-post__text\">\n\t\t\t\t<h3 class=\"elementor-post__title\">\n\t\t\t<a href=\"https:\/\/arcidiocesicampobasso.it\/index.php\/2024\/11\/25\/sac-moreno-ientilucci\/\" >\n\t\t\t\tSac. Moreno IENTILUCCI\t\t\t<\/a>\n\t\t<\/h3>\n\t\t\t\t<\/div>\n\t\t\t\t\t<\/div>\n\t\t<\/article>\n\t\t\t\t<article class=\"elementor-post elementor-grid-item post-11384 post type-post status-publish format-standard hentry category-consiglio-per-gli-affari-economici category-persone category-tecnico category-ufficio-liturgico-diocesano-musica-sacra-arte-sacra\" role=\"listitem\">\n\t\t\t<div class=\"elementor-post__card\">\n\t\t\t\t<div class=\"elementor-post__text\">\n\t\t\t\t<h3 class=\"elementor-post__title\">\n\t\t\t<a href=\"https:\/\/arcidiocesicampobasso.it\/index.php\/2024\/11\/25\/arch-alberto-di-tommaso\/\" >\n\t\t\t\tArch. Alberto DI TOMMASO\t\t\t<\/a>\n\t\t<\/h3>\n\t\t\t\t<\/div>\n\t\t\t\t\t<\/div>\n\t\t<\/article>\n\t\t\t\t<article class=\"elementor-post elementor-grid-item post-13356 post type-post status-publish format-standard hentry category-persone category-ufficio-liturgico-diocesano-musica-sacra-arte-sacra\" role=\"listitem\">\n\t\t\t<div class=\"elementor-post__card\">\n\t\t\t\t<div class=\"elementor-post__text\">\n\t\t\t\t<h3 class=\"elementor-post__title\">\n\t\t\t<a href=\"https:\/\/arcidiocesicampobasso.it\/index.php\/2024\/12\/12\/sac-giuseppe-graziano\/\" >\n\t\t\t\tSac. Giuseppe GRAZIANO\t\t\t<\/a>\n\t\t<\/h3>\n\t\t\t\t<\/div>\n\t\t\t\t\t<\/div>\n\t\t<\/article>\n\t\t\t\t<\/div>\n\t\t\n\t\t\t\t\t\t<\/div>\n\t\t\t\t<\/div>\n\t\t\t\t<div class=\"elementor-element elementor-element-8a0effd elementor-widget-divider--view-line elementor-widget elementor-widget-divider\" data-id=\"8a0effd\" data-element_type=\"widget\" data-e-type=\"widget\" data-widget_type=\"divider.default\">\n\t\t\t\t<div class=\"elementor-widget-container\">\n\t\t\t\t\t\t\t<div class=\"elementor-divider\">\n\t\t\t<span class=\"elementor-divider-separator\">\n\t\t\t\t\t\t<\/span>\n\t\t<\/div>\n\t\t\t\t\t\t<\/div>\n\t\t\t\t<\/div>\n\t\t\t\t<div class=\"elementor-element elementor-element-89ffdb7 elementor-widget elementor-widget-heading\" data-id=\"89ffdb7\" data-element_type=\"widget\" data-e-type=\"widget\" data-widget_type=\"heading.default\">\n\t\t\t\t<div class=\"elementor-widget-container\">\n\t\t\t\t\t<h2 class=\"elementor-heading-title elementor-size-default\">Informazioni<\/h2>\t\t\t\t<\/div>\n\t\t\t\t<\/div>\n\t\t\t\t<div class=\"elementor-element elementor-element-de08b5b elementor-widget elementor-widget-text-editor\" data-id=\"de08b5b\" data-element_type=\"widget\" data-e-type=\"widget\" data-widget_type=\"text-editor.default\">\n\t\t\t\t<div class=\"elementor-widget-container\">\n\t\t\t\t\t\t\t\t\t<h5>Direttore: Sac. Moreno IENTILUCCI<\/h5><h5>UFFICIO LITURGICO<br \/>Direttore: Sac. Moreno IENTILUCCI<\/h5><h5>MUSICA SACRA<br \/>Direttore: Sac. Giuseppe GRAZIANO<\/h5><h5>ARTE SACRA<br \/>Direttore: Sac. Marco FILADELFI<br \/>Segretario: Arch. Alberto DI TOMMASO<\/h5>\t\t\t\t\t\t\t\t<\/div>\n\t\t\t\t<\/div>\n\t\t\t\t<\/div>\n\t\t\t\t\t<\/div>\n\t\t\t\t<\/div>\n\t\t<div class=\"elementor-element elementor-element-6ee7d60 e-flex e-con-boxed e-con e-parent\" data-id=\"6ee7d60\" data-element_type=\"container\" data-e-type=\"container\">\n\t\t\t\t\t<div class=\"e-con-inner\">\n\t\t<div class=\"elementor-element elementor-element-c1132c3 e-con-full e-flex e-con e-child\" data-id=\"c1132c3\" data-element_type=\"container\" data-e-type=\"container\">\n\t\t\t\t<div class=\"elementor-element elementor-element-f69334b elementor-widget elementor-widget-heading\" data-id=\"f69334b\" data-element_type=\"widget\" data-e-type=\"widget\" data-widget_type=\"heading.default\">\n\t\t\t\t<div class=\"elementor-widget-container\">\n\t\t\t\t\t<h2 class=\"elementor-heading-title elementor-size-default\">Documenti<\/h2>\t\t\t\t<\/div>\n\t\t\t\t<\/div>\n\t\t\t\t<\/div>\n\t\t<div class=\"elementor-element elementor-element-3b2b661 e-con-full e-flex e-con e-child\" data-id=\"3b2b661\" data-element_type=\"container\" data-e-type=\"container\">\n\t\t\t\t<div class=\"elementor-element elementor-element-a8177ac elementor-widget elementor-widget-heading\" data-id=\"a8177ac\" data-element_type=\"widget\" data-e-type=\"widget\" data-widget_type=\"heading.default\">\n\t\t\t\t<div class=\"elementor-widget-container\">\n\t\t\t\t\t<h2 class=\"elementor-heading-title elementor-size-default\">Notizie e avvisi<\/h2>\t\t\t\t<\/div>\n\t\t\t\t<\/div>\n\t\t\t\t<\/div>\n\t\t\t\t\t<\/div>\n\t\t\t\t<\/div>\n\t\t<div class=\"elementor-element elementor-element-31e3287 e-flex e-con-boxed e-con e-parent\" data-id=\"31e3287\" data-element_type=\"container\" data-e-type=\"container\">\n\t\t\t\t\t<div class=\"e-con-inner\">\n\t\t\t\t\t<\/div>\n\t\t\t\t<\/div>\n\t\t\t\t<\/div>\n\t\t","protected":false},"excerpt":{"rendered":"<p>UFFICIO LITURGICO DIOCESANO, MUSICA SACRA, ARTE SACRA Musica Sacra e Arte Sacra come Strumenti di Preghiera e Cultura La Diocesi di Campobasso-Boiano, un territorio ricco di tradizioni religiose e culturali,<\/p>\n","protected":false},"author":1,"featured_media":0,"parent":0,"menu_order":0,"comment_status":"closed","ping_status":"closed","template":"elementor_header_footer","meta":{"ngg_post_thumbnail":0,"footnotes":""},"class_list":["post-13350","page","type-page","status-publish","hentry"],"_links":{"self":[{"href":"https:\/\/arcidiocesicampobasso.it\/index.php\/wp-json\/wp\/v2\/pages\/13350","targetHints":{"allow":["GET"]}}],"collection":[{"href":"https:\/\/arcidiocesicampobasso.it\/index.php\/wp-json\/wp\/v2\/pages"}],"about":[{"href":"https:\/\/arcidiocesicampobasso.it\/index.php\/wp-json\/wp\/v2\/types\/page"}],"author":[{"embeddable":true,"href":"https:\/\/arcidiocesicampobasso.it\/index.php\/wp-json\/wp\/v2\/users\/1"}],"replies":[{"embeddable":true,"href":"https:\/\/arcidiocesicampobasso.it\/index.php\/wp-json\/wp\/v2\/comments?post=13350"}],"version-history":[{"count":7,"href":"https:\/\/arcidiocesicampobasso.it\/index.php\/wp-json\/wp\/v2\/pages\/13350\/revisions"}],"predecessor-version":[{"id":14485,"href":"https:\/\/arcidiocesicampobasso.it\/index.php\/wp-json\/wp\/v2\/pages\/13350\/revisions\/14485"}],"wp:attachment":[{"href":"https:\/\/arcidiocesicampobasso.it\/index.php\/wp-json\/wp\/v2\/media?parent=13350"}],"curies":[{"name":"wp","href":"https:\/\/api.w.org\/{rel}","templated":true}]}}