{"id":13022,"date":"2024-12-09T14:53:06","date_gmt":"2024-12-09T13:53:06","guid":{"rendered":"https:\/\/arcidiocesicampobasso.it\/?page_id=13022"},"modified":"2025-05-28T20:49:48","modified_gmt":"2025-05-28T18:49:48","slug":"ufficio-diocesano-pastorale-sociale-rurale-e-del-lavoro","status":"publish","type":"page","link":"https:\/\/arcidiocesicampobasso.it\/index.php\/ufficio-diocesano-pastorale-sociale-rurale-e-del-lavoro\/","title":{"rendered":"UFFICIO DIOCESANO PASTORALE SOCIALE, RURALE E DEL LAVORO"},"content":{"rendered":"\t\t<div data-elementor-type=\"wp-page\" data-elementor-id=\"13022\" class=\"elementor elementor-13022\" data-elementor-post-type=\"page\">\n\t\t\t\t<div class=\"elementor-element elementor-element-29d5b18 e-flex e-con-boxed e-con e-parent\" data-id=\"29d5b18\" data-element_type=\"container\" data-e-type=\"container\" data-settings=\"{&quot;background_background&quot;:&quot;classic&quot;}\">\n\t\t\t\t\t<div class=\"e-con-inner\">\n\t\t<div class=\"elementor-element elementor-element-f651c2c e-con-full e-flex e-con e-child\" data-id=\"f651c2c\" data-element_type=\"container\" data-e-type=\"container\">\n\t\t\t\t<div class=\"elementor-element elementor-element-baa868c elementor-widget elementor-widget-heading\" data-id=\"baa868c\" data-element_type=\"widget\" data-e-type=\"widget\" data-widget_type=\"heading.default\">\n\t\t\t\t<div class=\"elementor-widget-container\">\n\t\t\t\t\t<h1 class=\"elementor-heading-title elementor-size-default\">UFFICIO DIOCESANO PASTORALE SOCIALE, RURALE E DEL LAVORO<\/h1>\t\t\t\t<\/div>\n\t\t\t\t<\/div>\n\t\t\t\t<\/div>\n\t\t<div class=\"elementor-element elementor-element-01c3a09 e-con-full e-flex e-con e-child\" data-id=\"01c3a09\" data-element_type=\"container\" data-e-type=\"container\">\n\t\t\t\t<\/div>\n\t\t\t\t\t<\/div>\n\t\t\t\t<\/div>\n\t\t<div class=\"elementor-element elementor-element-69f82fa e-flex e-con-boxed e-con e-parent\" data-id=\"69f82fa\" data-element_type=\"container\" data-e-type=\"container\">\n\t\t\t\t\t<div class=\"e-con-inner\">\n\t\t<div class=\"elementor-element elementor-element-823d5bd e-con-full e-flex e-con e-child\" data-id=\"823d5bd\" data-element_type=\"container\" data-e-type=\"container\">\n\t\t\t\t<div class=\"elementor-element elementor-element-7f41833 elementor-widget elementor-widget-text-editor\" data-id=\"7f41833\" data-element_type=\"widget\" data-e-type=\"widget\" data-widget_type=\"text-editor.default\">\n\t\t\t\t<div class=\"elementor-widget-container\">\n\t\t\t\t\t\t\t\t\t<h5><strong>Impegno e Speranza per la Comunit\u00e0: La Pastorale Sociale, Rurale e del Lavoro nella Diocesi di Campobasso &#8211; Bojano<\/strong><\/h5><h6>\u00a0<\/h6><h6>L\u2019Ufficio Diocesano per la Pastorale Sociale, Rurale e del Lavoro \u00e8 nato con l\u2019intento di rispondere alle sfide e alle necessit\u00e0 che riguardano il mondo del lavoro, le realt\u00e0 rurali e le problematiche sociali della nostra contemporaneit\u00e0. La nostra Arcidiocesi \u00e8 chiamata ad essere vicina a coloro che vivono queste realt\u00e0, con un cuore che ascolta, comprende e cerca soluzioni in sintonia con i valori cristiani del Vangelo.<\/h6><h6><strong>La Pastorale Sociale: costruire una societ\u00e0 giusta e solidale<\/strong><\/h6><h6>La Pastorale Sociale si propone di formare i fedeli e sensibilizzare tutta la comunit\u00e0 a una visione cristiana della societ\u00e0, in cui giustizia, solidariet\u00e0 e dignit\u00e0 della persona siano sempre al centro di ogni azione. L\u2019obiettivo \u00e8 contribuire a costruire una societ\u00e0 che rispetti e tuteli i diritti di tutti, in particolare dei pi\u00f9 vulnerabili, promuovendo il bene comune.<\/h6><h6><strong>La Pastorale Rurale: valorizzare il territorio e le tradizioni locali<\/strong><\/h6><h6>Il nostro territorio, ricco di tradizioni agricole e culturali, rappresenta una risorsa fondamentale non solo per l\u2019economia ma anche per la cultura e la vita delle nostre comunit\u00e0. La Pastorale Rurale si impegna a valorizzare queste realt\u00e0, promuovendo la cura dell\u2019ambiente, il rispetto per la terra e il sostegno alle persone che abitano nelle zone rurali, spesso lontane dai centri urbani. Le aree rurali necessitano di attenzione, di ascolto e di progetti che ne preservino la dignit\u00e0 e ne sviluppino le potenzialit\u00e0.<\/h6><h6><strong>La Pastorale del Lavoro: dignit\u00e0 e speranza per il futuro<\/strong><\/h6><h6>Il lavoro \u00e8 un valore essenziale per ogni persona e una fonte di dignit\u00e0 e realizzazione. La Pastorale del Lavoro si propone di accompagnare chi vive la difficolt\u00e0 della disoccupazione, della precariet\u00e0 o delle condizioni di lavoro che non rispettano i diritti e la dignit\u00e0 del lavoratore. In un mondo che cambia rapidamente, l\u2019ufficio cerca di rispondere concretamente a chi cerca un impiego dignitoso e di promuovere politiche che tutelino i diritti dei lavoratori, soprattutto nelle situazioni di maggiore vulnerabilit\u00e0.<\/h6><h6><strong>Agire insieme per costruire una comunit\u00e0 pi\u00f9 giusta<\/strong><\/h6><h6>L\u2019Ufficio Diocesano \u00e8 uno strumento di supporto e di animazione per tutte le parrocchie, le associazioni e i gruppi della nostra diocesi. Insieme possiamo lavorare per costruire una comunit\u00e0 pi\u00f9 giusta, solidale e attenta alle necessit\u00e0 di tutti. Vi invitiamo a partecipare alle iniziative promosse, a formare gruppi di riflessione e a contribuire attivamente per creare un ambiente che favorisce la crescita e la fraternit\u00e0.<\/h6><h6>In un mondo complesso come il nostro, il nostro impegno non pu\u00f2 restare solo teorico, ma deve tradursi in azioni concrete. Se ciascuno di noi si prende cura dell\u2019altro, della comunit\u00e0 e del nostro territorio, possiamo fare davvero la differenza.<\/h6><h6>Affidiamo il nostro cammino alla preghiera, chiedendo al Signore di guidarci nel nostro lavoro, nelle scelte quotidiane e nel nostro impegno a testimoniare la giustizia e la speranza che ci derivano dal Vangelo.<\/h6><h6>\u00a0<\/h6>\t\t\t\t\t\t\t\t<\/div>\n\t\t\t\t<\/div>\n\t\t\t\t<div class=\"elementor-element elementor-element-ed62d6c elementor-widget-divider--view-line elementor-widget elementor-widget-divider\" data-id=\"ed62d6c\" data-element_type=\"widget\" data-e-type=\"widget\" data-widget_type=\"divider.default\">\n\t\t\t\t<div class=\"elementor-widget-container\">\n\t\t\t\t\t\t\t<div class=\"elementor-divider\">\n\t\t\t<span class=\"elementor-divider-separator\">\n\t\t\t\t\t\t<\/span>\n\t\t<\/div>\n\t\t\t\t\t\t<\/div>\n\t\t\t\t<\/div>\n\t\t\t\t<div class=\"elementor-element elementor-element-f970697 elementor-widget elementor-widget-heading\" data-id=\"f970697\" data-element_type=\"widget\" data-e-type=\"widget\" data-widget_type=\"heading.default\">\n\t\t\t\t<div class=\"elementor-widget-container\">\n\t\t\t\t\t<h2 class=\"elementor-heading-title elementor-size-default\">Elenco dei membri<\/h2>\t\t\t\t<\/div>\n\t\t\t\t<\/div>\n\t\t\t\t<div class=\"elementor-element elementor-element-df4b079 elementor-grid-1 elementor-posts--thumbnail-none elementor-grid-tablet-2 elementor-grid-mobile-1 elementor-card-shadow-yes elementor-posts__hover-gradient elementor-widget elementor-widget-posts\" data-id=\"df4b079\" data-element_type=\"widget\" data-e-type=\"widget\" data-settings=\"{&quot;cards_columns&quot;:&quot;1&quot;,&quot;cards_columns_tablet&quot;:&quot;2&quot;,&quot;cards_columns_mobile&quot;:&quot;1&quot;,&quot;cards_row_gap&quot;:{&quot;unit&quot;:&quot;px&quot;,&quot;size&quot;:35,&quot;sizes&quot;:[]},&quot;cards_row_gap_tablet&quot;:{&quot;unit&quot;:&quot;px&quot;,&quot;size&quot;:&quot;&quot;,&quot;sizes&quot;:[]},&quot;cards_row_gap_mobile&quot;:{&quot;unit&quot;:&quot;px&quot;,&quot;size&quot;:&quot;&quot;,&quot;sizes&quot;:[]}}\" data-widget_type=\"posts.cards\">\n\t\t\t\t<div class=\"elementor-widget-container\">\n\t\t\t\t\t\t\t<div class=\"elementor-posts-container elementor-posts elementor-posts--skin-cards elementor-grid\" role=\"list\">\n\t\t\t\t<article class=\"elementor-post elementor-grid-item post-13024 post type-post status-publish format-standard hentry category-persone category-ufficio-diocesano-pastorale-sociale-rurale-e-del-lavoro category-ufficio-pastorale-sociale-e-del-lavoro\" role=\"listitem\">\n\t\t\t<div class=\"elementor-post__card\">\n\t\t\t\t<div class=\"elementor-post__text\">\n\t\t\t\t<h3 class=\"elementor-post__title\">\n\t\t\t<a href=\"https:\/\/arcidiocesicampobasso.it\/index.php\/2024\/12\/09\/diac-gustavo-de-angelis\/\" >\n\t\t\t\tDiac. Gustavo DE ANGELIS\t\t\t<\/a>\n\t\t<\/h3>\n\t\t\t\t<\/div>\n\t\t\t\t\t<\/div>\n\t\t<\/article>\n\t\t\t\t<article class=\"elementor-post elementor-grid-item post-13032 post type-post status-publish format-standard hentry category-persone category-ufficio-diocesano-pastorale-sociale-rurale-e-del-lavoro\" role=\"listitem\">\n\t\t\t<div class=\"elementor-post__card\">\n\t\t\t\t<div class=\"elementor-post__text\">\n\t\t\t\t<h3 class=\"elementor-post__title\">\n\t\t\t<a href=\"https:\/\/arcidiocesicampobasso.it\/index.php\/2024\/12\/09\/sac-vittorio-perrella\/\" >\n\t\t\t\tSac. Vittorio PERRELLA\t\t\t<\/a>\n\t\t<\/h3>\n\t\t\t\t<\/div>\n\t\t\t\t\t<\/div>\n\t\t<\/article>\n\t\t\t\t<\/div>\n\t\t\n\t\t\t\t\t\t<\/div>\n\t\t\t\t<\/div>\n\t\t\t\t<div class=\"elementor-element elementor-element-8a0effd elementor-widget-divider--view-line elementor-widget elementor-widget-divider\" data-id=\"8a0effd\" data-element_type=\"widget\" data-e-type=\"widget\" data-widget_type=\"divider.default\">\n\t\t\t\t<div class=\"elementor-widget-container\">\n\t\t\t\t\t\t\t<div class=\"elementor-divider\">\n\t\t\t<span class=\"elementor-divider-separator\">\n\t\t\t\t\t\t<\/span>\n\t\t<\/div>\n\t\t\t\t\t\t<\/div>\n\t\t\t\t<\/div>\n\t\t\t\t<div class=\"elementor-element elementor-element-89ffdb7 elementor-widget elementor-widget-heading\" data-id=\"89ffdb7\" data-element_type=\"widget\" data-e-type=\"widget\" data-widget_type=\"heading.default\">\n\t\t\t\t<div class=\"elementor-widget-container\">\n\t\t\t\t\t<h2 class=\"elementor-heading-title elementor-size-default\">Informazioni<\/h2>\t\t\t\t<\/div>\n\t\t\t\t<\/div>\n\t\t\t\t<div class=\"elementor-element elementor-element-de08b5b elementor-widget elementor-widget-text-editor\" data-id=\"de08b5b\" data-element_type=\"widget\" data-e-type=\"widget\" data-widget_type=\"text-editor.default\">\n\t\t\t\t<div class=\"elementor-widget-container\">\n\t\t\t\t\t\t\t\t\t<h5>Direttore: Diac. Gustavo DE ANGELIS<br \/>Assistente Spirituale: Sac. Vittorio PERRELLA<\/h5>\t\t\t\t\t\t\t\t<\/div>\n\t\t\t\t<\/div>\n\t\t\t\t<\/div>\n\t\t\t\t\t<\/div>\n\t\t\t\t<\/div>\n\t\t\t\t<\/div>\n\t\t","protected":false},"excerpt":{"rendered":"<p>UFFICIO DIOCESANO PASTORALE SOCIALE, RURALE E DEL LAVORO Impegno e Speranza per la Comunit\u00e0: La Pastorale Sociale, Rurale e del Lavoro nella Diocesi di Campobasso &#8211; Bojano \u00a0 L\u2019Ufficio Diocesano<\/p>\n","protected":false},"author":1,"featured_media":0,"parent":0,"menu_order":0,"comment_status":"closed","ping_status":"closed","template":"elementor_header_footer","meta":{"ngg_post_thumbnail":0,"footnotes":""},"class_list":["post-13022","page","type-page","status-publish","hentry"],"_links":{"self":[{"href":"https:\/\/arcidiocesicampobasso.it\/index.php\/wp-json\/wp\/v2\/pages\/13022","targetHints":{"allow":["GET"]}}],"collection":[{"href":"https:\/\/arcidiocesicampobasso.it\/index.php\/wp-json\/wp\/v2\/pages"}],"about":[{"href":"https:\/\/arcidiocesicampobasso.it\/index.php\/wp-json\/wp\/v2\/types\/page"}],"author":[{"embeddable":true,"href":"https:\/\/arcidiocesicampobasso.it\/index.php\/wp-json\/wp\/v2\/users\/1"}],"replies":[{"embeddable":true,"href":"https:\/\/arcidiocesicampobasso.it\/index.php\/wp-json\/wp\/v2\/comments?post=13022"}],"version-history":[{"count":40,"href":"https:\/\/arcidiocesicampobasso.it\/index.php\/wp-json\/wp\/v2\/pages\/13022\/revisions"}],"predecessor-version":[{"id":18415,"href":"https:\/\/arcidiocesicampobasso.it\/index.php\/wp-json\/wp\/v2\/pages\/13022\/revisions\/18415"}],"wp:attachment":[{"href":"https:\/\/arcidiocesicampobasso.it\/index.php\/wp-json\/wp\/v2\/media?parent=13022"}],"curies":[{"name":"wp","href":"https:\/\/api.w.org\/{rel}","templated":true}]}}