{"id":11098,"date":"2024-11-23T12:37:58","date_gmt":"2024-11-23T11:37:58","guid":{"rendered":"https:\/\/arcidiocesicampobasso.it\/?page_id=11098"},"modified":"2025-05-26T14:53:02","modified_gmt":"2025-05-26T12:53:02","slug":"tribunale-ecclesiastico-diocesano","status":"publish","type":"page","link":"https:\/\/arcidiocesicampobasso.it\/index.php\/tribunale-ecclesiastico-diocesano\/","title":{"rendered":"TRIBUNALE ECCLESIASTICO DIOCESANO"},"content":{"rendered":"\t\t<div data-elementor-type=\"wp-page\" data-elementor-id=\"11098\" class=\"elementor elementor-11098\" data-elementor-post-type=\"page\">\n\t\t\t\t<div class=\"elementor-element elementor-element-29d5b18 e-flex e-con-boxed e-con e-parent\" data-id=\"29d5b18\" data-element_type=\"container\" data-e-type=\"container\" data-settings=\"{&quot;background_background&quot;:&quot;classic&quot;}\">\n\t\t\t\t\t<div class=\"e-con-inner\">\n\t\t<div class=\"elementor-element elementor-element-f651c2c e-con-full e-flex e-con e-child\" data-id=\"f651c2c\" data-element_type=\"container\" data-e-type=\"container\">\n\t\t\t\t<div class=\"elementor-element elementor-element-baa868c elementor-widget elementor-widget-heading\" data-id=\"baa868c\" data-element_type=\"widget\" data-e-type=\"widget\" data-widget_type=\"heading.default\">\n\t\t\t\t<div class=\"elementor-widget-container\">\n\t\t\t\t\t<h1 class=\"elementor-heading-title elementor-size-default\">TRIBUNALE ECCLESIASTICO DIOCESANO<\/h1>\t\t\t\t<\/div>\n\t\t\t\t<\/div>\n\t\t\t\t<\/div>\n\t\t<div class=\"elementor-element elementor-element-01c3a09 e-con-full e-flex e-con e-child\" data-id=\"01c3a09\" data-element_type=\"container\" data-e-type=\"container\">\n\t\t\t\t<\/div>\n\t\t\t\t\t<\/div>\n\t\t\t\t<\/div>\n\t\t<div class=\"elementor-element elementor-element-aec6402 e-flex e-con-boxed e-con e-parent\" data-id=\"aec6402\" data-element_type=\"container\" data-e-type=\"container\">\n\t\t\t\t\t<div class=\"e-con-inner\">\n\t\t\t\t<div class=\"elementor-element elementor-element-42dc623 elementor-widget elementor-widget-text-editor\" data-id=\"42dc623\" data-element_type=\"widget\" data-e-type=\"widget\" data-widget_type=\"text-editor.default\">\n\t\t\t\t<div class=\"elementor-widget-container\">\n\t\t\t\t\t\t\t\t\t<h5><strong>Il Tribunale Ecclesiastico dell&#8217;Arcidiocesi di Campobasso-Bojano: un aiuto per la comunit\u00e0 cristiana.<\/strong><\/h5><h5>Il <strong>Tribunale Ecclesiastico dell\u2019Arcidiocesi di Campobasso-Bojano<\/strong> \u00e8 un&#8217;istituzione della Chiesa cattolica che offre un servizio importante per i fedeli della diocesi. La sua missione principale \u00e8 quella di garantire giustizia e verit\u00e0 in ambito ecclesiastico, affrontando soprattutto questioni legate al matrimonio.<\/h5><h5><strong>Qual \u00e8 il ruolo del Tribunale Ecclesiastico?<\/strong><\/h5><h5>Il Tribunale Ecclesiastico si occupa principalmente delle <strong>cause matrimoniali<\/strong>, cio\u00e8 dei processi che valutano la validit\u00e0 di un matrimonio celebrato secondo il diritto canonico. In particolare, esamina se un matrimonio possa essere dichiarato nullo, ovvero se non sia stato valido fin dall&#8217;inizio a causa di particolari condizioni o circostanze.<\/h5><h5>La dichiarazione di nullit\u00e0 matrimoniale non \u00e8 un &#8220;divorzio religioso&#8221;, ma un riconoscimento che, per motivi specifici, quel matrimonio non \u00e8 mai esistito pienamente secondo le leggi della Chiesa.<\/h5><h5><strong>Chi pu\u00f2 rivolgersi al Tribunale?<\/strong><\/h5><h5>Qualsiasi fedele che abbia dubbi sulla validit\u00e0 del proprio matrimonio pu\u00f2 rivolgersi al Tribunale. Non \u00e8 necessario avere una conoscenza approfondita delle norme ecclesiastiche: il personale del Tribunale \u00e8 l\u00ec per accogliere, ascoltare e guidare chiunque si presenti con rispetto e disponibilit\u00e0.<\/h5><h5><strong>Come funziona il processo?<\/strong><\/h5><h5><strong>Accoglienza e ascolto:<\/strong> La persona interessata si reca presso il Tribunale per una consulenza preliminare. Viene spiegato il procedimento e si raccolgono le prime informazioni.<\/h5><h5><strong>Presentazione della causa:<\/strong> Se ci sono i presupposti, viene avviato il processo con la raccolta di documenti e testimonianze.<\/h5><h5><strong>Valutazione:<\/strong> I giudici analizzano i fatti secondo il diritto canonico, ascoltano le parti coinvolte e le testimonianze.<\/h5><h5><strong>Sentenza:<\/strong> Alla fine, viene emessa una decisione, che pu\u00f2 essere confermata o eventualmente impugnata.<\/h5><h5><strong>Un servizio di verit\u00e0 e misericordia<\/strong><\/h5><h5>Il Tribunale Ecclesiastico non \u00e8 un luogo di giudizio severo, ma uno spazio dove i fedeli possono trovare accoglienza, ascolto e una risposta giusta alle proprie domande. La Chiesa, attraverso questo servizio, manifesta il suo desiderio di accompagnare i fedeli nel discernimento e nella ricerca di pace e serenit\u00e0 spirituale.<\/h5><h5>Per ulteriori informazioni o per fissare un appuntamento, \u00e8 possibile contattare il Tribunale Ecclesiastico presso la Curia dell\u2019Arcidiocesi di Campobasso-Bojano. Il personale \u00e8 a disposizione per rispondere a ogni domanda con discrezione e competenza.<\/h5><h5><strong>Nota:<\/strong> Tutti i procedimenti sono condotti nel rispetto della privacy e della sensibilit\u00e0 delle persone coinvolte.<\/h5>\t\t\t\t\t\t\t\t<\/div>\n\t\t\t\t<\/div>\n\t\t\t\t\t<\/div>\n\t\t\t\t<\/div>\n\t\t<div class=\"elementor-element elementor-element-3fc12ad e-flex e-con-boxed e-con e-parent\" data-id=\"3fc12ad\" data-element_type=\"container\" data-e-type=\"container\">\n\t\t\t\t\t<div class=\"e-con-inner\">\n\t\t\t\t<div class=\"elementor-element elementor-element-dd4b68c elementor-widget elementor-widget-text-editor\" data-id=\"dd4b68c\" data-element_type=\"widget\" data-e-type=\"widget\" data-widget_type=\"text-editor.default\">\n\t\t\t\t<div class=\"elementor-widget-container\">\n\t\t\t\t\t\t\t\t\t<div class=\"elementor-element elementor-element-89ffdb7 elementor-widget elementor-widget-heading\" data-id=\"89ffdb7\" data-element_type=\"widget\" data-widget_type=\"heading.default\"><div class=\"elementor-widget-container\"><h2 class=\"elementor-heading-title elementor-size-default\">VICARIO GIUDIZIALE\u00a0<\/h2><\/div><\/div><div class=\"elementor-element elementor-element-de08b5b elementor-widget elementor-widget-text-editor\" data-id=\"de08b5b\" data-element_type=\"widget\" data-widget_type=\"text-editor.default\"><div class=\"elementor-widget-container\"><h5>\u00a0<\/h5><\/div><\/div><h4 class=\"p1\">Sac. Aloys Ghslain MEWOLI MBALA II &#8211; tel. 0874.699045<\/h4><p>\u00a0<\/p><p>\u00a0<\/p>\t\t\t\t\t\t\t\t<\/div>\n\t\t\t\t<\/div>\n\t\t\t\t\t<\/div>\n\t\t\t\t<\/div>\n\t\t\t\t<\/div>\n\t\t","protected":false},"excerpt":{"rendered":"<p>TRIBUNALE ECCLESIASTICO DIOCESANO Il Tribunale Ecclesiastico dell&#8217;Arcidiocesi di Campobasso-Bojano: un aiuto per la comunit\u00e0 cristiana. Il Tribunale Ecclesiastico dell\u2019Arcidiocesi di Campobasso-Bojano \u00e8 un&#8217;istituzione della Chiesa cattolica che offre un servizio [&hellip;]<\/p>\n","protected":false},"author":1,"featured_media":0,"parent":0,"menu_order":0,"comment_status":"closed","ping_status":"closed","template":"elementor_header_footer","meta":{"ngg_post_thumbnail":0,"footnotes":""},"class_list":["post-11098","page","type-page","status-publish","hentry"],"_links":{"self":[{"href":"https:\/\/arcidiocesicampobasso.it\/index.php\/wp-json\/wp\/v2\/pages\/11098","targetHints":{"allow":["GET"]}}],"collection":[{"href":"https:\/\/arcidiocesicampobasso.it\/index.php\/wp-json\/wp\/v2\/pages"}],"about":[{"href":"https:\/\/arcidiocesicampobasso.it\/index.php\/wp-json\/wp\/v2\/types\/page"}],"author":[{"embeddable":true,"href":"https:\/\/arcidiocesicampobasso.it\/index.php\/wp-json\/wp\/v2\/users\/1"}],"replies":[{"embeddable":true,"href":"https:\/\/arcidiocesicampobasso.it\/index.php\/wp-json\/wp\/v2\/comments?post=11098"}],"version-history":[{"count":22,"href":"https:\/\/arcidiocesicampobasso.it\/index.php\/wp-json\/wp\/v2\/pages\/11098\/revisions"}],"predecessor-version":[{"id":14352,"href":"https:\/\/arcidiocesicampobasso.it\/index.php\/wp-json\/wp\/v2\/pages\/11098\/revisions\/14352"}],"wp:attachment":[{"href":"https:\/\/arcidiocesicampobasso.it\/index.php\/wp-json\/wp\/v2\/media?parent=11098"}],"curies":[{"name":"wp","href":"https:\/\/api.w.org\/{rel}","templated":true}]}}