{"id":10953,"date":"2024-11-22T15:57:50","date_gmt":"2024-11-22T14:57:50","guid":{"rendered":"https:\/\/arcidiocesicampobasso.it\/?page_id=10953"},"modified":"2025-05-26T15:06:56","modified_gmt":"2025-05-26T13:06:56","slug":"servizio-per-la-formazione-al-diaconato-permanente","status":"publish","type":"page","link":"https:\/\/arcidiocesicampobasso.it\/index.php\/servizio-per-la-formazione-al-diaconato-permanente\/","title":{"rendered":"UFFICIO DIOCESANO CLERO E DIACONATO PERMANENTE"},"content":{"rendered":"\t\t<div data-elementor-type=\"wp-page\" data-elementor-id=\"10953\" class=\"elementor elementor-10953\" data-elementor-post-type=\"page\">\n\t\t\t\t<div class=\"elementor-element elementor-element-29d5b18 e-flex e-con-boxed e-con e-parent\" data-id=\"29d5b18\" data-element_type=\"container\" data-e-type=\"container\" data-settings=\"{&quot;background_background&quot;:&quot;classic&quot;}\">\n\t\t\t\t\t<div class=\"e-con-inner\">\n\t\t<div class=\"elementor-element elementor-element-f651c2c e-con-full e-flex e-con e-child\" data-id=\"f651c2c\" data-element_type=\"container\" data-e-type=\"container\">\n\t\t\t\t<div class=\"elementor-element elementor-element-baa868c elementor-widget elementor-widget-heading\" data-id=\"baa868c\" data-element_type=\"widget\" data-e-type=\"widget\" data-widget_type=\"heading.default\">\n\t\t\t\t<div class=\"elementor-widget-container\">\n\t\t\t\t\t<h1 class=\"elementor-heading-title elementor-size-default\">UFFICIO DIOCESANO CLERO E DIACONATO PERMANENTE<\/h1>\t\t\t\t<\/div>\n\t\t\t\t<\/div>\n\t\t\t\t<\/div>\n\t\t<div class=\"elementor-element elementor-element-01c3a09 e-con-full e-flex e-con e-child\" data-id=\"01c3a09\" data-element_type=\"container\" data-e-type=\"container\">\n\t\t\t\t<\/div>\n\t\t\t\t\t<\/div>\n\t\t\t\t<\/div>\n\t\t<div class=\"elementor-element elementor-element-4e3a86e e-flex e-con-boxed e-con e-parent\" data-id=\"4e3a86e\" data-element_type=\"container\" data-e-type=\"container\">\n\t\t\t\t\t<div class=\"e-con-inner\">\n\t\t<div class=\"elementor-element elementor-element-d0fded1 e-con-full e-flex e-con e-child\" data-id=\"d0fded1\" data-element_type=\"container\" data-e-type=\"container\">\n\t\t\t\t<div class=\"elementor-element elementor-element-a2e6fea elementor-widget elementor-widget-text-editor\" data-id=\"a2e6fea\" data-element_type=\"widget\" data-e-type=\"widget\" data-widget_type=\"text-editor.default\">\n\t\t\t\t<div class=\"elementor-widget-container\">\n\t\t\t\t\t\t\t\t\t<h5>L&#8217;Ufficio Diocesano per il Clero e il Diaconato Permanente \u00e8 un organismo fondamentale per la vita della Diocesi di Campobasso-Boiano, con il compito di curare e promuovere il ministero sacerdotale e diaconale all&#8217;interno del territorio diocesano. Questo ufficio si occupa della formazione, del sostegno e della coordinazione dei sacerdoti e dei diaconi permanenti, contribuendo cos\u00ec a garantire una presenza ecclesiale attiva e capillare.<\/h5><h5><strong>La missione dell&#8217;Ufficio<\/strong><\/h5><h5>Il principale obiettivo dell&#8217;Ufficio Diocesano Clero e Diaconato Permanente \u00e8 quello di accompagnare i sacerdoti e i diaconi in ogni fase del loro cammino vocazionale e ministeriale, offrendo loro il supporto necessario per vivere pienamente il loro servizio alla Chiesa e alla comunit\u00e0. Questo supporto si articola in vari ambiti, tra cui la formazione continua, la gestione delle esigenze pastorali, e la promozione della fraternit\u00e0 tra i membri del clero.<\/h5><h5>L&#8217;ufficio si occupa, inoltre, di coordinare le attivit\u00e0 di formazione e aggiornamento per i diaconi permanenti, che sono uomini sposati che, dopo aver ricevuto il sacramento dell&#8217;ordine, si dedicano al servizio pastorale e caritativo nella diocesi. Questi diaconi svolgono un ruolo importante nelle parrocchie, nella liturgia e nel sostegno alle persone pi\u00f9 bisognose.<\/h5><h5><strong>La formazione e il supporto continuo<\/strong><\/h5><h5>Un aspetto centrale dell&#8217;attivit\u00e0 dell&#8217;Ufficio \u00e8 la formazione, sia iniziale che continua. Per i sacerdoti, ci\u00f2 significa un sostegno costante nel loro percorso di crescita spirituale e teologica, attraverso corsi di aggiornamento, ritiri spirituali e incontri di formazione. Questo aiuta i presbiteri a rimanere sempre attenti alle sfide pastorali contemporanee e a rispondere in modo adeguato alle esigenze della comunit\u00e0.<\/h5><h5>Per i diaconi permanenti, l&#8217;Ufficio Diocesano organizza percorsi formativi specifici, che includono studi biblici, teologici e liturgici, insieme ad esperienze pratiche che arricchiscono il loro servizio. La formazione continua per i diaconi \u00e8 fondamentale, poich\u00e9 il loro ruolo richiede un costante approfondimento delle Scritture e delle tematiche pastorali.<\/h5><h5><strong>Un punto di riferimento per la Diocesi<\/strong><\/h5><h5>L&#8217;Ufficio Diocesano Clero e Diaconato Permanente rappresenta un punto di riferimento per tutta la diocesi, un luogo dove i sacerdoti e i diaconi possono trovare supporto, ascolto e accompagnamento. La sua funzione \u00e8 quella di favorire una rete di comunione tra i membri del clero e di incoraggiare lo spirito di fraternit\u00e0, indispensabile per il buon funzionamento della pastorale diocesana.<\/h5><h5>Inoltre, l\u2019Ufficio si occupa di seguire la vita dei sacerdoti e dei diaconi, intervenendo in caso di necessit\u00e0 e garantendo che ciascuno possa vivere il proprio ministero con serenit\u00e0 e con un impegno sempre rinnovato per la missione della Chiesa.<\/h5><h5><strong>Concludendo<\/strong><\/h5><h5>In sintesi, l\u2019Ufficio Diocesano Clero e Diaconato Permanente della Diocesi di Campobasso-Boiano \u00e8 un importante strumento per il sostegno e la crescita della vita ecclesiale locale. La sua attivit\u00e0, orientata alla formazione, alla cura spirituale e al supporto pratico dei sacerdoti e dei diaconi permanenti, rappresenta una risorsa fondamentale per la comunit\u00e0 diocesana, che pu\u00f2 cos\u00ec contare su un clero preparato, motivato e in continua comunione con la missione della Chiesa.<\/h5>\t\t\t\t\t\t\t\t<\/div>\n\t\t\t\t<\/div>\n\t\t\t\t<div class=\"elementor-element elementor-element-d4deeee elementor-widget-divider--view-line elementor-widget elementor-widget-divider\" data-id=\"d4deeee\" data-element_type=\"widget\" data-e-type=\"widget\" data-widget_type=\"divider.default\">\n\t\t\t\t<div class=\"elementor-widget-container\">\n\t\t\t\t\t\t\t<div class=\"elementor-divider\">\n\t\t\t<span class=\"elementor-divider-separator\">\n\t\t\t\t\t\t<\/span>\n\t\t<\/div>\n\t\t\t\t\t\t<\/div>\n\t\t\t\t<\/div>\n\t\t\t\t<div class=\"elementor-element elementor-element-fbaf54b elementor-widget elementor-widget-heading\" data-id=\"fbaf54b\" data-element_type=\"widget\" data-e-type=\"widget\" data-widget_type=\"heading.default\">\n\t\t\t\t<div class=\"elementor-widget-container\">\n\t\t\t\t\t<h2 class=\"elementor-heading-title elementor-size-default\">Membri<\/h2>\t\t\t\t<\/div>\n\t\t\t\t<\/div>\n\t\t\t\t<div class=\"elementor-element elementor-element-556a48f elementor-grid-1 elementor-posts--thumbnail-none elementor-grid-tablet-2 elementor-grid-mobile-1 elementor-card-shadow-yes elementor-posts__hover-gradient elementor-widget elementor-widget-posts\" data-id=\"556a48f\" data-element_type=\"widget\" data-e-type=\"widget\" data-settings=\"{&quot;cards_columns&quot;:&quot;1&quot;,&quot;cards_columns_tablet&quot;:&quot;2&quot;,&quot;cards_columns_mobile&quot;:&quot;1&quot;,&quot;cards_row_gap&quot;:{&quot;unit&quot;:&quot;px&quot;,&quot;size&quot;:35,&quot;sizes&quot;:[]},&quot;cards_row_gap_tablet&quot;:{&quot;unit&quot;:&quot;px&quot;,&quot;size&quot;:&quot;&quot;,&quot;sizes&quot;:[]},&quot;cards_row_gap_mobile&quot;:{&quot;unit&quot;:&quot;px&quot;,&quot;size&quot;:&quot;&quot;,&quot;sizes&quot;:[]}}\" data-widget_type=\"posts.cards\">\n\t\t\t\t<div class=\"elementor-widget-container\">\n\t\t\t\t\t\t\t<div class=\"elementor-posts-container elementor-posts elementor-posts--skin-cards elementor-grid\" role=\"list\">\n\t\t\t\t<article class=\"elementor-post elementor-grid-item post-10685 post type-post status-publish format-standard hentry category-collegio-dei-consultori category-consiglio-per-gli-affari-economici category-consiglio-presbiteriale category-moderatore-di-curia category-persone category-presbiteri-diocesani category-ufficio-clero category-ufficio-diocesano-clero-e-diaconato-permanente\" role=\"listitem\">\n\t\t\t<div class=\"elementor-post__card\">\n\t\t\t\t<div class=\"elementor-post__text\">\n\t\t\t\t<h3 class=\"elementor-post__title\">\n\t\t\t<a href=\"https:\/\/arcidiocesicampobasso.it\/index.php\/2024\/11\/15\/sac-rossi-mario\/\" >\n\t\t\t\tSac. Antonio ARIENZALE\t\t\t<\/a>\n\t\t<\/h3>\n\t\t\t\t<\/div>\n\t\t\t\t\t<\/div>\n\t\t<\/article>\n\t\t\t\t<article class=\"elementor-post elementor-grid-item post-11899 post type-post status-publish format-standard hentry category-persone category-ufficio-diaconato-permanente category-ufficio-diocesano-clero-e-diaconato-permanente\" role=\"listitem\">\n\t\t\t<div class=\"elementor-post__card\">\n\t\t\t\t<div class=\"elementor-post__text\">\n\t\t\t\t<h3 class=\"elementor-post__title\">\n\t\t\t<a href=\"https:\/\/arcidiocesicampobasso.it\/index.php\/2024\/11\/26\/sac-antonio-garofalo\/\" >\n\t\t\t\tSac. Antonio GAROFALO\t\t\t<\/a>\n\t\t<\/h3>\n\t\t\t\t<\/div>\n\t\t\t\t\t<\/div>\n\t\t<\/article>\n\t\t\t\t<\/div>\n\t\t\n\t\t\t\t\t\t<\/div>\n\t\t\t\t<\/div>\n\t\t\t\t<div class=\"elementor-element elementor-element-6087a79 elementor-widget-divider--view-line elementor-widget elementor-widget-divider\" data-id=\"6087a79\" data-element_type=\"widget\" data-e-type=\"widget\" data-widget_type=\"divider.default\">\n\t\t\t\t<div class=\"elementor-widget-container\">\n\t\t\t\t\t\t\t<div class=\"elementor-divider\">\n\t\t\t<span class=\"elementor-divider-separator\">\n\t\t\t\t\t\t<\/span>\n\t\t<\/div>\n\t\t\t\t\t\t<\/div>\n\t\t\t\t<\/div>\n\t\t\t\t<div class=\"elementor-element elementor-element-8340696 elementor-widget elementor-widget-heading\" data-id=\"8340696\" data-element_type=\"widget\" data-e-type=\"widget\" data-widget_type=\"heading.default\">\n\t\t\t\t<div class=\"elementor-widget-container\">\n\t\t\t\t\t<h2 class=\"elementor-heading-title elementor-size-default\">Informazioni<\/h2>\t\t\t\t<\/div>\n\t\t\t\t<\/div>\n\t\t\t\t<div class=\"elementor-element elementor-element-90ee4ee elementor-widget elementor-widget-text-editor\" data-id=\"90ee4ee\" data-element_type=\"widget\" data-e-type=\"widget\" data-widget_type=\"text-editor.default\">\n\t\t\t\t<div class=\"elementor-widget-container\">\n\t\t\t\t\t\t\t\t\t<h6>Direttore: Sac. Antonio ARIENZALE<\/h6><h6>UFFICIO CLERO<br \/>Direttore: Sac. Antonio ARIENZALE<\/h6><h6>UFFICIO DIACONATO PERMANENTE<br \/>Direttore: Sac. Antonio GAROFALO<\/h6>\t\t\t\t\t\t\t\t<\/div>\n\t\t\t\t<\/div>\n\t\t\t\t<\/div>\n\t\t\t\t\t<\/div>\n\t\t\t\t<\/div>\n\t\t<div class=\"elementor-element elementor-element-fc981a6 e-flex e-con-boxed e-con e-parent\" data-id=\"fc981a6\" data-element_type=\"container\" data-e-type=\"container\">\n\t\t\t\t\t<div class=\"e-con-inner\">\n\t\t<div class=\"elementor-element elementor-element-6493738 e-con-full e-flex e-con e-child\" data-id=\"6493738\" data-element_type=\"container\" data-e-type=\"container\">\n\t\t\t\t<div class=\"elementor-element elementor-element-6b0cfde elementor-widget elementor-widget-heading\" data-id=\"6b0cfde\" data-element_type=\"widget\" data-e-type=\"widget\" data-widget_type=\"heading.default\">\n\t\t\t\t<div class=\"elementor-widget-container\">\n\t\t\t\t\t<h2 class=\"elementor-heading-title elementor-size-default\">Documenti<\/h2>\t\t\t\t<\/div>\n\t\t\t\t<\/div>\n\t\t\t\t<\/div>\n\t\t<div class=\"elementor-element elementor-element-e4c7cdd e-con-full e-flex e-con e-child\" data-id=\"e4c7cdd\" data-element_type=\"container\" data-e-type=\"container\">\n\t\t\t\t<div class=\"elementor-element elementor-element-1b64292 elementor-widget elementor-widget-heading\" data-id=\"1b64292\" data-element_type=\"widget\" data-e-type=\"widget\" data-widget_type=\"heading.default\">\n\t\t\t\t<div class=\"elementor-widget-container\">\n\t\t\t\t\t<h2 class=\"elementor-heading-title elementor-size-default\">Notizie e avvisi<\/h2>\t\t\t\t<\/div>\n\t\t\t\t<\/div>\n\t\t\t\t<\/div>\n\t\t\t\t\t<\/div>\n\t\t\t\t<\/div>\n\t\t<div class=\"elementor-element elementor-element-f8b7cca e-flex e-con-boxed e-con e-parent\" data-id=\"f8b7cca\" data-element_type=\"container\" data-e-type=\"container\">\n\t\t\t\t\t<div class=\"e-con-inner\">\n\t\t\t\t\t<\/div>\n\t\t\t\t<\/div>\n\t\t\t\t<\/div>\n\t\t","protected":false},"excerpt":{"rendered":"<p>UFFICIO DIOCESANO CLERO E DIACONATO PERMANENTE L&#8217;Ufficio Diocesano per il Clero e il Diaconato Permanente \u00e8 un organismo fondamentale per la vita della Diocesi di Campobasso-Boiano, con il compito di<\/p>\n","protected":false},"author":1,"featured_media":0,"parent":0,"menu_order":0,"comment_status":"closed","ping_status":"closed","template":"elementor_header_footer","meta":{"ngg_post_thumbnail":0,"footnotes":""},"class_list":["post-10953","page","type-page","status-publish","hentry"],"_links":{"self":[{"href":"https:\/\/arcidiocesicampobasso.it\/index.php\/wp-json\/wp\/v2\/pages\/10953","targetHints":{"allow":["GET"]}}],"collection":[{"href":"https:\/\/arcidiocesicampobasso.it\/index.php\/wp-json\/wp\/v2\/pages"}],"about":[{"href":"https:\/\/arcidiocesicampobasso.it\/index.php\/wp-json\/wp\/v2\/types\/page"}],"author":[{"embeddable":true,"href":"https:\/\/arcidiocesicampobasso.it\/index.php\/wp-json\/wp\/v2\/users\/1"}],"replies":[{"embeddable":true,"href":"https:\/\/arcidiocesicampobasso.it\/index.php\/wp-json\/wp\/v2\/comments?post=10953"}],"version-history":[{"count":17,"href":"https:\/\/arcidiocesicampobasso.it\/index.php\/wp-json\/wp\/v2\/pages\/10953\/revisions"}],"predecessor-version":[{"id":14488,"href":"https:\/\/arcidiocesicampobasso.it\/index.php\/wp-json\/wp\/v2\/pages\/10953\/revisions\/14488"}],"wp:attachment":[{"href":"https:\/\/arcidiocesicampobasso.it\/index.php\/wp-json\/wp\/v2\/media?parent=10953"}],"curies":[{"name":"wp","href":"https:\/\/api.w.org\/{rel}","templated":true}]}}