{"id":10917,"date":"2024-11-22T14:56:08","date_gmt":"2024-11-22T13:56:08","guid":{"rendered":"https:\/\/arcidiocesicampobasso.it\/?page_id=10917"},"modified":"2024-12-04T14:01:03","modified_gmt":"2024-12-04T13:01:03","slug":"servizio-per-il-progetto-culturale","status":"publish","type":"page","link":"https:\/\/arcidiocesicampobasso.it\/index.php\/servizio-per-il-progetto-culturale\/","title":{"rendered":"SERVIZIO PER IL PROGETTO CULTURALE"},"content":{"rendered":"\t\t<div data-elementor-type=\"wp-page\" data-elementor-id=\"10917\" class=\"elementor elementor-10917\" data-elementor-post-type=\"page\">\n\t\t\t\t<div class=\"elementor-element elementor-element-29d5b18 e-flex e-con-boxed e-con e-parent\" data-id=\"29d5b18\" data-element_type=\"container\" data-e-type=\"container\" data-settings=\"{&quot;background_background&quot;:&quot;classic&quot;}\">\n\t\t\t\t\t<div class=\"e-con-inner\">\n\t\t<div class=\"elementor-element elementor-element-f651c2c e-con-full e-flex e-con e-child\" data-id=\"f651c2c\" data-element_type=\"container\" data-e-type=\"container\">\n\t\t\t\t<div class=\"elementor-element elementor-element-baa868c elementor-widget elementor-widget-heading\" data-id=\"baa868c\" data-element_type=\"widget\" data-e-type=\"widget\" data-widget_type=\"heading.default\">\n\t\t\t\t<div class=\"elementor-widget-container\">\n\t\t\t\t\t<h1 class=\"elementor-heading-title elementor-size-default\">SERVIZIO PER IL PROGETTO CULTURALE<\/h1>\t\t\t\t<\/div>\n\t\t\t\t<\/div>\n\t\t\t\t<\/div>\n\t\t<div class=\"elementor-element elementor-element-01c3a09 e-con-full e-flex e-con e-child\" data-id=\"01c3a09\" data-element_type=\"container\" data-e-type=\"container\">\n\t\t\t\t<\/div>\n\t\t\t\t\t<\/div>\n\t\t\t\t<\/div>\n\t\t<div class=\"elementor-element elementor-element-aec6402 e-flex e-con-boxed e-con e-parent\" data-id=\"aec6402\" data-element_type=\"container\" data-e-type=\"container\">\n\t\t\t\t\t<div class=\"e-con-inner\">\n\t\t\t\t<div class=\"elementor-element elementor-element-67c48ba elementor-widget elementor-widget-text-editor\" data-id=\"67c48ba\" data-element_type=\"widget\" data-e-type=\"widget\" data-widget_type=\"text-editor.default\">\n\t\t\t\t<div class=\"elementor-widget-container\">\n\t\t\t\t\t\t\t\t\t<h5>Un progetto culturale all\u2019interno di una diocesi \u00e8 molto importante perch\u00e9 aiuta la Chiesa a rispondere alle sfide che la societ\u00e0 e la cultura contemporanea pongono. L\u2019idea di fondo, che risale al 1994 grazie al Cardinale Camillo Ruini, \u00e8 quella di creare un &#8220;cantiere&#8221; della cultura, dove la fede cristiana pu\u00f2 incontrare le esigenze dell\u2019uomo e della societ\u00e0. Questo progetto \u00e8 stato ufficialmente strutturato nel 1997, con la creazione del <strong>Servizio nazionale per il progetto culturale<\/strong> della Conferenza Episcopale Italiana, che coordina le attivit\u00e0 e le iniziative culturali a livello locale.<\/h5><p>\u00a0<\/p><h5><strong>Perch\u00e9 \u00e8 importante avere un progetto culturale in diocesi?<\/strong><\/h5><h5><strong>\u00a0<\/strong><\/h5><ul><li><h5><strong>Aggiornare la pastorale<\/strong><\/h5><\/li><\/ul><h5>Un progetto culturale aiuta a rinnovare la pastorale, cio\u00e8 il modo in cui la Chiesa accompagna le persone nella loro vita quotidiana. In un mondo che cambia rapidamente, la Chiesa ha bisogno di utilizzare nuovi strumenti e linguaggi per parlare alle persone, senza mai rinunciare ai valori cristiani.<\/h5><h5>\u00a0<\/h5><ul><li><h5><strong>Coinvolgere la comunit\u00e0<\/strong><\/h5><\/li><\/ul><h5>Ogni diocesi ha un <strong>referente diocesano per il progetto culturale<\/strong>, una persona che coordina le attivit\u00e0 e coinvolge tutti coloro che desiderano partecipare. Questo pu\u00f2 includere gruppi, associazioni, movimenti religiosi, e singoli laici, tutti impegnati insieme per promuovere una cultura cristiana nel territorio.<\/h5><h5>\u00a0<\/h5><ul><li><h5><strong>Formare le persone<\/strong><\/h5><\/li><\/ul><h5>Il progetto culturale non riguarda solo l\u2019aspetto religioso, ma cerca anche di aiutare le persone a capire meglio la cultura, la societ\u00e0 e le sfide moderne. Questo si fa organizzando eventi, seminari e pubblicazioni che favoriscono una crescita sia culturale che spirituale.<\/h5><h5>\u00a0<\/h5><ul><li><h5><strong>Sostenere il ruolo dei laici<\/strong><\/h5><\/li><\/ul><h5>Un altro obiettivo del progetto culturale \u00e8 quello di aiutare i laici \u2013 uomini e donne che non sono sacerdoti o religiosi \u2013 a impegnarsi attivamente nella societ\u00e0. La Chiesa vuole che i laici portino la loro fede nei luoghi dove vivono e lavorano, come nelle scuole, nel mondo del lavoro, nella politica e in altri settori.<\/h5><h5>\u00a0<\/h5><ul><li><h5><strong>Costruire relazioni con il territorio<\/strong><\/h5><\/li><\/ul><h5>Ogni diocesi \u00e8 inserita in una realt\u00e0 sociale ed economica specifica. Il progetto culturale aiuta a stabilire legami con le istituzioni civili e con altre realt\u00e0 culturali e sociali, contribuendo a risolvere insieme i problemi della comunit\u00e0 e cercando soluzioni per il bene di tutti.<\/h5><h5>\u00a0<\/h5><ul><li><h5><strong>Promuovere valori positivi<\/strong><\/h5><\/li><\/ul><h5>Infine, un progetto culturale aiuta a diffondere valori importanti, come il rispetto per la dignit\u00e0 delle persone, la giustizia sociale e la cura dell\u2019ambiente. La Chiesa, attraverso queste iniziative, cerca di ispirare azioni concrete che possano migliorare la vita delle persone nella comunit\u00e0.<\/h5><p>\u00a0<\/p><h5><strong>Conclusione<\/strong><\/h5><h5>Un progetto culturale in diocesi \u00e8 uno strumento fondamentale per la Chiesa, perch\u00e9 permette di portare la fede cristiana nel cuore della vita quotidiana delle persone, rispondendo alle sfide culturali, sociali e morali di oggi. Aiuta la Chiesa a rimanere rilevante e vicina alle persone, offrendo nuovi spunti per vivere la fede in un mondo che cambia velocemente.<\/h5>\t\t\t\t\t\t\t\t<\/div>\n\t\t\t\t<\/div>\n\t\t\t\t\t<\/div>\n\t\t\t\t<\/div>\n\t\t\t\t<\/div>\n\t\t","protected":false},"excerpt":{"rendered":"<p>SERVIZIO PER IL PROGETTO CULTURALE Un progetto culturale all\u2019interno di una diocesi \u00e8 molto importante perch\u00e9 aiuta la Chiesa a rispondere alle sfide che la societ\u00e0 e la cultura contemporanea [&hellip;]<\/p>\n","protected":false},"author":1,"featured_media":0,"parent":0,"menu_order":0,"comment_status":"closed","ping_status":"closed","template":"elementor_header_footer","meta":{"ngg_post_thumbnail":0,"footnotes":""},"class_list":["post-10917","page","type-page","status-publish","hentry"],"_links":{"self":[{"href":"https:\/\/arcidiocesicampobasso.it\/index.php\/wp-json\/wp\/v2\/pages\/10917","targetHints":{"allow":["GET"]}}],"collection":[{"href":"https:\/\/arcidiocesicampobasso.it\/index.php\/wp-json\/wp\/v2\/pages"}],"about":[{"href":"https:\/\/arcidiocesicampobasso.it\/index.php\/wp-json\/wp\/v2\/types\/page"}],"author":[{"embeddable":true,"href":"https:\/\/arcidiocesicampobasso.it\/index.php\/wp-json\/wp\/v2\/users\/1"}],"replies":[{"embeddable":true,"href":"https:\/\/arcidiocesicampobasso.it\/index.php\/wp-json\/wp\/v2\/comments?post=10917"}],"version-history":[{"count":7,"href":"https:\/\/arcidiocesicampobasso.it\/index.php\/wp-json\/wp\/v2\/pages\/10917\/revisions"}],"predecessor-version":[{"id":12692,"href":"https:\/\/arcidiocesicampobasso.it\/index.php\/wp-json\/wp\/v2\/pages\/10917\/revisions\/12692"}],"wp:attachment":[{"href":"https:\/\/arcidiocesicampobasso.it\/index.php\/wp-json\/wp\/v2\/media?parent=10917"}],"curies":[{"name":"wp","href":"https:\/\/api.w.org\/{rel}","templated":true}]}}