{"id":10912,"date":"2024-11-22T14:54:47","date_gmt":"2024-11-22T13:54:47","guid":{"rendered":"https:\/\/arcidiocesicampobasso.it\/?page_id=10912"},"modified":"2025-01-08T15:37:35","modified_gmt":"2025-01-08T14:37:35","slug":"museo-diocesano","status":"publish","type":"page","link":"https:\/\/arcidiocesicampobasso.it\/index.php\/museo-diocesano\/","title":{"rendered":"MUSEO DIOCESANO"},"content":{"rendered":"\t\t<div data-elementor-type=\"wp-page\" data-elementor-id=\"10912\" class=\"elementor elementor-10912\" data-elementor-post-type=\"page\">\n\t\t\t\t<div class=\"elementor-element elementor-element-29d5b18 e-flex e-con-boxed e-con e-parent\" data-id=\"29d5b18\" data-element_type=\"container\" data-e-type=\"container\" data-settings=\"{&quot;background_background&quot;:&quot;classic&quot;}\">\n\t\t\t\t\t<div class=\"e-con-inner\">\n\t\t<div class=\"elementor-element elementor-element-f651c2c e-con-full e-flex e-con e-child\" data-id=\"f651c2c\" data-element_type=\"container\" data-e-type=\"container\">\n\t\t\t\t<div class=\"elementor-element elementor-element-baa868c elementor-widget elementor-widget-heading\" data-id=\"baa868c\" data-element_type=\"widget\" data-e-type=\"widget\" data-widget_type=\"heading.default\">\n\t\t\t\t<div class=\"elementor-widget-container\">\n\t\t\t\t\t<h1 class=\"elementor-heading-title elementor-size-default\">MUSEO DIOCESANO<\/h1>\t\t\t\t<\/div>\n\t\t\t\t<\/div>\n\t\t\t\t<\/div>\n\t\t<div class=\"elementor-element elementor-element-01c3a09 e-con-full e-flex e-con e-child\" data-id=\"01c3a09\" data-element_type=\"container\" data-e-type=\"container\">\n\t\t\t\t<\/div>\n\t\t\t\t\t<\/div>\n\t\t\t\t<\/div>\n\t\t<div class=\"elementor-element elementor-element-aec6402 e-flex e-con-boxed e-con e-parent\" data-id=\"aec6402\" data-element_type=\"container\" data-e-type=\"container\">\n\t\t\t\t\t<div class=\"e-con-inner\">\n\t\t\t\t<div class=\"elementor-element elementor-element-70451f8 elementor-widget elementor-widget-text-editor\" data-id=\"70451f8\" data-element_type=\"widget\" data-e-type=\"widget\" data-widget_type=\"text-editor.default\">\n\t\t\t\t<div class=\"elementor-widget-container\">\n\t\t\t\t\t\t\t\t\t<h5>Il Museo Diocesano dell&#8217;Arcidiocesi di Campobasso-Bojano rappresenta un prezioso scrigno di storia, arte e fede, testimonianza tangibile del ricco patrimonio culturale della regione molisana. La sua importanza si manifesta in diversi ambiti, tra cui la conservazione, la valorizzazione e la trasmissione della memoria storica e spirituale del territorio.<\/h5><h5><strong>Conservazione del patrimonio culturale<\/strong><\/h5><h5>Il museo custodisce una vasta collezione di opere d\u2019arte sacra, tra cui dipinti, sculture, paramenti liturgici, reliquiari e manoscritti, che raccontano secoli di storia religiosa e artistica. Questi oggetti, provenienti da chiese e monasteri dell&#8217;arcidiocesi, sono testimonianze materiali di una fede vissuta e tramandata, oltre che capolavori di maestranze locali e non. Grazie al museo, tali tesori sono protetti da rischi di dispersione o danneggiamento.<\/h5><h5><strong>Valorizzazione artistica e spirituale<\/strong><\/h5><h5>Oltre alla conservazione, il Museo Diocesano svolge un ruolo fondamentale nella valorizzazione del patrimonio culturale, promuovendo l\u2019accesso e la fruizione da parte di un pubblico sempre pi\u00f9 ampio. Attraverso esposizioni permanenti e temporanee, visite guidate e attivit\u00e0 educative, il museo diventa un luogo di incontro tra arte e spiritualit\u00e0, offrendo ai visitatori l&#8217;opportunit\u00e0 di approfondire la conoscenza della storia locale e di riscoprire il significato profondo di molte tradizioni religiose.<\/h5><h5><strong>Promozione del dialogo culturale<\/strong><\/h5><h5>Il museo non \u00e8 solo un luogo di conservazione, ma anche un ponte tra passato e presente, capace di stimolare riflessioni e dialoghi tra diverse generazioni e culture. L\u2019arcidiocesi, attraverso il museo, contribuisce a creare una consapevolezza collettiva dell&#8217;importanza delle radici storiche e religiose, favorendo il senso di appartenenza alla comunit\u00e0.<\/h5><h5><strong>Rilevanza per il turismo<\/strong><\/h5><h5>Infine, il Museo Diocesano rappresenta un\u2019importante attrazione turistica per il Molise, una regione spesso meno conosciuta rispetto ad altre in Italia. La presenza del museo arricchisce l\u2019offerta culturale del territorio, attirando appassionati di arte e storia e contribuendo allo sviluppo economico locale attraverso il turismo culturale.<\/h5><h5>In sintesi, il Museo Diocesano dell\u2019Arcidiocesi di Campobasso-Bojano \u00e8 molto pi\u00f9 di una raccolta di oggetti preziosi: \u00e8 un luogo di memoria, bellezza e spiritualit\u00e0, un punto di riferimento per la comunit\u00e0 e una risorsa imprescindibile per il territorio. Investire nella sua promozione e tutela significa preservare un\u2019eredit\u00e0 unica, che parla alle generazioni presenti e future.<\/h5><h5>\u00a0<\/h5>\t\t\t\t\t\t\t\t<\/div>\n\t\t\t\t<\/div>\n\t\t\t\t\t<\/div>\n\t\t\t\t<\/div>\n\t\t\t\t<\/div>\n\t\t","protected":false},"excerpt":{"rendered":"<p>MUSEO DIOCESANO Il Museo Diocesano dell&#8217;Arcidiocesi di Campobasso-Bojano rappresenta un prezioso scrigno di storia, arte e fede, testimonianza tangibile del ricco patrimonio culturale della regione molisana. La sua importanza si [&hellip;]<\/p>\n","protected":false},"author":1,"featured_media":0,"parent":0,"menu_order":0,"comment_status":"closed","ping_status":"closed","template":"elementor_header_footer","meta":{"ngg_post_thumbnail":0,"footnotes":""},"class_list":["post-10912","page","type-page","status-publish","hentry"],"_links":{"self":[{"href":"https:\/\/arcidiocesicampobasso.it\/index.php\/wp-json\/wp\/v2\/pages\/10912","targetHints":{"allow":["GET"]}}],"collection":[{"href":"https:\/\/arcidiocesicampobasso.it\/index.php\/wp-json\/wp\/v2\/pages"}],"about":[{"href":"https:\/\/arcidiocesicampobasso.it\/index.php\/wp-json\/wp\/v2\/types\/page"}],"author":[{"embeddable":true,"href":"https:\/\/arcidiocesicampobasso.it\/index.php\/wp-json\/wp\/v2\/users\/1"}],"replies":[{"embeddable":true,"href":"https:\/\/arcidiocesicampobasso.it\/index.php\/wp-json\/wp\/v2\/comments?post=10912"}],"version-history":[{"count":10,"href":"https:\/\/arcidiocesicampobasso.it\/index.php\/wp-json\/wp\/v2\/pages\/10912\/revisions"}],"predecessor-version":[{"id":14726,"href":"https:\/\/arcidiocesicampobasso.it\/index.php\/wp-json\/wp\/v2\/pages\/10912\/revisions\/14726"}],"wp:attachment":[{"href":"https:\/\/arcidiocesicampobasso.it\/index.php\/wp-json\/wp\/v2\/media?parent=10912"}],"curies":[{"name":"wp","href":"https:\/\/api.w.org\/{rel}","templated":true}]}}