{"id":10770,"date":"2024-11-19T19:11:43","date_gmt":"2024-11-19T18:11:43","guid":{"rendered":"https:\/\/arcidiocesicampobasso.it\/?page_id=10770"},"modified":"2024-12-06T16:13:02","modified_gmt":"2024-12-06T15:13:02","slug":"confraternite-e-fraternita","status":"publish","type":"page","link":"https:\/\/arcidiocesicampobasso.it\/index.php\/confraternite-e-fraternita\/","title":{"rendered":"CONFRATERNITE E FRATERNITA&#8217;"},"content":{"rendered":"\t\t<div data-elementor-type=\"wp-page\" data-elementor-id=\"10770\" class=\"elementor elementor-10770\" data-elementor-post-type=\"page\">\n\t\t\t\t<div class=\"elementor-element elementor-element-29d5b18 e-flex e-con-boxed e-con e-parent\" data-id=\"29d5b18\" data-element_type=\"container\" data-e-type=\"container\" data-settings=\"{&quot;background_background&quot;:&quot;classic&quot;}\">\n\t\t\t\t\t<div class=\"e-con-inner\">\n\t\t<div class=\"elementor-element elementor-element-f651c2c e-con-full e-flex e-con e-child\" data-id=\"f651c2c\" data-element_type=\"container\" data-e-type=\"container\">\n\t\t\t\t<div class=\"elementor-element elementor-element-baa868c elementor-widget elementor-widget-heading\" data-id=\"baa868c\" data-element_type=\"widget\" data-e-type=\"widget\" data-widget_type=\"heading.default\">\n\t\t\t\t<div class=\"elementor-widget-container\">\n\t\t\t\t\t<h1 class=\"elementor-heading-title elementor-size-default\">CONFRATERNITE E FRATERNIT\u00c0<\/h1>\t\t\t\t<\/div>\n\t\t\t\t<\/div>\n\t\t\t\t<\/div>\n\t\t<div class=\"elementor-element elementor-element-01c3a09 e-con-full e-flex e-con e-child\" data-id=\"01c3a09\" data-element_type=\"container\" data-e-type=\"container\">\n\t\t\t\t<\/div>\n\t\t\t\t\t<\/div>\n\t\t\t\t<\/div>\n\t\t<div class=\"elementor-element elementor-element-aec6402 e-flex e-con-boxed e-con e-parent\" data-id=\"aec6402\" data-element_type=\"container\" data-e-type=\"container\">\n\t\t\t\t\t<div class=\"e-con-inner\">\n\t\t\t\t<div class=\"elementor-element elementor-element-3854e63 elementor-widget elementor-widget-text-editor\" data-id=\"3854e63\" data-element_type=\"widget\" data-e-type=\"widget\" data-widget_type=\"text-editor.default\">\n\t\t\t\t<div class=\"elementor-widget-container\">\n\t\t\t\t\t\t\t\t\t<h5>Nell&#8217;Arcidiocesi di Campobasso-Bojano, le confraternite e le fraternit\u00e0 non sono solo gruppi di persone che si incontrano per pregare, ma sono vere e proprie &#8220;famiglie spirituali&#8221; che, con il loro impegno, contribuiscono a rendere la nostra Chiesa e la nostra comunit\u00e0 sempre pi\u00f9 vive e unite. In un tempo in cui le sfide sono molte e le difficolt\u00e0 quotidiane sembrano separare le persone, le confraternite sono un punto di riferimento che ci aiuta a ritrovare il senso della comunit\u00e0 e della fede condivisa.<\/h5><h5>\u00a0<\/h5><h5><strong>La Preghiera e la Vita Spirituale: Un Legame di Fede<\/strong><\/h5><h5>Le confraternite dell&#8217;Arcidiocesi di Campobasso-Bojano sono, prima di tutto, luoghi di preghiera. Chi vi partecipa non lo fa solo per compiere un atto religioso, ma per vivere una fede profonda, che trova forza nell\u2019unione con gli altri. Le celebrazioni liturgiche, le processioni e gli incontri di preghiera sono momenti in cui i membri delle confraternite si ritrovano per vivere la fede con maggiore intensit\u00e0, celebrando insieme i grandi misteri della nostra salvezza. Questi momenti non sono solo eventi esterni, ma esperienze che toccano il cuore e aiutano ciascuno di noi a crescere nel rapporto con Dio.<\/h5><h5>Inoltre, le confraternite sono anche un&#8217;opportunit\u00e0 per chi desidera approfondire il cammino di fede, partecipando a ritiri spirituali e incontri formativi che li aiutano a vivere meglio la propria vita cristiana, non solo dentro le chiese, ma nella vita di tutti i giorni.<\/h5><h5>\u00a0<\/h5><h5><strong>L\u2019Impegno Sociale e la Carit\u00e0: Un Cuore Aperto a Tutti<\/strong><\/h5><h5>Un aspetto fondamentale delle confraternite nell&#8217;Arcidiocesi di Campobasso-Bojano \u00e8 l\u2019impegno verso il prossimo, soprattutto verso chi \u00e8 pi\u00f9 fragile e vulnerabile. Non \u00e8 solo una questione di dare aiuto materiale, ma di dare speranza e sostegno alle persone che si trovano in difficolt\u00e0. Le confraternite si occupano di molteplici forme di carit\u00e0: dalle raccolte di generi alimentari a iniziative di solidariet\u00e0 per i malati e gli anziani, fino al sostegno delle famiglie in difficolt\u00e0.<\/h5><h5>Questa missione di carit\u00e0 \u00e8 un aspetto che non pu\u00f2 essere separato dalla spiritualit\u00e0, perch\u00e9 ogni atto di aiuto \u00e8 un modo per vivere concretamente l&#8217;amore di Cristo. In un territorio come quello dell\u2019Arcidiocesi di Campobasso-Bojano, che si estende tra la citt\u00e0 e i piccoli paesi, l&#8217;impegno delle confraternite diventa ancora pi\u00f9 significativo, perch\u00e9 sono una risorsa importante per fare fronte alle necessit\u00e0 della comunit\u00e0, spesso lontane dai riflettori e dalle grandi strutture.<\/h5><h5>\u00a0<\/h5><h5><strong>Unire la Comunit\u00e0: Insieme in Cammino<\/strong><\/h5><h5>Le confraternite e fraternit\u00e0 non sono solo un gruppo di persone che si uniscono per pregare o fare del bene, ma sono veri e propri strumenti di coesione per tutta la diocesi. In un territorio che comprende citt\u00e0 come Campobasso, Bojano, e tanti piccoli paesi, le confraternite offrono un\u2019opportunit\u00e0 unica di incontro e condivisione. Le persone si ritrovano per vivere insieme il Vangelo, ma anche per imparare a conoscersi, a crescere insieme nella fede e nell\u2019amore reciproco.<\/h5><h5>Queste realt\u00e0 di fede aiutano a superare le distanze, unendo le diverse parrocchie e frazioni della diocesi. Le attivit\u00e0 comunitarie, come i pellegrinaggi, le feste patronali e le celebrazioni, sono occasioni in cui le persone si incontrano, si sostengono e si arricchiscono a vicenda, formando una vera &#8220;famiglia&#8221; che non si ferma alla porta della chiesa, ma che si estende in tutta la vita quotidiana.<\/h5><h5>\u00a0<\/h5><h5><strong>Custodi di Tradizione: La Fede che Continua a Crescere<\/strong><\/h5><h5>Le confraternite e fraternit\u00e0 dell\u2019Arcidiocesi di Campobasso-Bojano sono anche custodi di una tradizione che affonda le radici nella nostra storia. Le processioni, le feste religiose e le celebrazioni, che si svolgono in tutta la diocesi, sono momenti carichi di significato, non solo per la fede che celebrano, ma anche per la cultura e la storia che portano con s\u00e9. Molti di noi hanno ricordi legati a queste tradizioni, che si tramandano di generazione in generazione.<\/h5><h5>Questi momenti non solo rinnovano la nostra fede, ma sono anche un\u2019occasione per riscoprire le nostre radici e per trasmettere alle nuove generazioni un patrimonio di spiritualit\u00e0 e cultura che ci appartiene. Le confraternite sono, quindi, un ponte tra passato e futuro, un modo per mantenere viva la memoria della fede che ha attraversato secoli di storia, ma anche per farla crescere e rinnovarsi.<\/h5><h5>\u00a0<\/h5><h5><strong>Conclusione<\/strong><\/h5><h5>Le confraternite e fraternit\u00e0 nell&#8217;Arcidiocesi di Campobasso-Bojano sono molto pi\u00f9 di un\u2019organizzazione religiosa: sono una vera e propria &#8220;scuola di vita&#8221; per tutti coloro che desiderano vivere la propria fede in modo pi\u00f9 profondo, pi\u00f9 concreto e pi\u00f9 attivo. Sono luoghi dove si impara a pregare, a condividere, a essere solidali e a camminare insieme. Con il loro impegno spirituale e sociale, le confraternite rendono la nostra diocesi una comunit\u00e0 viva, unita e sempre pronta ad accogliere chiunque abbia bisogno di sostegno.<\/h5><h5>In un mondo che spesso sembra spingere verso l&#8217;individualismo e la solitudine, le confraternite ci ricordano che la fede \u00e8 un cammino che va vissuto insieme, con gioia e con speranza. La loro missione \u00e8 quella di continuare a testimoniare il Vangelo con la vita quotidiana, costruendo un mondo pi\u00f9 giusto, pi\u00f9 accogliente e pi\u00f9 cristiano, a partire dalle piccole cose che ognuno di noi pu\u00f2 fare.<\/h5><h5>\u00a0<\/h5>\t\t\t\t\t\t\t\t<\/div>\n\t\t\t\t<\/div>\n\t\t\t\t\t<\/div>\n\t\t\t\t<\/div>\n\t\t\t\t<\/div>\n\t\t","protected":false},"excerpt":{"rendered":"<p>CONFRATERNITE E FRATERNIT\u00c0 Nell&#8217;Arcidiocesi di Campobasso-Bojano, le confraternite e le fraternit\u00e0 non sono solo gruppi di persone che si incontrano per pregare, ma sono vere e proprie &#8220;famiglie spirituali&#8221; che, [&hellip;]<\/p>\n","protected":false},"author":1,"featured_media":0,"parent":0,"menu_order":0,"comment_status":"closed","ping_status":"closed","template":"elementor_header_footer","meta":{"ngg_post_thumbnail":0,"footnotes":""},"class_list":["post-10770","page","type-page","status-publish","hentry"],"_links":{"self":[{"href":"https:\/\/arcidiocesicampobasso.it\/index.php\/wp-json\/wp\/v2\/pages\/10770","targetHints":{"allow":["GET"]}}],"collection":[{"href":"https:\/\/arcidiocesicampobasso.it\/index.php\/wp-json\/wp\/v2\/pages"}],"about":[{"href":"https:\/\/arcidiocesicampobasso.it\/index.php\/wp-json\/wp\/v2\/types\/page"}],"author":[{"embeddable":true,"href":"https:\/\/arcidiocesicampobasso.it\/index.php\/wp-json\/wp\/v2\/users\/1"}],"replies":[{"embeddable":true,"href":"https:\/\/arcidiocesicampobasso.it\/index.php\/wp-json\/wp\/v2\/comments?post=10770"}],"version-history":[{"count":10,"href":"https:\/\/arcidiocesicampobasso.it\/index.php\/wp-json\/wp\/v2\/pages\/10770\/revisions"}],"predecessor-version":[{"id":12955,"href":"https:\/\/arcidiocesicampobasso.it\/index.php\/wp-json\/wp\/v2\/pages\/10770\/revisions\/12955"}],"wp:attachment":[{"href":"https:\/\/arcidiocesicampobasso.it\/index.php\/wp-json\/wp\/v2\/media?parent=10770"}],"curies":[{"name":"wp","href":"https:\/\/api.w.org\/{rel}","templated":true}]}}