{"id":10612,"date":"2024-11-14T15:36:34","date_gmt":"2024-11-14T14:36:34","guid":{"rendered":"https:\/\/arcidiocesicampobasso.it\/?page_id=10612"},"modified":"2024-11-29T16:28:45","modified_gmt":"2024-11-29T15:28:45","slug":"vicario-giudiziale","status":"publish","type":"page","link":"https:\/\/arcidiocesicampobasso.it\/index.php\/vicario-giudiziale\/","title":{"rendered":"VICARIO GIUDIZIALE"},"content":{"rendered":"\t\t<div data-elementor-type=\"wp-page\" data-elementor-id=\"10612\" class=\"elementor elementor-10612\" data-elementor-post-type=\"page\">\n\t\t\t\t<div class=\"elementor-element elementor-element-29d5b18 e-flex e-con-boxed e-con e-parent\" data-id=\"29d5b18\" data-element_type=\"container\" data-e-type=\"container\" data-settings=\"{&quot;background_background&quot;:&quot;classic&quot;}\">\n\t\t\t\t\t<div class=\"e-con-inner\">\n\t\t<div class=\"elementor-element elementor-element-f651c2c e-con-full e-flex e-con e-child\" data-id=\"f651c2c\" data-element_type=\"container\" data-e-type=\"container\">\n\t\t\t\t<div class=\"elementor-element elementor-element-baa868c elementor-widget elementor-widget-heading\" data-id=\"baa868c\" data-element_type=\"widget\" data-e-type=\"widget\" data-widget_type=\"heading.default\">\n\t\t\t\t<div class=\"elementor-widget-container\">\n\t\t\t\t\t<h1 class=\"elementor-heading-title elementor-size-default\">VICARIO GIUDIZIALE<\/h1>\t\t\t\t<\/div>\n\t\t\t\t<\/div>\n\t\t\t\t<\/div>\n\t\t<div class=\"elementor-element elementor-element-01c3a09 e-con-full e-flex e-con e-child\" data-id=\"01c3a09\" data-element_type=\"container\" data-e-type=\"container\">\n\t\t\t\t<\/div>\n\t\t\t\t\t<\/div>\n\t\t\t\t<\/div>\n\t\t<div class=\"elementor-element elementor-element-aec6402 e-flex e-con-boxed e-con e-parent\" data-id=\"aec6402\" data-element_type=\"container\" data-e-type=\"container\">\n\t\t\t\t\t<div class=\"e-con-inner\">\n\t\t<div class=\"elementor-element elementor-element-5588f81 e-con-full e-flex e-con e-child\" data-id=\"5588f81\" data-element_type=\"container\" data-e-type=\"container\">\n\t\t\t\t<div class=\"elementor-element elementor-element-32d53d7 elementor-grid-1 elementor-posts--thumbnail-none elementor-grid-tablet-2 elementor-grid-mobile-1 elementor-card-shadow-yes elementor-posts__hover-gradient elementor-widget elementor-widget-posts\" data-id=\"32d53d7\" data-element_type=\"widget\" data-e-type=\"widget\" data-settings=\"{&quot;cards_columns&quot;:&quot;1&quot;,&quot;cards_columns_tablet&quot;:&quot;2&quot;,&quot;cards_columns_mobile&quot;:&quot;1&quot;,&quot;cards_row_gap&quot;:{&quot;unit&quot;:&quot;px&quot;,&quot;size&quot;:35,&quot;sizes&quot;:[]},&quot;cards_row_gap_tablet&quot;:{&quot;unit&quot;:&quot;px&quot;,&quot;size&quot;:&quot;&quot;,&quot;sizes&quot;:[]},&quot;cards_row_gap_mobile&quot;:{&quot;unit&quot;:&quot;px&quot;,&quot;size&quot;:&quot;&quot;,&quot;sizes&quot;:[]}}\" data-widget_type=\"posts.cards\">\n\t\t\t\t<div class=\"elementor-widget-container\">\n\t\t\t\t\t\t\t<div class=\"elementor-posts-container elementor-posts elementor-posts--skin-cards elementor-grid\" role=\"list\">\n\t\t\t\t<article class=\"elementor-post elementor-grid-item post-11244 post type-post status-publish format-standard hentry category-collegio-dei-consultori category-consiglio-presbiteriale category-persone category-ufficio-pastorale-rurale category-vicario-foraneo category-vicario-giudiziale\" role=\"listitem\">\n\t\t\t<div class=\"elementor-post__card\">\n\t\t\t\t<div class=\"elementor-post__text\">\n\t\t\t\t<h3 class=\"elementor-post__title\">\n\t\t\t<a href=\"https:\/\/arcidiocesicampobasso.it\/index.php\/2024\/11\/25\/sac-aloys-ghislan-mewoli-mbala-ii\/\" >\n\t\t\t\tSac. Aloys Ghislan MEWOLI MBALA II\t\t\t<\/a>\n\t\t<\/h3>\n\t\t\t\t<\/div>\n\t\t\t\t\t<\/div>\n\t\t<\/article>\n\t\t\t\t<\/div>\n\t\t\n\t\t\t\t\t\t<\/div>\n\t\t\t\t<\/div>\n\t\t\t\t<div class=\"elementor-element elementor-element-066bf5f elementor-widget-divider--view-line elementor-widget elementor-widget-divider\" data-id=\"066bf5f\" data-element_type=\"widget\" data-e-type=\"widget\" data-widget_type=\"divider.default\">\n\t\t\t\t<div class=\"elementor-widget-container\">\n\t\t\t\t\t\t\t<div class=\"elementor-divider\">\n\t\t\t<span class=\"elementor-divider-separator\">\n\t\t\t\t\t\t<\/span>\n\t\t<\/div>\n\t\t\t\t\t\t<\/div>\n\t\t\t\t<\/div>\n\t\t\t\t<div class=\"elementor-element elementor-element-33dd29b elementor-widget elementor-widget-text-editor\" data-id=\"33dd29b\" data-element_type=\"widget\" data-e-type=\"widget\" data-widget_type=\"text-editor.default\">\n\t\t\t\t<div class=\"elementor-widget-container\">\n\t\t\t\t\t\t\t\t\t<div class=\"et_pb_module et_pb_text et_pb_text_1  et_pb_text_align_left et_pb_bg_layout_light\"><div class=\"et_pb_text_inner\"><h2><strong>Codice di diritto canonico, cann. 1419 \u2013 1422<br \/><\/strong><\/h2><\/div><\/div><div class=\"et_pb_module et_pb_text et_pb_text_2  et_pb_text_align_left et_pb_bg_layout_light\"><div class=\"et_pb_text_inner\"><h5>In ciascuna diocesi e per tutte le cause non escluse espressamente dal diritto, giudice di prima istanza \u00e8 il Vescovo diocesano, che pu\u00f2 esercitare la potest\u00e0 giudiziaria personalmente o tramite altri, secondo i canoni che seguono.<\/h5><h5>Se poi si tratta di diritti o di beni temporali di una persona giuridica rappresentata dal Vescovo, giudica in primo grado il tribunale di appello.<\/h5><h5>Tutti i Vescovi diocesani sono tenuti a costituire un\u00a0<strong>Vicario giudiziale<\/strong>\u00a0o Officiale con potest\u00e0 ordinaria per giudicare, distinto dal Vicario generale a meno che l\u2019esiguit\u00e0 della diocesi o lo scarso numero di cause non suggerisca altrimenti.<\/h5><h5>Il Vicario giudiziale forma un unico tribunale con il Vescovo, ma non pu\u00f2 giudicare le cause che il Vescovo riserva a s\u00e9.<\/h5><h5>Al Vicario giudiziale possono essere dati degli aiutanti, detti Vicari giudiziali aggiunti o Vice-officiali.<\/h5><h5>Sia il Vicario giudiziale sia i Vicari giudiziali aggiunti devono essere sacerdoti, di integra fama, dottori o almeno licenziati in diritto canonico e che non abbiano meno di trent\u2019anni.<\/h5><h5>Essi non cessano dall\u2019incarico quando la sede si rende vacante, n\u00e9 possono essere rimossi dall\u2019Amministratore diocesano; venendo per\u00f2 il nuovo Vescovo devono essere riconfermati.<\/h5><h5>Nella diocesi il Vescovo costituisca giudici diocesani che siano chierici.<\/h5><h5>La Conferenza Episcopale pu\u00f2 permettere che anche fedeli laici siano costituiti giudici; di essi, se la necessit\u00e0 lo suggerisce, uno pu\u00f2 essere assunto a formare un collegio.<\/h5><h5>I giudici siano di integra fama e dottori in diritto canonico o almeno licenziati.<\/h5><h5>Il Vicario giudiziale, i Vicari giudiziali aggiunti e gli altri giudici sono nominati a tempo determinato, fermo restando il disposto del can. 1420, \u00a75, e non possono essere rimossi se non per causa legittima e grave.<\/h5><\/div><\/div>\t\t\t\t\t\t\t\t<\/div>\n\t\t\t\t<\/div>\n\t\t\t\t<\/div>\n\t\t\t\t\t<\/div>\n\t\t\t\t<\/div>\n\t\t\t\t<\/div>\n\t\t","protected":false},"excerpt":{"rendered":"<p>VICARIO GIUDIZIALE Codice di diritto canonico, cann. 1419 \u2013 1422 In ciascuna diocesi e per tutte le cause non escluse espressamente dal diritto, giudice di prima istanza \u00e8 il Vescovo<\/p>\n","protected":false},"author":1,"featured_media":0,"parent":0,"menu_order":0,"comment_status":"closed","ping_status":"closed","template":"elementor_header_footer","meta":{"ngg_post_thumbnail":0,"footnotes":""},"class_list":["post-10612","page","type-page","status-publish","hentry"],"_links":{"self":[{"href":"https:\/\/arcidiocesicampobasso.it\/index.php\/wp-json\/wp\/v2\/pages\/10612","targetHints":{"allow":["GET"]}}],"collection":[{"href":"https:\/\/arcidiocesicampobasso.it\/index.php\/wp-json\/wp\/v2\/pages"}],"about":[{"href":"https:\/\/arcidiocesicampobasso.it\/index.php\/wp-json\/wp\/v2\/types\/page"}],"author":[{"embeddable":true,"href":"https:\/\/arcidiocesicampobasso.it\/index.php\/wp-json\/wp\/v2\/users\/1"}],"replies":[{"embeddable":true,"href":"https:\/\/arcidiocesicampobasso.it\/index.php\/wp-json\/wp\/v2\/comments?post=10612"}],"version-history":[{"count":16,"href":"https:\/\/arcidiocesicampobasso.it\/index.php\/wp-json\/wp\/v2\/pages\/10612\/revisions"}],"predecessor-version":[{"id":12476,"href":"https:\/\/arcidiocesicampobasso.it\/index.php\/wp-json\/wp\/v2\/pages\/10612\/revisions\/12476"}],"wp:attachment":[{"href":"https:\/\/arcidiocesicampobasso.it\/index.php\/wp-json\/wp\/v2\/media?parent=10612"}],"curies":[{"name":"wp","href":"https:\/\/api.w.org\/{rel}","templated":true}]}}