{"id":10607,"date":"2024-11-14T15:19:22","date_gmt":"2024-11-14T14:19:22","guid":{"rendered":"https:\/\/arcidiocesicampobasso.it\/?page_id=10607"},"modified":"2024-11-29T16:27:23","modified_gmt":"2024-11-29T15:27:23","slug":"collegio-dei-consultori","status":"publish","type":"page","link":"https:\/\/arcidiocesicampobasso.it\/index.php\/collegio-dei-consultori\/","title":{"rendered":"COLLEGIO DEI CONSULTORI"},"content":{"rendered":"\t\t<div data-elementor-type=\"wp-page\" data-elementor-id=\"10607\" class=\"elementor elementor-10607\" data-elementor-post-type=\"page\">\n\t\t\t\t<div class=\"elementor-element elementor-element-29d5b18 e-flex e-con-boxed e-con e-parent\" data-id=\"29d5b18\" data-element_type=\"container\" data-e-type=\"container\" data-settings=\"{&quot;background_background&quot;:&quot;classic&quot;}\">\n\t\t\t\t\t<div class=\"e-con-inner\">\n\t\t<div class=\"elementor-element elementor-element-f651c2c e-con-full e-flex e-con e-child\" data-id=\"f651c2c\" data-element_type=\"container\" data-e-type=\"container\">\n\t\t\t\t<div class=\"elementor-element elementor-element-baa868c elementor-widget elementor-widget-heading\" data-id=\"baa868c\" data-element_type=\"widget\" data-e-type=\"widget\" data-widget_type=\"heading.default\">\n\t\t\t\t<div class=\"elementor-widget-container\">\n\t\t\t\t\t<h1 class=\"elementor-heading-title elementor-size-default\">COLLEGIO DEI CONSULTORI<\/h1>\t\t\t\t<\/div>\n\t\t\t\t<\/div>\n\t\t\t\t<\/div>\n\t\t<div class=\"elementor-element elementor-element-01c3a09 e-con-full e-flex e-con e-child\" data-id=\"01c3a09\" data-element_type=\"container\" data-e-type=\"container\">\n\t\t\t\t<\/div>\n\t\t\t\t\t<\/div>\n\t\t\t\t<\/div>\n\t\t<div class=\"elementor-element elementor-element-aec6402 e-flex e-con-boxed e-con e-parent\" data-id=\"aec6402\" data-element_type=\"container\" data-e-type=\"container\">\n\t\t\t\t\t<div class=\"e-con-inner\">\n\t\t<div class=\"elementor-element elementor-element-5588f81 e-con-full e-flex e-con e-child\" data-id=\"5588f81\" data-element_type=\"container\" data-e-type=\"container\">\n\t\t\t\t<div class=\"elementor-element elementor-element-02b244a elementor-widget elementor-widget-heading\" data-id=\"02b244a\" data-element_type=\"widget\" data-e-type=\"widget\" data-widget_type=\"heading.default\">\n\t\t\t\t<div class=\"elementor-widget-container\">\n\t\t\t\t\t<h2 class=\"elementor-heading-title elementor-size-default\"><a href=\"https:\/\/arcidiocesicampobasso.it\/index.php\/sac-antonio-arienzale\/\">Codice di diritto canonico, can. 502, \u00a7 1-2<\/a><\/h2>\t\t\t\t<\/div>\n\t\t\t\t<\/div>\n\t\t\t\t<div class=\"elementor-element elementor-element-066bf5f elementor-widget-divider--view-line elementor-widget elementor-widget-divider\" data-id=\"066bf5f\" data-element_type=\"widget\" data-e-type=\"widget\" data-widget_type=\"divider.default\">\n\t\t\t\t<div class=\"elementor-widget-container\">\n\t\t\t\t\t\t\t<div class=\"elementor-divider\">\n\t\t\t<span class=\"elementor-divider-separator\">\n\t\t\t\t\t\t<\/span>\n\t\t<\/div>\n\t\t\t\t\t\t<\/div>\n\t\t\t\t<\/div>\n\t\t\t\t<div class=\"elementor-element elementor-element-33dd29b elementor-widget elementor-widget-text-editor\" data-id=\"33dd29b\" data-element_type=\"widget\" data-e-type=\"widget\" data-widget_type=\"text-editor.default\">\n\t\t\t\t<div class=\"elementor-widget-container\">\n\t\t\t\t\t\t\t\t\t<h5>Tra i membri del consiglio presbiterale il Vescovo diocesano nomina liberamente alcuni sacerdoti, in numero non minore di sei e non maggiore di dodici, i quali costituiscono per un quinquennio il collegio dei consultori, con i compiti determinati dal diritto; tuttavia al termine del quinquennio esso continua ad esercitare le sue funzioni finch\u00e9 non viene costituito il nuovo collegio.<\/h5><h5>Il collegio dei consultori \u00e8 presieduto dal Vescovo diocesano; mentre poi la sede \u00e8 impedita o vacante, \u00e8 presieduto da colui che sostituisce interinalmente il Vescovo oppure, se costui non \u00e8 ancora stato costituito, dal sacerdote pi\u00f9 anziano di ordinazione nel collegio dei consultori.<\/h5>\t\t\t\t\t\t\t\t<\/div>\n\t\t\t\t<\/div>\n\t\t\t\t<div class=\"elementor-element elementor-element-f24afb8 elementor-widget elementor-widget-heading\" data-id=\"f24afb8\" data-element_type=\"widget\" data-e-type=\"widget\" data-widget_type=\"heading.default\">\n\t\t\t\t<div class=\"elementor-widget-container\">\n\t\t\t\t\t<h2 class=\"elementor-heading-title elementor-size-default\"><a href=\"https:\/\/arcidiocesicampobasso.it\/index.php\/sac-antonio-arienzale\/\">Elenco dei membri<\/a><\/h2>\t\t\t\t<\/div>\n\t\t\t\t<\/div>\n\t\t\t\t<div class=\"elementor-element elementor-element-fd7c033 elementor-widget-divider--view-line elementor-widget elementor-widget-divider\" data-id=\"fd7c033\" data-element_type=\"widget\" data-e-type=\"widget\" data-widget_type=\"divider.default\">\n\t\t\t\t<div class=\"elementor-widget-container\">\n\t\t\t\t\t\t\t<div class=\"elementor-divider\">\n\t\t\t<span class=\"elementor-divider-separator\">\n\t\t\t\t\t\t<\/span>\n\t\t<\/div>\n\t\t\t\t\t\t<\/div>\n\t\t\t\t<\/div>\n\t\t\t\t<div class=\"elementor-element elementor-element-32d6cbc elementor-grid-1 elementor-posts--thumbnail-none elementor-grid-tablet-2 elementor-grid-mobile-1 elementor-card-shadow-yes elementor-posts__hover-gradient elementor-widget elementor-widget-posts\" data-id=\"32d6cbc\" data-element_type=\"widget\" data-e-type=\"widget\" data-settings=\"{&quot;cards_columns&quot;:&quot;1&quot;,&quot;cards_columns_tablet&quot;:&quot;2&quot;,&quot;cards_columns_mobile&quot;:&quot;1&quot;,&quot;cards_row_gap&quot;:{&quot;unit&quot;:&quot;px&quot;,&quot;size&quot;:35,&quot;sizes&quot;:[]},&quot;cards_row_gap_tablet&quot;:{&quot;unit&quot;:&quot;px&quot;,&quot;size&quot;:&quot;&quot;,&quot;sizes&quot;:[]},&quot;cards_row_gap_mobile&quot;:{&quot;unit&quot;:&quot;px&quot;,&quot;size&quot;:&quot;&quot;,&quot;sizes&quot;:[]}}\" data-widget_type=\"posts.cards\">\n\t\t\t\t<div class=\"elementor-widget-container\">\n\t\t\t\t\t\t\t<div class=\"elementor-posts-container elementor-posts elementor-posts--skin-cards elementor-grid\" role=\"list\">\n\t\t\t\t<article class=\"elementor-post elementor-grid-item post-10685 post type-post status-publish format-standard hentry category-collegio-dei-consultori category-consiglio-per-gli-affari-economici category-consiglio-presbiteriale category-moderatore-di-curia category-persone category-presbiteri-diocesani category-ufficio-clero category-ufficio-diocesano-clero-e-diaconato-permanente\" role=\"listitem\">\n\t\t\t<div class=\"elementor-post__card\">\n\t\t\t\t<div class=\"elementor-post__text\">\n\t\t\t\t<h3 class=\"elementor-post__title\">\n\t\t\t<a href=\"https:\/\/arcidiocesicampobasso.it\/index.php\/2024\/11\/15\/sac-rossi-mario\/\" >\n\t\t\t\tSac. Antonio ARIENZALE\t\t\t<\/a>\n\t\t<\/h3>\n\t\t\t\t<\/div>\n\t\t\t\t\t<\/div>\n\t\t<\/article>\n\t\t\t\t<article class=\"elementor-post elementor-grid-item post-11179 post type-post status-publish format-standard hentry category-collegio-dei-consultori category-consiglio-episcopale category-consiglio-presbiteriale category-persone\" role=\"listitem\">\n\t\t\t<div class=\"elementor-post__card\">\n\t\t\t\t<div class=\"elementor-post__text\">\n\t\t\t\t<h3 class=\"elementor-post__title\">\n\t\t\t<a href=\"https:\/\/arcidiocesicampobasso.it\/index.php\/2024\/11\/25\/sac-fabio-di-tommaso\/\" >\n\t\t\t\tSac. Fabio DI TOMMASO\t\t\t<\/a>\n\t\t<\/h3>\n\t\t\t\t<\/div>\n\t\t\t\t\t<\/div>\n\t\t<\/article>\n\t\t\t\t<article class=\"elementor-post elementor-grid-item post-11191 post type-post status-publish format-standard hentry category-collegio-dei-consultori category-consiglio-episcopale category-consiglio-presbiteriale category-persone\" role=\"listitem\">\n\t\t\t<div class=\"elementor-post__card\">\n\t\t\t\t<div class=\"elementor-post__text\">\n\t\t\t\t<h3 class=\"elementor-post__title\">\n\t\t\t<a href=\"https:\/\/arcidiocesicampobasso.it\/index.php\/2024\/11\/25\/sac-rocco-di-filippo\/\" >\n\t\t\t\tSac. Rocco DI FILIPPO\t\t\t<\/a>\n\t\t<\/h3>\n\t\t\t\t<\/div>\n\t\t\t\t\t<\/div>\n\t\t<\/article>\n\t\t\t\t<article class=\"elementor-post elementor-grid-item post-11208 post type-post status-publish format-standard hentry category-capitolo-cattedrale category-collegio-dei-consultori category-consiglio-episcopale category-consiglio-presbiteriale category-persone category-tutela-dei-minori category-ufficio-diocesano-ministeri-laicali-istituiti\" role=\"listitem\">\n\t\t\t<div class=\"elementor-post__card\">\n\t\t\t\t<div class=\"elementor-post__text\">\n\t\t\t\t<h3 class=\"elementor-post__title\">\n\t\t\t<a href=\"https:\/\/arcidiocesicampobasso.it\/index.php\/2024\/11\/25\/canonico-michele-tartaglia\/\" >\n\t\t\t\tCanonico Michele TARTAGLIA\t\t\t<\/a>\n\t\t<\/h3>\n\t\t\t\t<\/div>\n\t\t\t\t\t<\/div>\n\t\t<\/article>\n\t\t\t\t<article class=\"elementor-post elementor-grid-item post-11224 post type-post status-publish format-standard hentry category-collegio-dei-consultori category-consiglio-presbiteriale category-persone category-ufficio-diocesano-confraternite\" role=\"listitem\">\n\t\t\t<div class=\"elementor-post__card\">\n\t\t\t\t<div class=\"elementor-post__text\">\n\t\t\t\t<h3 class=\"elementor-post__title\">\n\t\t\t<a href=\"https:\/\/arcidiocesicampobasso.it\/index.php\/2024\/11\/25\/sac-peppino-cardegna\/\" >\n\t\t\t\tSac. Peppino CARDEGNA\t\t\t<\/a>\n\t\t<\/h3>\n\t\t\t\t<\/div>\n\t\t\t\t\t<\/div>\n\t\t<\/article>\n\t\t\t\t<article class=\"elementor-post elementor-grid-item post-11229 post type-post status-publish format-standard hentry category-archivio-storico category-collegio-dei-consultori category-consiglio-per-gli-affari-economici category-consiglio-presbiteriale category-persone category-ufficio-diocesano-pastorale-della-cultura category-ufficio-liturgico-diocesano-musica-sacra-arte-sacra category-vice-cancelliere\" role=\"listitem\">\n\t\t\t<div class=\"elementor-post__card\">\n\t\t\t\t<div class=\"elementor-post__text\">\n\t\t\t\t<h3 class=\"elementor-post__title\">\n\t\t\t<a href=\"https:\/\/arcidiocesicampobasso.it\/index.php\/2024\/11\/25\/sac-marco-filadelfi\/\" >\n\t\t\t\tSac. Marco FILADELFI\t\t\t<\/a>\n\t\t<\/h3>\n\t\t\t\t<\/div>\n\t\t\t\t\t<\/div>\n\t\t<\/article>\n\t\t\t\t<article class=\"elementor-post elementor-grid-item post-11234 post type-post status-publish format-standard hentry category-collegio-dei-consultori category-consiglio-presbiteriale category-persone category-vicario-foraneo\" role=\"listitem\">\n\t\t\t<div class=\"elementor-post__card\">\n\t\t\t\t<div class=\"elementor-post__text\">\n\t\t\t\t<h3 class=\"elementor-post__title\">\n\t\t\t<a href=\"https:\/\/arcidiocesicampobasso.it\/index.php\/2024\/11\/25\/sac-giovanni-fortunato-di-vito\/\" >\n\t\t\t\tSac. Giovanni Fortunato DI VITO\t\t\t<\/a>\n\t\t<\/h3>\n\t\t\t\t<\/div>\n\t\t\t\t\t<\/div>\n\t\t<\/article>\n\t\t\t\t<article class=\"elementor-post elementor-grid-item post-11239 post type-post status-publish format-standard hentry category-collegio-dei-consultori category-consiglio-presbiteriale category-persone category-ufficio-diocesano-ministeri-laicali-istituiti category-ufficio-liturgico-diocesano-musica-sacra-arte-sacra category-vicario-foraneo\" role=\"listitem\">\n\t\t\t<div class=\"elementor-post__card\">\n\t\t\t\t<div class=\"elementor-post__text\">\n\t\t\t\t<h3 class=\"elementor-post__title\">\n\t\t\t<a href=\"https:\/\/arcidiocesicampobasso.it\/index.php\/2024\/11\/25\/sac-moreno-ientilucci\/\" >\n\t\t\t\tSac. Moreno IENTILUCCI\t\t\t<\/a>\n\t\t<\/h3>\n\t\t\t\t<\/div>\n\t\t\t\t\t<\/div>\n\t\t<\/article>\n\t\t\t\t<article class=\"elementor-post elementor-grid-item post-11244 post type-post status-publish format-standard hentry category-collegio-dei-consultori category-consiglio-presbiteriale category-persone category-ufficio-pastorale-rurale category-vicario-foraneo category-vicario-giudiziale\" role=\"listitem\">\n\t\t\t<div class=\"elementor-post__card\">\n\t\t\t\t<div class=\"elementor-post__text\">\n\t\t\t\t<h3 class=\"elementor-post__title\">\n\t\t\t<a href=\"https:\/\/arcidiocesicampobasso.it\/index.php\/2024\/11\/25\/sac-aloys-ghislan-mewoli-mbala-ii\/\" >\n\t\t\t\tSac. Aloys Ghislan MEWOLI MBALA II\t\t\t<\/a>\n\t\t<\/h3>\n\t\t\t\t<\/div>\n\t\t\t\t\t<\/div>\n\t\t<\/article>\n\t\t\t\t<\/div>\n\t\t\n\t\t\t\t\t\t<\/div>\n\t\t\t\t<\/div>\n\t\t\t\t<\/div>\n\t\t\t\t\t<\/div>\n\t\t\t\t<\/div>\n\t\t\t\t<\/div>\n\t\t","protected":false},"excerpt":{"rendered":"<p>COLLEGIO DEI CONSULTORI Codice di diritto canonico, can. 502, \u00a7 1-2 Tra i membri del consiglio presbiterale il Vescovo diocesano nomina liberamente alcuni sacerdoti, in numero non minore di sei<\/p>\n","protected":false},"author":1,"featured_media":0,"parent":0,"menu_order":0,"comment_status":"closed","ping_status":"closed","template":"elementor_header_footer","meta":{"ngg_post_thumbnail":0,"footnotes":""},"class_list":["post-10607","page","type-page","status-publish","hentry"],"_links":{"self":[{"href":"https:\/\/arcidiocesicampobasso.it\/index.php\/wp-json\/wp\/v2\/pages\/10607","targetHints":{"allow":["GET"]}}],"collection":[{"href":"https:\/\/arcidiocesicampobasso.it\/index.php\/wp-json\/wp\/v2\/pages"}],"about":[{"href":"https:\/\/arcidiocesicampobasso.it\/index.php\/wp-json\/wp\/v2\/types\/page"}],"author":[{"embeddable":true,"href":"https:\/\/arcidiocesicampobasso.it\/index.php\/wp-json\/wp\/v2\/users\/1"}],"replies":[{"embeddable":true,"href":"https:\/\/arcidiocesicampobasso.it\/index.php\/wp-json\/wp\/v2\/comments?post=10607"}],"version-history":[{"count":10,"href":"https:\/\/arcidiocesicampobasso.it\/index.php\/wp-json\/wp\/v2\/pages\/10607\/revisions"}],"predecessor-version":[{"id":14139,"href":"https:\/\/arcidiocesicampobasso.it\/index.php\/wp-json\/wp\/v2\/pages\/10607\/revisions\/14139"}],"wp:attachment":[{"href":"https:\/\/arcidiocesicampobasso.it\/index.php\/wp-json\/wp\/v2\/media?parent=10607"}],"curies":[{"name":"wp","href":"https:\/\/api.w.org\/{rel}","templated":true}]}}