{"id":10584,"date":"2024-11-14T12:33:00","date_gmt":"2024-11-14T11:33:00","guid":{"rendered":"https:\/\/arcidiocesicampobasso.it\/?page_id=10584"},"modified":"2025-01-08T15:31:13","modified_gmt":"2025-01-08T14:31:13","slug":"vicario-generale-2","status":"publish","type":"page","link":"https:\/\/arcidiocesicampobasso.it\/index.php\/vicario-generale-2\/","title":{"rendered":"VICARIO GENERALE"},"content":{"rendered":"\t\t<div data-elementor-type=\"wp-page\" data-elementor-id=\"10584\" class=\"elementor elementor-10584\" data-elementor-post-type=\"page\">\n\t\t\t\t<div class=\"elementor-element elementor-element-29d5b18 e-flex e-con-boxed e-con e-parent\" data-id=\"29d5b18\" data-element_type=\"container\" data-e-type=\"container\" data-settings=\"{&quot;background_background&quot;:&quot;classic&quot;}\">\n\t\t\t\t\t<div class=\"e-con-inner\">\n\t\t<div class=\"elementor-element elementor-element-f651c2c e-con-full e-flex e-con e-child\" data-id=\"f651c2c\" data-element_type=\"container\" data-e-type=\"container\">\n\t\t\t\t<div class=\"elementor-element elementor-element-baa868c elementor-widget elementor-widget-heading\" data-id=\"baa868c\" data-element_type=\"widget\" data-e-type=\"widget\" data-widget_type=\"heading.default\">\n\t\t\t\t<div class=\"elementor-widget-container\">\n\t\t\t\t\t<h1 class=\"elementor-heading-title elementor-size-default\">VICARIO GENERALE<\/h1>\t\t\t\t<\/div>\n\t\t\t\t<\/div>\n\t\t\t\t<\/div>\n\t\t<div class=\"elementor-element elementor-element-01c3a09 e-con-full e-flex e-con e-child\" data-id=\"01c3a09\" data-element_type=\"container\" data-e-type=\"container\">\n\t\t\t\t<\/div>\n\t\t\t\t\t<\/div>\n\t\t\t\t<\/div>\n\t\t<div class=\"elementor-element elementor-element-aec6402 e-flex e-con-boxed e-con e-parent\" data-id=\"aec6402\" data-element_type=\"container\" data-e-type=\"container\">\n\t\t\t\t\t<div class=\"e-con-inner\">\n\t\t<div class=\"elementor-element elementor-element-5588f81 e-con-full e-flex e-con e-child\" data-id=\"5588f81\" data-element_type=\"container\" data-e-type=\"container\">\n\t\t\t\t<div class=\"elementor-element elementor-element-02b244a elementor-widget elementor-widget-heading\" data-id=\"02b244a\" data-element_type=\"widget\" data-e-type=\"widget\" data-widget_type=\"heading.default\">\n\t\t\t\t<div class=\"elementor-widget-container\">\n\t\t\t\t\t<h2 class=\"elementor-heading-title elementor-size-default\"><a href=\"https:\/\/arcidiocesicampobasso.it\/index.php\/sac-antonio-arienzale\/\">Sac. Antonio ARIENZALE<\/a><\/h2>\t\t\t\t<\/div>\n\t\t\t\t<\/div>\n\t\t\t\t<div class=\"elementor-element elementor-element-066bf5f elementor-widget-divider--view-line elementor-widget elementor-widget-divider\" data-id=\"066bf5f\" data-element_type=\"widget\" data-e-type=\"widget\" data-widget_type=\"divider.default\">\n\t\t\t\t<div class=\"elementor-widget-container\">\n\t\t\t\t\t\t\t<div class=\"elementor-divider\">\n\t\t\t<span class=\"elementor-divider-separator\">\n\t\t\t\t\t\t<\/span>\n\t\t<\/div>\n\t\t\t\t\t\t<\/div>\n\t\t\t\t<\/div>\n\t\t\t\t<div class=\"elementor-element elementor-element-33dd29b elementor-widget elementor-widget-text-editor\" data-id=\"33dd29b\" data-element_type=\"widget\" data-e-type=\"widget\" data-widget_type=\"text-editor.default\">\n\t\t\t\t<div class=\"elementor-widget-container\">\n\t\t\t\t\t\t\t\t\t<h2><strong>Codice di diritto canonico, cann. 475-481<\/strong><\/h2><h5>In ogni diocesi il\u00a0<strong>Vescovo diocesano<\/strong>\u00a0deve costituire il\u00a0<strong>Vicario generale<\/strong>\u00a0affinch\u00e9, con la potest\u00e0 ordinaria di cui \u00e8 munito a norma dei canoni seguenti,\u00a0<strong>presti il suo aiuto al Vescovo stesso nel governo di tutta la diocesi<\/strong>.<\/h5><h5>Come regola generale, venga costituito\u00a0<strong>un solo Vicario generale<\/strong>, a meno che l\u2019ampiezza della diocesi o il numero degli abitanti oppure altre ragioni pastorali non suggeriscano diversamente.<\/h5><h5>Ogni qualvolta lo richieda il buon governo della diocesi,\u00a0<strong>possono essere costituiti dal Vescovo diocesano anche uno o pi\u00f9 Vicari episcopali<\/strong>; essi hanno la stessa potest\u00e0 ordinaria che, per diritto universale, a norma dei canoni seguenti, spetta al Vicario generale, o per una parte determinata della diocesi, o per un genere determinato di affari, o in rapporto ai fedeli di un determinato rito o di un ceto determinato di persone.<\/h5><h5>Il\u00a0<strong>Vicario generale<\/strong>\u00a0e il\u00a0<strong>Vicario episcopale<\/strong>\u00a0vengono\u00a0<strong>nominati liberamente dal Vescovo diocesano<\/strong>\u00a0e da lui possono essere liberamente rimossi, fermo restando il disposto del\u00a0<strong><a href=\"http:\/\/www.vatican.va\/archive\/cod-iuris-canonici\/ita\/documents\/cic_libroII_403-411_it.html#Can._406\">can. 406<\/a><\/strong>; il Vicario episcopale che non sia Vescovo ausiliare sia nominato per un tempo da determinarsi nell\u2019atto di costituzione.<\/h5><h5>Quando il Vicario generale \u00e8\u00a0<strong>assente<\/strong>\u00a0o\u00a0<strong>legittimamente impedito<\/strong>, il\u00a0<strong>Vescovo diocesano pu\u00f2 nominarne un altro che lo supplisca<\/strong>; la stessa norma si applica per il Vicario episcopale.<\/h5><h5>Il Vicario generale ed episcopale\u00a0<strong>siano sacerdoti di et\u00e0 non inferiore a trent\u2019anni, dottori o licenziati in diritto canonico o teologia<\/strong>\u00a0oppure almeno veramente esperti in tali discipline,\u00a0<strong>degni di fiducia per sana dottrina, rettitudine, saggezza ed esperienza nel trattare gli affari<\/strong>.<\/h5><h5>L\u2019<strong>ufficio di Vicario generale ed episcopale non \u00e8 compatibile con l\u2019ufficio di canonico penitenziere<\/strong>; inoltre non si pu\u00f2 affidare tale ufficio a consanguinei del Vescovo fino al quarto grado.<\/h5><h5>Al\u00a0<strong>Vicario generale compete<\/strong>, in forza dell\u2019ufficio, l<strong>a stessa potest\u00e0 esecutiva su tutta la diocesi<\/strong>\u00a0che, in forza del diritto, spetta al Vescovo diocesano, la potest\u00e0 cio\u00e8 di porre tutti gli atti amministrativi,\u00a0<strong>ad eccezione di quelli che il Vescovo si \u00e8 riservato<\/strong>\u00a0oppure che richiedono, a norma del diritto, un mandato speciale del Vescovo.<\/h5><h5>Al\u00a0<strong>Vicario episcopale compete<\/strong>, per il diritto stesso,<strong>\u00a0la medesima potest\u00e0 di cui nel \u00a71 del can. 479<\/strong>, per\u00f2 circoscritta a quella determinata parte del territorio o a quel genere di affari o a quei fedeli di un rito determinato o di un gruppo soltanto, per i quali \u00e8 stato costituito, fatta eccezione per quelle cause che il Vescovo ha riservato a s\u00e9 o al Vicario generale, oppure che, a norma del diritto, richiedono un mandato speciale del Vescovo.<\/h5><h5>Spettano\u00a0<strong>al Vicario generale e al Vicario episcopale<\/strong>, nell\u2019ambito della propria competenza, anche\u00a0<strong>le facolt\u00e0 abituali concesse al Vescovo dalla Sede Apostolica<\/strong>, come pure l\u2019esecuzione dei rescritti, a meno che espressamente non sia stato disposto in modo diverso o a meno che non sia stata scelta l\u2019abilit\u00e0 specifica della persona del Vescovo diocesano.<\/h5><h5><strong>Il Vicario generale e il Vicario episcopale devono riferire al Vescovo diocesano sulle principali attivit\u00e0 programmate e attuate<\/strong>\u00a0e inoltre non agiscano mai contro la sua volont\u00e0 e il suo intendimento.<\/h5><h5><strong>La potest\u00e0 del Vicario generale e del Vicario episcopale cessa allo scadere del mandato<\/strong>, con la rinuncia e, salvi restando i\u00a0<a href=\"http:\/\/www.vatican.va\/archive\/cod-iuris-canonici\/ita\/documents\/cic_libroII_403-411_it.html#Can._406\">cann. 406<\/a>\u00a0e\u00a0<a href=\"http:\/\/www.vatican.va\/archive\/cod-iuris-canonici\/ita\/documents\/cic_libroII_403-411_it.html#Can._409\">409<\/a>, con la rimozione intimata loro dal Vescovo diocesano e inoltre quando la sede episcopale diviene vacante.<\/h5><h5>Mentre \u00e8 sospeso l\u2019ufficio del Vescovo diocesano, \u00e8 sospesa anche la potest\u00e0 del Vicario generale e del Vicario episcopale, a meno che non siano insigniti della dignit\u00e0 episcopale.<\/h5>\t\t\t\t\t\t\t\t<\/div>\n\t\t\t\t<\/div>\n\t\t\t\t<\/div>\n\t\t\t\t\t<\/div>\n\t\t\t\t<\/div>\n\t\t\t\t<\/div>\n\t\t","protected":false},"excerpt":{"rendered":"<p>VICARIO GENERALE Sac. Antonio ARIENZALE Codice di diritto canonico, cann. 475-481 In ogni diocesi il\u00a0Vescovo diocesano\u00a0deve costituire il\u00a0Vicario generale\u00a0affinch\u00e9, con la potest\u00e0 ordinaria di cui \u00e8 munito a norma dei [&hellip;]<\/p>\n","protected":false},"author":1,"featured_media":0,"parent":0,"menu_order":0,"comment_status":"closed","ping_status":"closed","template":"elementor_header_footer","meta":{"ngg_post_thumbnail":0,"footnotes":""},"class_list":["post-10584","page","type-page","status-publish","hentry"],"_links":{"self":[{"href":"https:\/\/arcidiocesicampobasso.it\/index.php\/wp-json\/wp\/v2\/pages\/10584","targetHints":{"allow":["GET"]}}],"collection":[{"href":"https:\/\/arcidiocesicampobasso.it\/index.php\/wp-json\/wp\/v2\/pages"}],"about":[{"href":"https:\/\/arcidiocesicampobasso.it\/index.php\/wp-json\/wp\/v2\/types\/page"}],"author":[{"embeddable":true,"href":"https:\/\/arcidiocesicampobasso.it\/index.php\/wp-json\/wp\/v2\/users\/1"}],"replies":[{"embeddable":true,"href":"https:\/\/arcidiocesicampobasso.it\/index.php\/wp-json\/wp\/v2\/comments?post=10584"}],"version-history":[{"count":13,"href":"https:\/\/arcidiocesicampobasso.it\/index.php\/wp-json\/wp\/v2\/pages\/10584\/revisions"}],"predecessor-version":[{"id":14720,"href":"https:\/\/arcidiocesicampobasso.it\/index.php\/wp-json\/wp\/v2\/pages\/10584\/revisions\/14720"}],"wp:attachment":[{"href":"https:\/\/arcidiocesicampobasso.it\/index.php\/wp-json\/wp\/v2\/media?parent=10584"}],"curies":[{"name":"wp","href":"https:\/\/api.w.org\/{rel}","templated":true}]}}